{"id":9004111222946075,"date":"2024-02-09T19:04:55","date_gmt":"2024-02-10T00:04:55","guid":{"rendered":"https:\/\/www.opex.com\/legal\/suppliers\/"},"modified":"2026-03-31T16:00:27","modified_gmt":"2026-03-31T20:00:27","slug":"suppliers","status":"publish","type":"page","link":"https:\/\/www.opex.com\/fr\/legal\/suppliers\/","title":{"rendered":"Fournisseurs"},"content":{"rendered":"\t\t<div data-elementor-type=\"wp-page\" data-elementor-id=\"9004111222946075\" class=\"elementor elementor-9004111222946075 elementor-656\" data-elementor-post-type=\"page\">\n\t\t\t\t<div class=\"elementor-element elementor-element-3ce978fa e-con-full e-flex e-con e-parent\" data-id=\"3ce978fa\" data-element_type=\"container\" data-e-type=\"container\" data-settings=\"{&quot;background_background&quot;:&quot;classic&quot;}\">\n\t\t<div class=\"elementor-element elementor-element-4638b418 e-con-full e-flex e-con e-child\" data-id=\"4638b418\" data-element_type=\"container\" data-e-type=\"container\" data-settings=\"{&quot;background_background&quot;:&quot;classic&quot;}\">\n\t\t<div class=\"elementor-element elementor-element-6fdae685 e-flex e-con-boxed e-con e-child\" data-id=\"6fdae685\" data-element_type=\"container\" data-e-type=\"container\">\n\t\t\t\t\t<div class=\"e-con-inner\">\n\t\t<div class=\"elementor-element elementor-element-3000f36e e-flex e-con-boxed e-con e-child\" data-id=\"3000f36e\" data-element_type=\"container\" data-e-type=\"container\">\n\t\t\t\t\t<div class=\"e-con-inner\">\n\t\t<div class=\"elementor-element elementor-element-7d031ff5 e-con-full e-flex e-con e-child\" data-id=\"7d031ff5\" data-element_type=\"container\" data-e-type=\"container\">\n\t\t\t\t<div class=\"elementor-element elementor-element-2d6f7d34 elementor-widget elementor-widget-heading\" data-id=\"2d6f7d34\" data-element_type=\"widget\" data-e-type=\"widget\" data-widget_type=\"heading.default\">\n\t\t\t\t<div class=\"elementor-widget-container\">\n\t\t\t\t\t<h1 class=\"elementor-heading-title elementor-size-default\">Fournisseurs<\/h1>\t\t\t\t<\/div>\n\t\t\t\t<\/div>\n\t\t\t\t<\/div>\n\t\t<div class=\"elementor-element elementor-element-3f29a50a e-con-full elementor-hidden-mobile e-flex e-con e-child\" data-id=\"3f29a50a\" data-element_type=\"container\" data-e-type=\"container\">\n\t\t\t\t<\/div>\n\t\t\t\t\t<\/div>\n\t\t\t\t<\/div>\n\t\t<div class=\"elementor-element elementor-element-65c1f760 e-con-full e-flex e-con e-child\" data-id=\"65c1f760\" data-element_type=\"container\" data-e-type=\"container\">\n\t\t<div class=\"elementor-element elementor-element-1ba6e4ee e-con-full e-flex e-con e-child\" data-id=\"1ba6e4ee\" data-element_type=\"container\" data-e-type=\"container\">\n\t\t\t\t<div class=\"elementor-element elementor-element-792f7510 elementor-widget elementor-widget-text-editor\" data-id=\"792f7510\" data-element_type=\"widget\" data-e-type=\"widget\" data-widget_type=\"text-editor.default\">\n\t\t\t\t<div class=\"elementor-widget-container\">\n\t\t\t\t\t\t\t\t\t<p>Conditions des bons de commande OPEX<sup>\u00ae<\/sup> pour les fournisseurs<\/p><p><a href=\"https:\/\/www.opex.com\/wp-content\/uploads\/2026\/03\/opex-purchase-order-terms-for-suppliers-en-us.pdf\" target=\"_blank\" rel=\"attachment noopener wp-att-4508\">Version : 07 mars 2024<\/a><\/p><p>Code de conduite et d&rsquo;\u00e9thique des fournisseurs OPEX<sup>\u00ae<\/sup><\/p><p><a href=\"https:\/\/www.opex.com\/wp-content\/uploads\/2026\/03\/opex-supplier-code-of-conduct-and-ethics-en-us.pdf\" target=\"_blank\" rel=\"attachment noopener wp-att-4513\">Version : 1er janvier 2022<\/a><\/p>\t\t\t\t\t\t\t\t<\/div>\n\t\t\t\t<\/div>\n\t\t\t\t<\/div>\n\t\t<div class=\"elementor-element elementor-element-78589f45 e-con-full elementor-hidden-mobile e-flex e-con e-child\" data-id=\"78589f45\" data-element_type=\"container\" data-e-type=\"container\">\n\t\t\t\t<\/div>\n\t\t\t\t<\/div>\n\t\t\t\t\t<\/div>\n\t\t\t\t<\/div>\n\t\t\t\t<\/div>\n\t\t\t\t<\/div>\n\t\t\t\t<\/div>\n\t\t","protected":false},"excerpt":{"rendered":"<p>Fournisseurs Conditions des bons de commande OPEX\u00ae pour les fournisseurs Version : 07 mars 2024 Code de conduite et d&rsquo;\u00e9thique des fournisseurs OPEX\u00ae Version : 1er janvier 2022<\/p>\n","protected":false},"author":6,"featured_media":0,"parent":9004111222925418,"menu_order":0,"comment_status":"closed","ping_status":"closed","template":"","meta":{"_acf_changed":false,"content-type":"","footnotes":""},"class_list":["post-9004111222946075","page","type-page","status-publish","hentry"],"acf":[],"yoast_head":"<!-- This site is optimized with the Yoast SEO Premium plugin v26.5 (Yoast SEO v27.2) - https:\/\/yoast.com\/product\/yoast-seo-premium-wordpress\/ -->\n<title>Consultez les conditions g\u00e9n\u00e9rales des fournisseurs ici - OPEX<\/title>\n<meta name=\"description\" content=\"Acc\u00e9dez aux conditions g\u00e9n\u00e9rales des fournisseurs d&#039;OPEX. Conditions des bons de commande pour les fournisseurs. Code de conduite et d&#039;\u00e9thique des fournisseurs. Chaque r\u00e9sultat est dat\u00e9. Lire la suite.\" \/>\n<meta name=\"robots\" content=\"index, follow, max-snippet:-1, max-image-preview:large, max-video-preview:-1\" \/>\n<link rel=\"canonical\" href=\"https:\/\/www.opex.com\/fr\/legal\/suppliers\/\" \/>\n<meta property=\"og:locale\" content=\"fr_FR\" \/>\n<meta property=\"og:type\" content=\"article\" \/>\n<meta property=\"og:title\" content=\"Fournisseurs\" \/>\n<meta property=\"og:description\" content=\"Acc\u00e9dez aux conditions g\u00e9n\u00e9rales des fournisseurs d&#039;OPEX. Conditions des bons de commande pour les fournisseurs. Code de conduite et d&#039;\u00e9thique des fournisseurs. Chaque r\u00e9sultat est dat\u00e9. Lire la suite.\" \/>\n<meta property=\"og:url\" content=\"https:\/\/www.opex.com\/fr\/legal\/suppliers\/\" \/>\n<meta property=\"og:site_name\" content=\"OPEX\" \/>\n<meta property=\"article:publisher\" content=\"https:\/\/www.facebook.com\/OPEXCorp\/\" \/>\n<meta property=\"article:modified_time\" content=\"2026-03-31T20:00:27+00:00\" \/>\n<meta name=\"twitter:card\" content=\"summary_large_image\" \/>\n<meta name=\"twitter:site\" content=\"@OPEXcorporation\" \/>\n<script type=\"application\/ld+json\" class=\"yoast-schema-graph\">{\"@context\":\"https:\/\/schema.org\",\"@graph\":[{\"@type\":\"WebPage\",\"@id\":\"https:\/\/www.opex.com\/fr\/legal\/suppliers\/\",\"url\":\"https:\/\/www.opex.com\/fr\/legal\/suppliers\/\",\"name\":\"Consultez les conditions g\u00e9n\u00e9rales des fournisseurs ici - OPEX\",\"isPartOf\":{\"@id\":\"https:\/\/www.opex.com\/fr\/#website\"},\"datePublished\":\"2024-02-10T00:04:55+00:00\",\"dateModified\":\"2026-03-31T20:00:27+00:00\",\"description\":\"Acc\u00e9dez aux conditions g\u00e9n\u00e9rales des fournisseurs d'OPEX. Conditions des bons de commande pour les fournisseurs. Code de conduite et d'\u00e9thique des fournisseurs. Chaque r\u00e9sultat est dat\u00e9. Lire la suite.\",\"breadcrumb\":{\"@id\":\"https:\/\/www.opex.com\/fr\/legal\/suppliers\/#breadcrumb\"},\"inLanguage\":\"fr-FR\",\"potentialAction\":[{\"@type\":\"ReadAction\",\"target\":[\"https:\/\/www.opex.com\/fr\/legal\/suppliers\/\"]}]},{\"@type\":\"BreadcrumbList\",\"@id\":\"https:\/\/www.opex.com\/fr\/legal\/suppliers\/#breadcrumb\",\"itemListElement\":[{\"@type\":\"ListItem\",\"position\":1,\"name\":\"Home\",\"item\":\"https:\/\/www.opex.com\/fr\/\"},{\"@type\":\"ListItem\",\"position\":2,\"name\":\"Mentions l\u00e9gales\",\"item\":\"https:\/\/www.opex.com\/fr\/legal\/\"},{\"@type\":\"ListItem\",\"position\":3,\"name\":\"Fournisseurs\"}]},{\"@type\":\"WebSite\",\"@id\":\"https:\/\/www.opex.com\/fr\/#website\",\"url\":\"https:\/\/www.opex.com\/fr\/\",\"name\":\"OPEX\",\"description\":\"Next Generation Automation\",\"publisher\":{\"@id\":\"https:\/\/www.opex.com\/fr\/#organization\"},\"potentialAction\":[{\"@type\":\"SearchAction\",\"target\":{\"@type\":\"EntryPoint\",\"urlTemplate\":\"https:\/\/www.opex.com\/fr\/?s={search_term_string}\"},\"query-input\":{\"@type\":\"PropertyValueSpecification\",\"valueRequired\":true,\"valueName\":\"search_term_string\"}}],\"inLanguage\":\"fr-FR\"},{\"@type\":\"Organization\",\"@id\":\"https:\/\/www.opex.com\/fr\/#organization\",\"name\":\"OPEX Corporation\",\"alternateName\":\"OPEX Corporation\",\"url\":\"https:\/\/www.opex.com\/fr\/\",\"logo\":{\"@type\":\"ImageObject\",\"inLanguage\":\"fr-FR\",\"@id\":\"https:\/\/www.opex.com\/fr\/#\/schema\/logo\/image\/\",\"url\":\"https:\/\/www.opex.com\/wp-content\/uploads\/2024\/01\/logo-opex-blue.svg\",\"contentUrl\":\"https:\/\/www.opex.com\/wp-content\/uploads\/2024\/01\/logo-opex-blue.svg\",\"caption\":\"OPEX Corporation\"},\"image\":{\"@id\":\"https:\/\/www.opex.com\/fr\/#\/schema\/logo\/image\/\"},\"sameAs\":[\"https:\/\/www.facebook.com\/OPEXCorp\/\",\"https:\/\/x.com\/OPEXcorporation\",\"https:\/\/www.linkedin.com\/company\/opex-corporation\/\",\"https:\/\/www.instagram.com\/opexcorporation\/\"],\"email\":\"info@opex.com\",\"telephone\":\"+1-856-727-1100\",\"legalName\":\"OPEX Corporation\",\"numberOfEmployees\":{\"@type\":\"QuantitativeValue\",\"minValue\":\"1001\",\"maxValue\":\"5000\"}}]}<\/script>\n<!-- \/ Yoast SEO Premium plugin. -->","yoast_head_json":{"title":"Consultez les conditions g\u00e9n\u00e9rales des fournisseurs ici - OPEX","description":"Acc\u00e9dez aux conditions g\u00e9n\u00e9rales des fournisseurs d'OPEX. Conditions des bons de commande pour les fournisseurs. Code de conduite et d'\u00e9thique des fournisseurs. Chaque r\u00e9sultat est dat\u00e9. Lire la suite.","robots":{"index":"index","follow":"follow","max-snippet":"max-snippet:-1","max-image-preview":"max-image-preview:large","max-video-preview":"max-video-preview:-1"},"canonical":"https:\/\/www.opex.com\/fr\/legal\/suppliers\/","og_locale":"fr_FR","og_type":"article","og_title":"Fournisseurs","og_description":"Acc\u00e9dez aux conditions g\u00e9n\u00e9rales des fournisseurs d'OPEX. Conditions des bons de commande pour les fournisseurs. Code de conduite et d'\u00e9thique des fournisseurs. Chaque r\u00e9sultat est dat\u00e9. Lire la suite.","og_url":"https:\/\/www.opex.com\/fr\/legal\/suppliers\/","og_site_name":"OPEX","article_publisher":"https:\/\/www.facebook.com\/OPEXCorp\/","article_modified_time":"2026-03-31T20:00:27+00:00","twitter_card":"summary_large_image","twitter_site":"@OPEXcorporation","schema":{"@context":"https:\/\/schema.org","@graph":[{"@type":"WebPage","@id":"https:\/\/www.opex.com\/fr\/legal\/suppliers\/","url":"https:\/\/www.opex.com\/fr\/legal\/suppliers\/","name":"Consultez les conditions g\u00e9n\u00e9rales des fournisseurs ici - OPEX","isPartOf":{"@id":"https:\/\/www.opex.com\/fr\/#website"},"datePublished":"2024-02-10T00:04:55+00:00","dateModified":"2026-03-31T20:00:27+00:00","description":"Acc\u00e9dez aux conditions g\u00e9n\u00e9rales des fournisseurs d'OPEX. Conditions des bons de commande pour les fournisseurs. Code de conduite et d'\u00e9thique des fournisseurs. Chaque r\u00e9sultat est dat\u00e9. Lire la suite.","breadcrumb":{"@id":"https:\/\/www.opex.com\/fr\/legal\/suppliers\/#breadcrumb"},"inLanguage":"fr-FR","potentialAction":[{"@type":"ReadAction","target":["https:\/\/www.opex.com\/fr\/legal\/suppliers\/"]}]},{"@type":"BreadcrumbList","@id":"https:\/\/www.opex.com\/fr\/legal\/suppliers\/#breadcrumb","itemListElement":[{"@type":"ListItem","position":1,"name":"Home","item":"https:\/\/www.opex.com\/fr\/"},{"@type":"ListItem","position":2,"name":"Mentions l\u00e9gales","item":"https:\/\/www.opex.com\/fr\/legal\/"},{"@type":"ListItem","position":3,"name":"Fournisseurs"}]},{"@type":"WebSite","@id":"https:\/\/www.opex.com\/fr\/#website","url":"https:\/\/www.opex.com\/fr\/","name":"OPEX","description":"Next Generation Automation","publisher":{"@id":"https:\/\/www.opex.com\/fr\/#organization"},"potentialAction":[{"@type":"SearchAction","target":{"@type":"EntryPoint","urlTemplate":"https:\/\/www.opex.com\/fr\/?s={search_term_string}"},"query-input":{"@type":"PropertyValueSpecification","valueRequired":true,"valueName":"search_term_string"}}],"inLanguage":"fr-FR"},{"@type":"Organization","@id":"https:\/\/www.opex.com\/fr\/#organization","name":"OPEX Corporation","alternateName":"OPEX Corporation","url":"https:\/\/www.opex.com\/fr\/","logo":{"@type":"ImageObject","inLanguage":"fr-FR","@id":"https:\/\/www.opex.com\/fr\/#\/schema\/logo\/image\/","url":"https:\/\/www.opex.com\/wp-content\/uploads\/2024\/01\/logo-opex-blue.svg","contentUrl":"https:\/\/www.opex.com\/wp-content\/uploads\/2024\/01\/logo-opex-blue.svg","caption":"OPEX Corporation"},"image":{"@id":"https:\/\/www.opex.com\/fr\/#\/schema\/logo\/image\/"},"sameAs":["https:\/\/www.facebook.com\/OPEXCorp\/","https:\/\/x.com\/OPEXcorporation","https:\/\/www.linkedin.com\/company\/opex-corporation\/","https:\/\/www.instagram.com\/opexcorporation\/"],"email":"info@opex.com","telephone":"+1-856-727-1100","legalName":"OPEX Corporation","numberOfEmployees":{"@type":"QuantitativeValue","minValue":"1001","maxValue":"5000"}}]}},"publishpress_future_workflow_manual_trigger":{"enabledWorkflows":[]},"_links":{"self":[{"href":"https:\/\/www.opex.com\/fr\/wp-json\/wp\/v2\/pages\/9004111222946075","targetHints":{"allow":["GET"]}}],"collection":[{"href":"https:\/\/www.opex.com\/fr\/wp-json\/wp\/v2\/pages"}],"about":[{"href":"https:\/\/www.opex.com\/fr\/wp-json\/wp\/v2\/types\/page"}],"author":[{"embeddable":true,"href":"https:\/\/www.opex.com\/fr\/wp-json\/wp\/v2\/users\/6"}],"replies":[{"embeddable":true,"href":"https:\/\/www.opex.com\/fr\/wp-json\/wp\/v2\/comments?post=9004111222946075"}],"version-history":[{"count":1,"href":"https:\/\/www.opex.com\/fr\/wp-json\/wp\/v2\/pages\/9004111222946075\/revisions"}],"predecessor-version":[{"id":9004111222946076,"href":"https:\/\/www.opex.com\/fr\/wp-json\/wp\/v2\/pages\/9004111222946075\/revisions\/9004111222946076"}],"up":[{"embeddable":true,"href":"https:\/\/www.opex.com\/fr\/wp-json\/wp\/v2\/pages\/9004111222925418"}],"wp:attachment":[{"href":"https:\/\/www.opex.com\/fr\/wp-json\/wp\/v2\/media?parent=9004111222946075"}],"curies":[{"name":"wp","href":"https:\/\/api.w.org\/{rel}","templated":true}]}}