{"id":9004111222946064,"date":"2024-02-09T19:04:56","date_gmt":"2024-02-10T00:04:56","guid":{"rendered":"https:\/\/www.opex.com\/legal\/forced-labor\/"},"modified":"2026-04-16T09:32:34","modified_gmt":"2026-04-16T13:32:34","slug":"travail-force","status":"publish","type":"page","link":"https:\/\/www.opex.com\/fr\/legal\/travail-force\/","title":{"rendered":"Travail forc\u00e9"},"content":{"rendered":"\t\t<div data-elementor-type=\"wp-page\" data-elementor-id=\"9004111222946064\" class=\"elementor elementor-9004111222946064 elementor-659\" data-elementor-post-type=\"page\">\n\t\t\t\t<div class=\"elementor-element elementor-element-2c38d5f3 e-con-full e-flex e-con e-parent\" data-id=\"2c38d5f3\" data-element_type=\"container\" data-e-type=\"container\" data-settings=\"{&quot;background_background&quot;:&quot;classic&quot;}\">\n\t\t<div class=\"elementor-element elementor-element-6bea0c7 e-con-full e-flex e-con e-child\" data-id=\"6bea0c7\" data-element_type=\"container\" data-e-type=\"container\" data-settings=\"{&quot;background_background&quot;:&quot;classic&quot;}\">\n\t\t<div class=\"elementor-element elementor-element-52bd0500 e-flex e-con-boxed e-con e-child\" data-id=\"52bd0500\" data-element_type=\"container\" data-e-type=\"container\">\n\t\t\t\t\t<div class=\"e-con-inner\">\n\t\t<div class=\"elementor-element elementor-element-7387151f e-flex e-con-boxed e-con e-child\" data-id=\"7387151f\" data-element_type=\"container\" data-e-type=\"container\">\n\t\t\t\t\t<div class=\"e-con-inner\">\n\t\t<div class=\"elementor-element elementor-element-8fd186f e-con-full e-flex e-con e-child\" data-id=\"8fd186f\" data-element_type=\"container\" data-e-type=\"container\">\n\t\t\t\t<div class=\"elementor-element elementor-element-707a2e6d elementor-widget elementor-widget-heading\" data-id=\"707a2e6d\" data-element_type=\"widget\" data-e-type=\"widget\" data-widget_type=\"heading.default\">\n\t\t\t\t<div class=\"elementor-widget-container\">\n\t\t\t\t\t<h1 class=\"elementor-heading-title elementor-size-default\">Travail forc\u00e9<\/h1>\t\t\t\t<\/div>\n\t\t\t\t<\/div>\n\t\t\t\t<\/div>\n\t\t<div class=\"elementor-element elementor-element-9b5d0df e-con-full elementor-hidden-mobile e-flex e-con e-child\" data-id=\"9b5d0df\" data-element_type=\"container\" data-e-type=\"container\">\n\t\t\t\t<\/div>\n\t\t\t\t\t<\/div>\n\t\t\t\t<\/div>\n\t\t<div class=\"elementor-element elementor-element-2a9547a7 e-con-full e-flex e-con e-child\" data-id=\"2a9547a7\" data-element_type=\"container\" data-e-type=\"container\">\n\t\t<div class=\"elementor-element elementor-element-2532e4f8 e-con-full e-flex e-con e-child\" data-id=\"2532e4f8\" data-element_type=\"container\" data-e-type=\"container\">\n\t\t\t\t<div class=\"elementor-element elementor-element-c706033 elementor-widget elementor-widget-text-editor\" data-id=\"c706033\" data-element_type=\"widget\" data-e-type=\"widget\" data-widget_type=\"text-editor.default\">\n\t\t\t\t<div class=\"elementor-widget-container\">\n\t\t\t\t\t\t\t\t\t<h5>D\u00e9claration sur l\u2019esclavage moderne et la traite des \u00eatres humains (UK Modern Slavery Act)<\/h5><p><a href=\"https:\/\/www.opex.com\/wp-content\/uploads\/2026\/03\/statement-on-modern-slavery-and-human-trafficking-en-us.pdf\" target=\"_blank\" rel=\"noopener\">VERSION 3.2 ; EN VIGUEUR LE 01 OCTOBRE 2025<\/a><\/p><h5>D\u00e9claration relative \u00e0 la California Supply Chain Act<\/h5><p><a href=\"https:\/\/www.opex.com\/wp-content\/uploads\/2026\/03\/supply-chains-act-statement-en-us.pdf\" target=\"_blank\" rel=\"noopener\">VERSION 1.2 ; EN VIGUEUR LE 30 D\u00c9CEMBRE 2024<\/a><\/p><h5>Rapport canadien sur la lutte contre le travail forc\u00e9 et le travail des enfants dans les cha\u00eenes d\u2019approvisionnement<\/h5><p><a style=\"font-family: inherit; font-size: 1.125rem;\" href=\"https:\/\/www.opex.com\/wp-content\/uploads\/2026\/03\/opex-corp-canada-forced-labor-report-en-us.pdf\" target=\"_blank\" rel=\"noopener\">VERSION 1.0 ; EN VIGUEUR LE 2 JANVIER 2025<\/a><\/p>\t\t\t\t\t\t\t\t<\/div>\n\t\t\t\t<\/div>\n\t\t\t\t<\/div>\n\t\t<div class=\"elementor-element elementor-element-39679a81 e-con-full elementor-hidden-mobile e-flex e-con e-child\" data-id=\"39679a81\" data-element_type=\"container\" data-e-type=\"container\">\n\t\t\t\t<\/div>\n\t\t\t\t<\/div>\n\t\t\t\t\t<\/div>\n\t\t\t\t<\/div>\n\t\t\t\t<\/div>\n\t\t\t\t<\/div>\n\t\t\t\t<\/div>\n\t\t","protected":false},"excerpt":{"rendered":"<p>Travail forc\u00e9 D\u00e9claration sur l\u2019esclavage moderne et la traite des \u00eatres humains (UK Modern Slavery Act) VERSION 3.2 ; EN VIGUEUR LE 01 OCTOBRE 2025 D\u00e9claration relative \u00e0 la California Supply Chain Act VERSION 1.2 ; EN VIGUEUR LE 30 D\u00c9CEMBRE 2024 Rapport canadien sur la lutte contre le travail forc\u00e9 et le travail des [&hellip;]<\/p>\n","protected":false},"author":6,"featured_media":0,"parent":9004111222925418,"menu_order":0,"comment_status":"closed","ping_status":"closed","template":"","meta":{"_acf_changed":false,"content-type":"","footnotes":""},"class_list":["post-9004111222946064","page","type-page","status-publish","hentry"],"acf":[],"yoast_head":"<!-- This site is optimized with the Yoast SEO Premium plugin v26.5 (Yoast SEO v27.5) - https:\/\/yoast.com\/product\/yoast-seo-premium-wordpress\/ -->\n<title>Travail forc\u00e9 - OPEX<\/title>\n<meta name=\"description\" content=\"OPEX s\u2019efforce de faire des choix commerciaux \u00e9thiques en mati\u00e8re de pr\u00e9vention de l\u2019esclavage moderne et de la traite des \u00eatres humains. En savoir plus sur nos priorit\u00e9s.\" \/>\n<meta name=\"robots\" content=\"index, follow, max-snippet:-1, max-image-preview:large, max-video-preview:-1\" \/>\n<link rel=\"canonical\" href=\"https:\/\/www.opex.com\/fr\/legal\/travail-force\/\" \/>\n<meta property=\"og:locale\" content=\"fr_FR\" \/>\n<meta property=\"og:type\" content=\"article\" \/>\n<meta property=\"og:title\" content=\"Travail forc\u00e9\" \/>\n<meta property=\"og:description\" content=\"OPEX s\u2019efforce de faire des choix commerciaux \u00e9thiques en mati\u00e8re de pr\u00e9vention de l\u2019esclavage moderne et de la traite des \u00eatres humains. En savoir plus sur nos priorit\u00e9s.\" \/>\n<meta property=\"og:url\" content=\"https:\/\/www.opex.com\/fr\/legal\/travail-force\/\" \/>\n<meta property=\"og:site_name\" content=\"OPEX\" \/>\n<meta property=\"article:publisher\" content=\"https:\/\/www.facebook.com\/OPEXCorp\/\" \/>\n<meta property=\"article:modified_time\" content=\"2026-04-16T13:32:34+00:00\" \/>\n<meta name=\"twitter:card\" content=\"summary_large_image\" \/>\n<meta name=\"twitter:site\" content=\"@OPEXcorporation\" \/>\n<script type=\"application\/ld+json\" class=\"yoast-schema-graph\">{\"@context\":\"https:\\\/\\\/schema.org\",\"@graph\":[{\"@type\":\"WebPage\",\"@id\":\"https:\\\/\\\/www.opex.com\\\/fr\\\/legal\\\/travail-force\\\/\",\"url\":\"https:\\\/\\\/www.opex.com\\\/fr\\\/legal\\\/travail-force\\\/\",\"name\":\"Travail forc\u00e9 - OPEX\",\"isPartOf\":{\"@id\":\"https:\\\/\\\/www.opex.com\\\/fr\\\/#website\"},\"datePublished\":\"2024-02-10T00:04:56+00:00\",\"dateModified\":\"2026-04-16T13:32:34+00:00\",\"description\":\"OPEX s\u2019efforce de faire des choix commerciaux \u00e9thiques en mati\u00e8re de pr\u00e9vention de l\u2019esclavage moderne et de la traite des \u00eatres humains. En savoir plus sur nos priorit\u00e9s.\",\"breadcrumb\":{\"@id\":\"https:\\\/\\\/www.opex.com\\\/fr\\\/legal\\\/travail-force\\\/#breadcrumb\"},\"inLanguage\":\"fr-FR\",\"potentialAction\":[{\"@type\":\"ReadAction\",\"target\":[\"https:\\\/\\\/www.opex.com\\\/fr\\\/legal\\\/travail-force\\\/\"]}]},{\"@type\":\"BreadcrumbList\",\"@id\":\"https:\\\/\\\/www.opex.com\\\/fr\\\/legal\\\/travail-force\\\/#breadcrumb\",\"itemListElement\":[{\"@type\":\"ListItem\",\"position\":1,\"name\":\"Home\",\"item\":\"https:\\\/\\\/www.opex.com\\\/fr\\\/home\\\/\"},{\"@type\":\"ListItem\",\"position\":2,\"name\":\"Mentions l\u00e9gales\",\"item\":\"https:\\\/\\\/www.opex.com\\\/fr\\\/legal\\\/\"},{\"@type\":\"ListItem\",\"position\":3,\"name\":\"Travail forc\u00e9\"}]},{\"@type\":\"WebSite\",\"@id\":\"https:\\\/\\\/www.opex.com\\\/fr\\\/#website\",\"url\":\"https:\\\/\\\/www.opex.com\\\/fr\\\/\",\"name\":\"OPEX\",\"description\":\"Next Generation Automation\",\"publisher\":{\"@id\":\"https:\\\/\\\/www.opex.com\\\/fr\\\/#organization\"},\"potentialAction\":[{\"@type\":\"SearchAction\",\"target\":{\"@type\":\"EntryPoint\",\"urlTemplate\":\"https:\\\/\\\/www.opex.com\\\/fr\\\/?s={search_term_string}\"},\"query-input\":{\"@type\":\"PropertyValueSpecification\",\"valueRequired\":true,\"valueName\":\"search_term_string\"}}],\"inLanguage\":\"fr-FR\"},{\"@type\":\"Organization\",\"@id\":\"https:\\\/\\\/www.opex.com\\\/fr\\\/#organization\",\"name\":\"OPEX Corporation\",\"alternateName\":\"OPEX Corporation\",\"url\":\"https:\\\/\\\/www.opex.com\\\/fr\\\/\",\"logo\":{\"@type\":\"ImageObject\",\"inLanguage\":\"fr-FR\",\"@id\":\"https:\\\/\\\/www.opex.com\\\/fr\\\/#\\\/schema\\\/logo\\\/image\\\/\",\"url\":\"https:\\\/\\\/www.opex.com\\\/wp-content\\\/uploads\\\/2024\\\/01\\\/logo-opex-blue.svg\",\"contentUrl\":\"https:\\\/\\\/www.opex.com\\\/wp-content\\\/uploads\\\/2024\\\/01\\\/logo-opex-blue.svg\",\"caption\":\"OPEX Corporation\"},\"image\":{\"@id\":\"https:\\\/\\\/www.opex.com\\\/fr\\\/#\\\/schema\\\/logo\\\/image\\\/\"},\"sameAs\":[\"https:\\\/\\\/www.facebook.com\\\/OPEXCorp\\\/\",\"https:\\\/\\\/x.com\\\/OPEXcorporation\",\"https:\\\/\\\/www.linkedin.com\\\/company\\\/opex-corporation\\\/\",\"https:\\\/\\\/www.instagram.com\\\/opexcorporation\\\/\"],\"email\":\"info@opex.com\",\"telephone\":\"+1-856-727-1100\",\"legalName\":\"OPEX Corporation\",\"numberOfEmployees\":{\"@type\":\"QuantitativeValue\",\"minValue\":\"1001\",\"maxValue\":\"5000\"}}]}<\/script>\n<!-- \/ Yoast SEO Premium plugin. -->","yoast_head_json":{"title":"Travail forc\u00e9 - OPEX","description":"OPEX s\u2019efforce de faire des choix commerciaux \u00e9thiques en mati\u00e8re de pr\u00e9vention de l\u2019esclavage moderne et de la traite des \u00eatres humains. En savoir plus sur nos priorit\u00e9s.","robots":{"index":"index","follow":"follow","max-snippet":"max-snippet:-1","max-image-preview":"max-image-preview:large","max-video-preview":"max-video-preview:-1"},"canonical":"https:\/\/www.opex.com\/fr\/legal\/travail-force\/","og_locale":"fr_FR","og_type":"article","og_title":"Travail forc\u00e9","og_description":"OPEX s\u2019efforce de faire des choix commerciaux \u00e9thiques en mati\u00e8re de pr\u00e9vention de l\u2019esclavage moderne et de la traite des \u00eatres humains. En savoir plus sur nos priorit\u00e9s.","og_url":"https:\/\/www.opex.com\/fr\/legal\/travail-force\/","og_site_name":"OPEX","article_publisher":"https:\/\/www.facebook.com\/OPEXCorp\/","article_modified_time":"2026-04-16T13:32:34+00:00","twitter_card":"summary_large_image","twitter_site":"@OPEXcorporation","schema":{"@context":"https:\/\/schema.org","@graph":[{"@type":"WebPage","@id":"https:\/\/www.opex.com\/fr\/legal\/travail-force\/","url":"https:\/\/www.opex.com\/fr\/legal\/travail-force\/","name":"Travail forc\u00e9 - OPEX","isPartOf":{"@id":"https:\/\/www.opex.com\/fr\/#website"},"datePublished":"2024-02-10T00:04:56+00:00","dateModified":"2026-04-16T13:32:34+00:00","description":"OPEX s\u2019efforce de faire des choix commerciaux \u00e9thiques en mati\u00e8re de pr\u00e9vention de l\u2019esclavage moderne et de la traite des \u00eatres humains. En savoir plus sur nos priorit\u00e9s.","breadcrumb":{"@id":"https:\/\/www.opex.com\/fr\/legal\/travail-force\/#breadcrumb"},"inLanguage":"fr-FR","potentialAction":[{"@type":"ReadAction","target":["https:\/\/www.opex.com\/fr\/legal\/travail-force\/"]}]},{"@type":"BreadcrumbList","@id":"https:\/\/www.opex.com\/fr\/legal\/travail-force\/#breadcrumb","itemListElement":[{"@type":"ListItem","position":1,"name":"Home","item":"https:\/\/www.opex.com\/fr\/home\/"},{"@type":"ListItem","position":2,"name":"Mentions l\u00e9gales","item":"https:\/\/www.opex.com\/fr\/legal\/"},{"@type":"ListItem","position":3,"name":"Travail forc\u00e9"}]},{"@type":"WebSite","@id":"https:\/\/www.opex.com\/fr\/#website","url":"https:\/\/www.opex.com\/fr\/","name":"OPEX","description":"Next Generation Automation","publisher":{"@id":"https:\/\/www.opex.com\/fr\/#organization"},"potentialAction":[{"@type":"SearchAction","target":{"@type":"EntryPoint","urlTemplate":"https:\/\/www.opex.com\/fr\/?s={search_term_string}"},"query-input":{"@type":"PropertyValueSpecification","valueRequired":true,"valueName":"search_term_string"}}],"inLanguage":"fr-FR"},{"@type":"Organization","@id":"https:\/\/www.opex.com\/fr\/#organization","name":"OPEX Corporation","alternateName":"OPEX Corporation","url":"https:\/\/www.opex.com\/fr\/","logo":{"@type":"ImageObject","inLanguage":"fr-FR","@id":"https:\/\/www.opex.com\/fr\/#\/schema\/logo\/image\/","url":"https:\/\/www.opex.com\/wp-content\/uploads\/2024\/01\/logo-opex-blue.svg","contentUrl":"https:\/\/www.opex.com\/wp-content\/uploads\/2024\/01\/logo-opex-blue.svg","caption":"OPEX Corporation"},"image":{"@id":"https:\/\/www.opex.com\/fr\/#\/schema\/logo\/image\/"},"sameAs":["https:\/\/www.facebook.com\/OPEXCorp\/","https:\/\/x.com\/OPEXcorporation","https:\/\/www.linkedin.com\/company\/opex-corporation\/","https:\/\/www.instagram.com\/opexcorporation\/"],"email":"info@opex.com","telephone":"+1-856-727-1100","legalName":"OPEX Corporation","numberOfEmployees":{"@type":"QuantitativeValue","minValue":"1001","maxValue":"5000"}}]}},"publishpress_future_workflow_manual_trigger":{"enabledWorkflows":[]},"_links":{"self":[{"href":"https:\/\/www.opex.com\/fr\/wp-json\/wp\/v2\/pages\/9004111222946064","targetHints":{"allow":["GET"]}}],"collection":[{"href":"https:\/\/www.opex.com\/fr\/wp-json\/wp\/v2\/pages"}],"about":[{"href":"https:\/\/www.opex.com\/fr\/wp-json\/wp\/v2\/types\/page"}],"author":[{"embeddable":true,"href":"https:\/\/www.opex.com\/fr\/wp-json\/wp\/v2\/users\/6"}],"replies":[{"embeddable":true,"href":"https:\/\/www.opex.com\/fr\/wp-json\/wp\/v2\/comments?post=9004111222946064"}],"version-history":[{"count":3,"href":"https:\/\/www.opex.com\/fr\/wp-json\/wp\/v2\/pages\/9004111222946064\/revisions"}],"predecessor-version":[{"id":9004111222946662,"href":"https:\/\/www.opex.com\/fr\/wp-json\/wp\/v2\/pages\/9004111222946064\/revisions\/9004111222946662"}],"up":[{"embeddable":true,"href":"https:\/\/www.opex.com\/fr\/wp-json\/wp\/v2\/pages\/9004111222925418"}],"wp:attachment":[{"href":"https:\/\/www.opex.com\/fr\/wp-json\/wp\/v2\/media?parent=9004111222946064"}],"curies":[{"name":"wp","href":"https:\/\/api.w.org\/{rel}","templated":true}]}}