{"id":9004111222925418,"date":"2024-03-15T10:25:00","date_gmt":"2024-03-15T14:25:00","guid":{"rendered":"https:\/\/www.opex.com\/legal\/"},"modified":"2026-03-31T14:20:05","modified_gmt":"2026-03-31T18:20:05","slug":"legal","status":"publish","type":"page","link":"https:\/\/www.opex.com\/fr\/legal\/","title":{"rendered":"Mentions l\u00e9gales"},"content":{"rendered":"\t\t<div data-elementor-type=\"wp-page\" data-elementor-id=\"9004111222925418\" class=\"elementor elementor-9004111222925418 elementor-21947\" data-elementor-post-type=\"page\">\n\t\t\t\t<div class=\"elementor-element elementor-element-680f318b e-con-full e-flex e-con e-parent\" data-id=\"680f318b\" data-element_type=\"container\" data-e-type=\"container\" data-settings=\"{&quot;background_background&quot;:&quot;classic&quot;}\">\n\t\t<div class=\"elementor-element elementor-element-7b9b0edf e-con-full e-flex e-con e-child\" data-id=\"7b9b0edf\" data-element_type=\"container\" data-e-type=\"container\" data-settings=\"{&quot;background_background&quot;:&quot;classic&quot;}\">\n\t\t<div class=\"elementor-element elementor-element-74660244 e-flex e-con-boxed e-con e-child\" data-id=\"74660244\" data-element_type=\"container\" data-e-type=\"container\">\n\t\t\t\t\t<div class=\"e-con-inner\">\n\t\t<div class=\"elementor-element elementor-element-31b1a894 e-flex e-con-boxed e-con e-child\" data-id=\"31b1a894\" data-element_type=\"container\" data-e-type=\"container\">\n\t\t\t\t\t<div class=\"e-con-inner\">\n\t\t<div class=\"elementor-element elementor-element-2f800d74 e-con-full e-flex e-con e-child\" data-id=\"2f800d74\" data-element_type=\"container\" data-e-type=\"container\">\n\t\t\t\t<div class=\"elementor-element elementor-element-3450b210 elementor-widget elementor-widget-heading\" data-id=\"3450b210\" data-element_type=\"widget\" data-e-type=\"widget\" data-widget_type=\"heading.default\">\n\t\t\t\t<div class=\"elementor-widget-container\">\n\t\t\t\t\t<h1 class=\"elementor-heading-title elementor-size-default\">Mentions l\u00e9gales<\/h1>\t\t\t\t<\/div>\n\t\t\t\t<\/div>\n\t\t\t\t<\/div>\n\t\t<div class=\"elementor-element elementor-element-21abd7ef e-con-full elementor-hidden-mobile e-flex e-con e-child\" data-id=\"21abd7ef\" data-element_type=\"container\" data-e-type=\"container\">\n\t\t\t\t<\/div>\n\t\t\t\t\t<\/div>\n\t\t\t\t<\/div>\n\t\t\t\t\t<\/div>\n\t\t\t\t<\/div>\n\t\t<div class=\"elementor-element elementor-element-6515d3f0 e-flex e-con-boxed e-con e-child\" data-id=\"6515d3f0\" data-element_type=\"container\" data-e-type=\"container\">\n\t\t\t\t\t<div class=\"e-con-inner\">\n\t\t<div class=\"elementor-element elementor-element-428e469a e-flex e-con-boxed e-con e-child\" data-id=\"428e469a\" data-element_type=\"container\" data-e-type=\"container\">\n\t\t\t\t\t<div class=\"e-con-inner\">\n\t\t<a class=\"elementor-element elementor-element-3c5b06d6 e-flex e-con-boxed e-con e-child\" data-id=\"3c5b06d6\" data-element_type=\"container\" data-e-type=\"container\" data-settings=\"{&quot;background_background&quot;:&quot;classic&quot;}\" href=\"https:\/\/www.opex.com\/fr\/legal\/conditions-dutilisation-du-site-web\/\">\n\t\t\t\t\t<div class=\"e-con-inner\">\n\t\t\t\t<div class=\"elementor-element elementor-element-48ff8afc elementor-widget__width-inherit elementor-widget elementor-widget-heading\" data-id=\"48ff8afc\" data-element_type=\"widget\" data-e-type=\"widget\" data-widget_type=\"heading.default\">\n\t\t\t\t<div class=\"elementor-widget-container\">\n\t\t\t\t\t<h4 class=\"elementor-heading-title elementor-size-default\">Conditions d'utilisation du site web<\/h4>\t\t\t\t<\/div>\n\t\t\t\t<\/div>\n\t\t\t\t\t<\/div>\n\t\t\t\t<\/a>\n\t\t<a class=\"elementor-element elementor-element-260f8bb9 e-flex e-con-boxed e-con e-child\" data-id=\"260f8bb9\" data-element_type=\"container\" data-e-type=\"container\" data-settings=\"{&quot;background_background&quot;:&quot;classic&quot;}\" href=\"https:\/\/www.opex.com\/fr\/legal\/data-privacy\/\">\n\t\t\t\t\t<div class=\"e-con-inner\">\n\t\t\t\t<div class=\"elementor-element elementor-element-15dab438 elementor-widget__width-inherit elementor-widget elementor-widget-heading\" data-id=\"15dab438\" data-element_type=\"widget\" data-e-type=\"widget\" data-widget_type=\"heading.default\">\n\t\t\t\t<div class=\"elementor-widget-container\">\n\t\t\t\t\t<h4 class=\"elementor-heading-title elementor-size-default\">Confidentialit\u00e9 des donn\u00e9es<\/h4>\t\t\t\t<\/div>\n\t\t\t\t<\/div>\n\t\t\t\t\t<\/div>\n\t\t\t\t<\/a>\n\t\t<a class=\"elementor-element elementor-element-32a58007 e-con-full e-flex e-con e-child\" data-id=\"32a58007\" data-element_type=\"container\" data-e-type=\"container\" data-settings=\"{&quot;background_background&quot;:&quot;classic&quot;}\" href=\"https:\/\/www.opex.com\/legal\/cookies-notice-applicable-to-the-eu-switzerland-and-the-uk\">\n\t\t\t\t<div class=\"elementor-element elementor-element-3a7cc9e4 elementor-widget__width-inherit elementor-widget elementor-widget-heading\" data-id=\"3a7cc9e4\" data-element_type=\"widget\" data-e-type=\"widget\" data-widget_type=\"heading.default\">\n\t\t\t\t<div class=\"elementor-widget-container\">\n\t\t\t\t\t<h4 class=\"elementor-heading-title elementor-size-default\">Avis sur les cookies pour l'UE, la Suisse<br>et le Royaume-Uni<\/h4>\t\t\t\t<\/div>\n\t\t\t\t<\/div>\n\t\t\t\t<\/a>\n\t\t\t\t\t<\/div>\n\t\t\t\t<\/div>\n\t\t<div class=\"elementor-element elementor-element-926ba04 e-flex e-con-boxed e-con e-child\" data-id=\"926ba04\" data-element_type=\"container\" data-e-type=\"container\">\n\t\t\t\t\t<div class=\"e-con-inner\">\n\t\t<a class=\"elementor-element elementor-element-33e19911 e-con-full e-flex e-con e-child\" data-id=\"33e19911\" data-element_type=\"container\" data-e-type=\"container\" data-settings=\"{&quot;background_background&quot;:&quot;classic&quot;}\" href=\"https:\/\/www.opex.com\/legal\/statement-on-modern-slavery-and-human-trafficking\">\n\t\t\t\t<div class=\"elementor-element elementor-element-7cacba35 elementor-widget__width-inherit elementor-widget elementor-widget-heading\" data-id=\"7cacba35\" data-element_type=\"widget\" data-e-type=\"widget\" data-widget_type=\"heading.default\">\n\t\t\t\t<div class=\"elementor-widget-container\">\n\t\t\t\t\t<h4 class=\"elementor-heading-title elementor-size-default\">Esclavage moderne<\/h4>\t\t\t\t<\/div>\n\t\t\t\t<\/div>\n\t\t\t\t<\/a>\n\t\t<a class=\"elementor-element elementor-element-73598abb e-con-full e-flex e-con e-child\" data-id=\"73598abb\" data-element_type=\"container\" data-e-type=\"container\" data-settings=\"{&quot;background_background&quot;:&quot;classic&quot;}\" href=\"https:\/\/www.opex.com\/legal\/weee-and-batteries-regulations-and-obligations\/\">\n\t\t\t\t<div class=\"elementor-element elementor-element-2e028ea8 elementor-widget__width-inherit elementor-widget elementor-widget-heading\" data-id=\"2e028ea8\" data-element_type=\"widget\" data-e-type=\"widget\" data-widget_type=\"heading.default\">\n\t\t\t\t<div class=\"elementor-widget-container\">\n\t\t\t\t\t<h4 class=\"elementor-heading-title elementor-size-default\">Environnement<\/h4>\t\t\t\t<\/div>\n\t\t\t\t<\/div>\n\t\t\t\t<\/a>\n\t\t<a class=\"elementor-element elementor-element-68780e21 e-con-full e-flex e-con e-child\" data-id=\"68780e21\" data-element_type=\"container\" data-e-type=\"container\" data-settings=\"{&quot;background_background&quot;:&quot;classic&quot;}\" href=\"https:\/\/www.opex.com\/legal\/supplier-terms-and-conditions\/\">\n\t\t\t\t<div class=\"elementor-element elementor-element-22f88596 elementor-widget__width-inherit elementor-widget elementor-widget-heading\" data-id=\"22f88596\" data-element_type=\"widget\" data-e-type=\"widget\" data-widget_type=\"heading.default\">\n\t\t\t\t<div class=\"elementor-widget-container\">\n\t\t\t\t\t<h4 class=\"elementor-heading-title elementor-size-default\">Conditions g\u00e9n\u00e9rales des fournisseurs<\/h4>\t\t\t\t<\/div>\n\t\t\t\t<\/div>\n\t\t\t\t<\/a>\n\t\t\t\t\t<\/div>\n\t\t\t\t<\/div>\n\t\t\t\t\t<\/div>\n\t\t\t\t<\/div>\n\t\t\t\t<\/div>\n\t\t\t\t<\/div>\n\t\t\t\t<\/div>\n\t\t","protected":false},"excerpt":{"rendered":"<p>Mentions l\u00e9gales Conditions d&rsquo;utilisation du site web Confidentialit\u00e9 des donn\u00e9es Avis sur les cookies pour l&rsquo;UE, la Suisseet le Royaume-Uni Esclavage moderne Environnement Conditions g\u00e9n\u00e9rales des fournisseurs<\/p>\n","protected":false},"author":6,"featured_media":0,"parent":0,"menu_order":0,"comment_status":"closed","ping_status":"closed","template":"","meta":{"_acf_changed":false,"content-type":"","footnotes":""},"class_list":["post-9004111222925418","page","type-page","status-publish","hentry"],"acf":[],"yoast_head":"<!-- This site is optimized with the Yoast SEO Premium plugin v26.5 (Yoast SEO v27.2) - https:\/\/yoast.com\/product\/yoast-seo-premium-wordpress\/ -->\n<title>Acc\u00e9dez aux multiples ressources juridiques mises \u00e0 votre disposition - OPEX<\/title>\n<meta name=\"description\" content=\"D\u00e9couvrez les ressources juridiques disponibles fournies par OPEX Corporation. Consultez ici notre politique de confidentialit\u00e9, nos conditions d&#039;utilisation et nos conditions de protection des donn\u00e9es.\" \/>\n<meta name=\"robots\" content=\"index, follow, max-snippet:-1, max-image-preview:large, max-video-preview:-1\" \/>\n<link rel=\"canonical\" href=\"https:\/\/www.opex.com\/fr\/legal\/\" \/>\n<meta property=\"og:locale\" content=\"fr_FR\" \/>\n<meta property=\"og:type\" content=\"article\" \/>\n<meta property=\"og:title\" content=\"Mentions l\u00e9gales\" \/>\n<meta property=\"og:description\" content=\"D\u00e9couvrez les ressources juridiques disponibles fournies par OPEX Corporation. Consultez ici notre politique de confidentialit\u00e9, nos conditions d&#039;utilisation et nos conditions de protection des donn\u00e9es.\" \/>\n<meta property=\"og:url\" content=\"https:\/\/www.opex.com\/fr\/legal\/\" \/>\n<meta property=\"og:site_name\" content=\"OPEX\" \/>\n<meta property=\"article:publisher\" content=\"https:\/\/www.facebook.com\/OPEXCorp\/\" \/>\n<meta property=\"article:modified_time\" content=\"2026-03-31T18:20:05+00:00\" \/>\n<meta name=\"twitter:card\" content=\"summary_large_image\" \/>\n<meta name=\"twitter:site\" content=\"@OPEXcorporation\" \/>\n<script type=\"application\/ld+json\" class=\"yoast-schema-graph\">{\"@context\":\"https:\/\/schema.org\",\"@graph\":[{\"@type\":\"WebPage\",\"@id\":\"https:\/\/www.opex.com\/fr\/legal\/\",\"url\":\"https:\/\/www.opex.com\/fr\/legal\/\",\"name\":\"Acc\u00e9dez aux multiples ressources juridiques mises \u00e0 votre disposition - OPEX\",\"isPartOf\":{\"@id\":\"https:\/\/www.opex.com\/fr\/#website\"},\"datePublished\":\"2024-03-15T14:25:00+00:00\",\"dateModified\":\"2026-03-31T18:20:05+00:00\",\"description\":\"D\u00e9couvrez les ressources juridiques disponibles fournies par OPEX Corporation. Consultez ici notre politique de confidentialit\u00e9, nos conditions d'utilisation et nos conditions de protection des donn\u00e9es.\",\"breadcrumb\":{\"@id\":\"https:\/\/www.opex.com\/fr\/legal\/#breadcrumb\"},\"inLanguage\":\"fr-FR\",\"potentialAction\":[{\"@type\":\"ReadAction\",\"target\":[\"https:\/\/www.opex.com\/fr\/legal\/\"]}]},{\"@type\":\"BreadcrumbList\",\"@id\":\"https:\/\/www.opex.com\/fr\/legal\/#breadcrumb\",\"itemListElement\":[{\"@type\":\"ListItem\",\"position\":1,\"name\":\"Home\",\"item\":\"https:\/\/www.opex.com\/fr\/\"},{\"@type\":\"ListItem\",\"position\":2,\"name\":\"Mentions l\u00e9gales\"}]},{\"@type\":\"WebSite\",\"@id\":\"https:\/\/www.opex.com\/fr\/#website\",\"url\":\"https:\/\/www.opex.com\/fr\/\",\"name\":\"OPEX\",\"description\":\"Next Generation Automation\",\"publisher\":{\"@id\":\"https:\/\/www.opex.com\/fr\/#organization\"},\"potentialAction\":[{\"@type\":\"SearchAction\",\"target\":{\"@type\":\"EntryPoint\",\"urlTemplate\":\"https:\/\/www.opex.com\/fr\/?s={search_term_string}\"},\"query-input\":{\"@type\":\"PropertyValueSpecification\",\"valueRequired\":true,\"valueName\":\"search_term_string\"}}],\"inLanguage\":\"fr-FR\"},{\"@type\":\"Organization\",\"@id\":\"https:\/\/www.opex.com\/fr\/#organization\",\"name\":\"OPEX Corporation\",\"alternateName\":\"OPEX Corporation\",\"url\":\"https:\/\/www.opex.com\/fr\/\",\"logo\":{\"@type\":\"ImageObject\",\"inLanguage\":\"fr-FR\",\"@id\":\"https:\/\/www.opex.com\/fr\/#\/schema\/logo\/image\/\",\"url\":\"https:\/\/www.opex.com\/wp-content\/uploads\/2024\/01\/logo-opex-blue.svg\",\"contentUrl\":\"https:\/\/www.opex.com\/wp-content\/uploads\/2024\/01\/logo-opex-blue.svg\",\"caption\":\"OPEX Corporation\"},\"image\":{\"@id\":\"https:\/\/www.opex.com\/fr\/#\/schema\/logo\/image\/\"},\"sameAs\":[\"https:\/\/www.facebook.com\/OPEXCorp\/\",\"https:\/\/x.com\/OPEXcorporation\",\"https:\/\/www.linkedin.com\/company\/opex-corporation\/\",\"https:\/\/www.instagram.com\/opexcorporation\/\"],\"email\":\"info@opex.com\",\"telephone\":\"+1-856-727-1100\",\"legalName\":\"OPEX Corporation\",\"numberOfEmployees\":{\"@type\":\"QuantitativeValue\",\"minValue\":\"1001\",\"maxValue\":\"5000\"}}]}<\/script>\n<!-- \/ Yoast SEO Premium plugin. -->","yoast_head_json":{"title":"Acc\u00e9dez aux multiples ressources juridiques mises \u00e0 votre disposition - OPEX","description":"D\u00e9couvrez les ressources juridiques disponibles fournies par OPEX Corporation. Consultez ici notre politique de confidentialit\u00e9, nos conditions d'utilisation et nos conditions de protection des donn\u00e9es.","robots":{"index":"index","follow":"follow","max-snippet":"max-snippet:-1","max-image-preview":"max-image-preview:large","max-video-preview":"max-video-preview:-1"},"canonical":"https:\/\/www.opex.com\/fr\/legal\/","og_locale":"fr_FR","og_type":"article","og_title":"Mentions l\u00e9gales","og_description":"D\u00e9couvrez les ressources juridiques disponibles fournies par OPEX Corporation. Consultez ici notre politique de confidentialit\u00e9, nos conditions d'utilisation et nos conditions de protection des donn\u00e9es.","og_url":"https:\/\/www.opex.com\/fr\/legal\/","og_site_name":"OPEX","article_publisher":"https:\/\/www.facebook.com\/OPEXCorp\/","article_modified_time":"2026-03-31T18:20:05+00:00","twitter_card":"summary_large_image","twitter_site":"@OPEXcorporation","schema":{"@context":"https:\/\/schema.org","@graph":[{"@type":"WebPage","@id":"https:\/\/www.opex.com\/fr\/legal\/","url":"https:\/\/www.opex.com\/fr\/legal\/","name":"Acc\u00e9dez aux multiples ressources juridiques mises \u00e0 votre disposition - OPEX","isPartOf":{"@id":"https:\/\/www.opex.com\/fr\/#website"},"datePublished":"2024-03-15T14:25:00+00:00","dateModified":"2026-03-31T18:20:05+00:00","description":"D\u00e9couvrez les ressources juridiques disponibles fournies par OPEX Corporation. Consultez ici notre politique de confidentialit\u00e9, nos conditions d'utilisation et nos conditions de protection des donn\u00e9es.","breadcrumb":{"@id":"https:\/\/www.opex.com\/fr\/legal\/#breadcrumb"},"inLanguage":"fr-FR","potentialAction":[{"@type":"ReadAction","target":["https:\/\/www.opex.com\/fr\/legal\/"]}]},{"@type":"BreadcrumbList","@id":"https:\/\/www.opex.com\/fr\/legal\/#breadcrumb","itemListElement":[{"@type":"ListItem","position":1,"name":"Home","item":"https:\/\/www.opex.com\/fr\/"},{"@type":"ListItem","position":2,"name":"Mentions l\u00e9gales"}]},{"@type":"WebSite","@id":"https:\/\/www.opex.com\/fr\/#website","url":"https:\/\/www.opex.com\/fr\/","name":"OPEX","description":"Next Generation Automation","publisher":{"@id":"https:\/\/www.opex.com\/fr\/#organization"},"potentialAction":[{"@type":"SearchAction","target":{"@type":"EntryPoint","urlTemplate":"https:\/\/www.opex.com\/fr\/?s={search_term_string}"},"query-input":{"@type":"PropertyValueSpecification","valueRequired":true,"valueName":"search_term_string"}}],"inLanguage":"fr-FR"},{"@type":"Organization","@id":"https:\/\/www.opex.com\/fr\/#organization","name":"OPEX Corporation","alternateName":"OPEX Corporation","url":"https:\/\/www.opex.com\/fr\/","logo":{"@type":"ImageObject","inLanguage":"fr-FR","@id":"https:\/\/www.opex.com\/fr\/#\/schema\/logo\/image\/","url":"https:\/\/www.opex.com\/wp-content\/uploads\/2024\/01\/logo-opex-blue.svg","contentUrl":"https:\/\/www.opex.com\/wp-content\/uploads\/2024\/01\/logo-opex-blue.svg","caption":"OPEX Corporation"},"image":{"@id":"https:\/\/www.opex.com\/fr\/#\/schema\/logo\/image\/"},"sameAs":["https:\/\/www.facebook.com\/OPEXCorp\/","https:\/\/x.com\/OPEXcorporation","https:\/\/www.linkedin.com\/company\/opex-corporation\/","https:\/\/www.instagram.com\/opexcorporation\/"],"email":"info@opex.com","telephone":"+1-856-727-1100","legalName":"OPEX Corporation","numberOfEmployees":{"@type":"QuantitativeValue","minValue":"1001","maxValue":"5000"}}]}},"publishpress_future_workflow_manual_trigger":{"enabledWorkflows":[]},"_links":{"self":[{"href":"https:\/\/www.opex.com\/fr\/wp-json\/wp\/v2\/pages\/9004111222925418","targetHints":{"allow":["GET"]}}],"collection":[{"href":"https:\/\/www.opex.com\/fr\/wp-json\/wp\/v2\/pages"}],"about":[{"href":"https:\/\/www.opex.com\/fr\/wp-json\/wp\/v2\/types\/page"}],"author":[{"embeddable":true,"href":"https:\/\/www.opex.com\/fr\/wp-json\/wp\/v2\/users\/6"}],"replies":[{"embeddable":true,"href":"https:\/\/www.opex.com\/fr\/wp-json\/wp\/v2\/comments?post=9004111222925418"}],"version-history":[{"count":1,"href":"https:\/\/www.opex.com\/fr\/wp-json\/wp\/v2\/pages\/9004111222925418\/revisions"}],"predecessor-version":[{"id":9004111222925419,"href":"https:\/\/www.opex.com\/fr\/wp-json\/wp\/v2\/pages\/9004111222925418\/revisions\/9004111222925419"}],"wp:attachment":[{"href":"https:\/\/www.opex.com\/fr\/wp-json\/wp\/v2\/media?parent=9004111222925418"}],"curies":[{"name":"wp","href":"https:\/\/api.w.org\/{rel}","templated":true}]}}