{"id":22112,"date":"2024-02-09T19:04:57","date_gmt":"2024-02-10T00:04:57","guid":{"rendered":"https:\/\/www.opex.com\/reglementations-et-obligations-dee-et-batteries\/"},"modified":"2025-06-27T10:23:45","modified_gmt":"2025-06-27T14:23:45","slug":"environment","status":"publish","type":"page","link":"https:\/\/www.opex.com\/fr\/legal\/environment\/","title":{"rendered":"Environnement"},"content":{"rendered":"\t\t<div data-elementor-type=\"wp-page\" data-elementor-id=\"22112\" class=\"elementor elementor-22112 elementor-660\" data-elementor-post-type=\"page\">\n\t\t\t\t<div class=\"elementor-element elementor-element-4be3cf9a e-con-full e-flex e-con e-parent\" data-id=\"4be3cf9a\" data-element_type=\"container\" data-e-type=\"container\" data-settings=\"{&quot;background_background&quot;:&quot;classic&quot;}\">\n\t\t<div class=\"elementor-element elementor-element-175db9b3 e-con-full e-flex e-con e-child\" data-id=\"175db9b3\" data-element_type=\"container\" data-e-type=\"container\" data-settings=\"{&quot;background_background&quot;:&quot;classic&quot;}\">\n\t\t<div class=\"elementor-element elementor-element-1503af59 e-flex e-con-boxed e-con e-child\" data-id=\"1503af59\" data-element_type=\"container\" data-e-type=\"container\">\n\t\t\t\t\t<div class=\"e-con-inner\">\n\t\t<div class=\"elementor-element elementor-element-66451011 e-flex e-con-boxed e-con e-child\" data-id=\"66451011\" data-element_type=\"container\" data-e-type=\"container\">\n\t\t\t\t\t<div class=\"e-con-inner\">\n\t\t<div class=\"elementor-element elementor-element-b30e30a e-con-full e-flex e-con e-child\" data-id=\"b30e30a\" data-element_type=\"container\" data-e-type=\"container\">\n\t\t\t\t<div class=\"elementor-element elementor-element-30b30ea4 elementor-widget elementor-widget-heading\" data-id=\"30b30ea4\" data-element_type=\"widget\" data-e-type=\"widget\" data-widget_type=\"heading.default\">\n\t\t\t\t<div class=\"elementor-widget-container\">\n\t\t\t\t\t<h1 class=\"elementor-heading-title elementor-size-default\">Environnement<\/h1>\t\t\t\t<\/div>\n\t\t\t\t<\/div>\n\t\t\t\t<\/div>\n\t\t<div class=\"elementor-element elementor-element-73db8af8 e-con-full elementor-hidden-mobile e-flex e-con e-child\" data-id=\"73db8af8\" data-element_type=\"container\" data-e-type=\"container\">\n\t\t\t\t<\/div>\n\t\t\t\t\t<\/div>\n\t\t\t\t<\/div>\n\t\t<div class=\"elementor-element elementor-element-a958fad e-con-full e-flex e-con e-child\" data-id=\"a958fad\" data-element_type=\"container\" data-e-type=\"container\">\n\t\t<div class=\"elementor-element elementor-element-7a48cb61 e-con-full e-flex e-con e-child\" data-id=\"7a48cb61\" data-element_type=\"container\" data-e-type=\"container\">\n\t\t\t\t<div class=\"elementor-element elementor-element-446c28b9 elementor-widget elementor-widget-text-editor\" data-id=\"446c28b9\" data-element_type=\"widget\" data-e-type=\"widget\" data-widget_type=\"text-editor.default\">\n\t\t\t\t<div class=\"elementor-widget-container\">\n\t\t\t\t\t\t\t\t\t<h5>R\u00c8GLEMENTATION ET OBLIGATIONS RELATIVES AUX DEEE ET AUX PILES (UNION EUROP\u00c9ENNE, SUISSE ET ROYAUME-UNI)<\/h5><p><a href=\"\/wp-content\/uploads\/2024\/12\/EU-SWISS-UK-WEEE-and-Batteries-Regulations-Obligatonis-Ver.-1.17-eff.-30-Dec-2024-English.pdf\" target=\"_blank\" rel=\"noopener\">VERSION 1.7; EFFECTIVE 30 DECEMBER 2024<\/a><\/p>\t\t\t\t\t\t\t\t<\/div>\n\t\t\t\t<\/div>\n\t\t\t\t<\/div>\n\t\t<div class=\"elementor-element elementor-element-2e88e26a e-con-full elementor-hidden-mobile e-flex e-con e-child\" data-id=\"2e88e26a\" data-element_type=\"container\" data-e-type=\"container\">\n\t\t\t\t<\/div>\n\t\t\t\t<\/div>\n\t\t\t\t\t<\/div>\n\t\t\t\t<\/div>\n\t\t\t\t<\/div>\n\t\t\t\t<\/div>\n\t\t\t\t<\/div>\n\t\t","protected":false},"excerpt":{"rendered":"<p>Environnement R\u00c8GLEMENTATION ET OBLIGATIONS RELATIVES AUX DEEE ET AUX PILES (UNION EUROP\u00c9ENNE, SUISSE ET ROYAUME-UNI) VERSION 1.7; EFFECTIVE 30 DECEMBER 2024<\/p>\n","protected":false},"author":6,"featured_media":0,"parent":9004111222925418,"menu_order":0,"comment_status":"closed","ping_status":"closed","template":"","meta":{"_acf_changed":false,"content-type":"","footnotes":""},"class_list":["post-22112","page","type-page","status-publish","hentry"],"acf":[],"yoast_head":"<!-- This site is optimized with the Yoast SEO Premium plugin v26.5 (Yoast SEO v27.3) - https:\/\/yoast.com\/product\/yoast-seo-premium-wordpress\/ -->\n<title>R\u00e9glementation et gestion des piles et des d\u00e9chets - OPEX<\/title>\n<meta name=\"description\" content=\"Les appareils \u00e9lectroniques et leurs d\u00e9chets ont un impact consid\u00e9rable sur notre environnement. D\u00e9couvrez les r\u00e9glementations et r\u00e8gles \u00e0 respecter concernant les DEEE et les piles.\" \/>\n<meta name=\"robots\" content=\"index, follow, max-snippet:-1, max-image-preview:large, max-video-preview:-1\" \/>\n<link rel=\"canonical\" href=\"https:\/\/www.opex.com\/fr\/legal\/environment\/\" \/>\n<meta property=\"og:locale\" content=\"fr_FR\" \/>\n<meta property=\"og:type\" content=\"article\" \/>\n<meta property=\"og:title\" content=\"Environnement\" \/>\n<meta property=\"og:description\" content=\"Les appareils \u00e9lectroniques et leurs d\u00e9chets ont un impact consid\u00e9rable sur notre environnement. D\u00e9couvrez les r\u00e9glementations et r\u00e8gles \u00e0 respecter concernant les DEEE et les piles.\" \/>\n<meta property=\"og:url\" content=\"https:\/\/www.opex.com\/fr\/legal\/environment\/\" \/>\n<meta property=\"og:site_name\" content=\"OPEX\" \/>\n<meta property=\"article:publisher\" content=\"https:\/\/www.facebook.com\/OPEXCorp\/\" \/>\n<meta property=\"article:modified_time\" content=\"2025-06-27T14:23:45+00:00\" \/>\n<meta name=\"twitter:card\" content=\"summary_large_image\" \/>\n<meta name=\"twitter:site\" content=\"@OPEXcorporation\" \/>\n<meta name=\"twitter:label1\" content=\"Dur\u00e9e de lecture estim\u00e9e\" \/>\n\t<meta name=\"twitter:data1\" content=\"1 minute\" \/>\n<script type=\"application\/ld+json\" class=\"yoast-schema-graph\">{\"@context\":\"https:\\\/\\\/schema.org\",\"@graph\":[{\"@type\":\"WebPage\",\"@id\":\"https:\\\/\\\/www.opex.com\\\/fr\\\/legal\\\/environment\\\/\",\"url\":\"https:\\\/\\\/www.opex.com\\\/fr\\\/legal\\\/environment\\\/\",\"name\":\"R\u00e9glementation et gestion des piles et des d\u00e9chets - OPEX\",\"isPartOf\":{\"@id\":\"https:\\\/\\\/www.opex.com\\\/fr\\\/#website\"},\"datePublished\":\"2024-02-10T00:04:57+00:00\",\"dateModified\":\"2025-06-27T14:23:45+00:00\",\"description\":\"Les appareils \u00e9lectroniques et leurs d\u00e9chets ont un impact consid\u00e9rable sur notre environnement. D\u00e9couvrez les r\u00e9glementations et r\u00e8gles \u00e0 respecter concernant les DEEE et les piles.\",\"breadcrumb\":{\"@id\":\"https:\\\/\\\/www.opex.com\\\/fr\\\/legal\\\/environment\\\/#breadcrumb\"},\"inLanguage\":\"fr-FR\",\"potentialAction\":[{\"@type\":\"ReadAction\",\"target\":[\"https:\\\/\\\/www.opex.com\\\/fr\\\/legal\\\/environment\\\/\"]}]},{\"@type\":\"BreadcrumbList\",\"@id\":\"https:\\\/\\\/www.opex.com\\\/fr\\\/legal\\\/environment\\\/#breadcrumb\",\"itemListElement\":[{\"@type\":\"ListItem\",\"position\":1,\"name\":\"Home\",\"item\":\"https:\\\/\\\/www.opex.com\\\/fr\\\/\"},{\"@type\":\"ListItem\",\"position\":2,\"name\":\"Mentions l\u00e9gales\",\"item\":\"https:\\\/\\\/www.opex.com\\\/fr\\\/legal\\\/\"},{\"@type\":\"ListItem\",\"position\":3,\"name\":\"Environnement\"}]},{\"@type\":\"WebSite\",\"@id\":\"https:\\\/\\\/www.opex.com\\\/fr\\\/#website\",\"url\":\"https:\\\/\\\/www.opex.com\\\/fr\\\/\",\"name\":\"OPEX\",\"description\":\"Next Generation Automation\",\"publisher\":{\"@id\":\"https:\\\/\\\/www.opex.com\\\/fr\\\/#organization\"},\"potentialAction\":[{\"@type\":\"SearchAction\",\"target\":{\"@type\":\"EntryPoint\",\"urlTemplate\":\"https:\\\/\\\/www.opex.com\\\/fr\\\/?s={search_term_string}\"},\"query-input\":{\"@type\":\"PropertyValueSpecification\",\"valueRequired\":true,\"valueName\":\"search_term_string\"}}],\"inLanguage\":\"fr-FR\"},{\"@type\":\"Organization\",\"@id\":\"https:\\\/\\\/www.opex.com\\\/fr\\\/#organization\",\"name\":\"OPEX Corporation\",\"alternateName\":\"OPEX Corporation\",\"url\":\"https:\\\/\\\/www.opex.com\\\/fr\\\/\",\"logo\":{\"@type\":\"ImageObject\",\"inLanguage\":\"fr-FR\",\"@id\":\"https:\\\/\\\/www.opex.com\\\/fr\\\/#\\\/schema\\\/logo\\\/image\\\/\",\"url\":\"https:\\\/\\\/www.opex.com\\\/wp-content\\\/uploads\\\/2024\\\/01\\\/logo-opex-blue.svg\",\"contentUrl\":\"https:\\\/\\\/www.opex.com\\\/wp-content\\\/uploads\\\/2024\\\/01\\\/logo-opex-blue.svg\",\"caption\":\"OPEX Corporation\"},\"image\":{\"@id\":\"https:\\\/\\\/www.opex.com\\\/fr\\\/#\\\/schema\\\/logo\\\/image\\\/\"},\"sameAs\":[\"https:\\\/\\\/www.facebook.com\\\/OPEXCorp\\\/\",\"https:\\\/\\\/x.com\\\/OPEXcorporation\",\"https:\\\/\\\/www.linkedin.com\\\/company\\\/opex-corporation\\\/\",\"https:\\\/\\\/www.instagram.com\\\/opexcorporation\\\/\"],\"email\":\"info@opex.com\",\"telephone\":\"+1-856-727-1100\",\"legalName\":\"OPEX Corporation\",\"numberOfEmployees\":{\"@type\":\"QuantitativeValue\",\"minValue\":\"1001\",\"maxValue\":\"5000\"}}]}<\/script>\n<!-- \/ Yoast SEO Premium plugin. -->","yoast_head_json":{"title":"R\u00e9glementation et gestion des piles et des d\u00e9chets - OPEX","description":"Les appareils \u00e9lectroniques et leurs d\u00e9chets ont un impact consid\u00e9rable sur notre environnement. D\u00e9couvrez les r\u00e9glementations et r\u00e8gles \u00e0 respecter concernant les DEEE et les piles.","robots":{"index":"index","follow":"follow","max-snippet":"max-snippet:-1","max-image-preview":"max-image-preview:large","max-video-preview":"max-video-preview:-1"},"canonical":"https:\/\/www.opex.com\/fr\/legal\/environment\/","og_locale":"fr_FR","og_type":"article","og_title":"Environnement","og_description":"Les appareils \u00e9lectroniques et leurs d\u00e9chets ont un impact consid\u00e9rable sur notre environnement. D\u00e9couvrez les r\u00e9glementations et r\u00e8gles \u00e0 respecter concernant les DEEE et les piles.","og_url":"https:\/\/www.opex.com\/fr\/legal\/environment\/","og_site_name":"OPEX","article_publisher":"https:\/\/www.facebook.com\/OPEXCorp\/","article_modified_time":"2025-06-27T14:23:45+00:00","twitter_card":"summary_large_image","twitter_site":"@OPEXcorporation","twitter_misc":{"Dur\u00e9e de lecture estim\u00e9e":"1 minute"},"schema":{"@context":"https:\/\/schema.org","@graph":[{"@type":"WebPage","@id":"https:\/\/www.opex.com\/fr\/legal\/environment\/","url":"https:\/\/www.opex.com\/fr\/legal\/environment\/","name":"R\u00e9glementation et gestion des piles et des d\u00e9chets - OPEX","isPartOf":{"@id":"https:\/\/www.opex.com\/fr\/#website"},"datePublished":"2024-02-10T00:04:57+00:00","dateModified":"2025-06-27T14:23:45+00:00","description":"Les appareils \u00e9lectroniques et leurs d\u00e9chets ont un impact consid\u00e9rable sur notre environnement. D\u00e9couvrez les r\u00e9glementations et r\u00e8gles \u00e0 respecter concernant les DEEE et les piles.","breadcrumb":{"@id":"https:\/\/www.opex.com\/fr\/legal\/environment\/#breadcrumb"},"inLanguage":"fr-FR","potentialAction":[{"@type":"ReadAction","target":["https:\/\/www.opex.com\/fr\/legal\/environment\/"]}]},{"@type":"BreadcrumbList","@id":"https:\/\/www.opex.com\/fr\/legal\/environment\/#breadcrumb","itemListElement":[{"@type":"ListItem","position":1,"name":"Home","item":"https:\/\/www.opex.com\/fr\/"},{"@type":"ListItem","position":2,"name":"Mentions l\u00e9gales","item":"https:\/\/www.opex.com\/fr\/legal\/"},{"@type":"ListItem","position":3,"name":"Environnement"}]},{"@type":"WebSite","@id":"https:\/\/www.opex.com\/fr\/#website","url":"https:\/\/www.opex.com\/fr\/","name":"OPEX","description":"Next Generation Automation","publisher":{"@id":"https:\/\/www.opex.com\/fr\/#organization"},"potentialAction":[{"@type":"SearchAction","target":{"@type":"EntryPoint","urlTemplate":"https:\/\/www.opex.com\/fr\/?s={search_term_string}"},"query-input":{"@type":"PropertyValueSpecification","valueRequired":true,"valueName":"search_term_string"}}],"inLanguage":"fr-FR"},{"@type":"Organization","@id":"https:\/\/www.opex.com\/fr\/#organization","name":"OPEX Corporation","alternateName":"OPEX Corporation","url":"https:\/\/www.opex.com\/fr\/","logo":{"@type":"ImageObject","inLanguage":"fr-FR","@id":"https:\/\/www.opex.com\/fr\/#\/schema\/logo\/image\/","url":"https:\/\/www.opex.com\/wp-content\/uploads\/2024\/01\/logo-opex-blue.svg","contentUrl":"https:\/\/www.opex.com\/wp-content\/uploads\/2024\/01\/logo-opex-blue.svg","caption":"OPEX Corporation"},"image":{"@id":"https:\/\/www.opex.com\/fr\/#\/schema\/logo\/image\/"},"sameAs":["https:\/\/www.facebook.com\/OPEXCorp\/","https:\/\/x.com\/OPEXcorporation","https:\/\/www.linkedin.com\/company\/opex-corporation\/","https:\/\/www.instagram.com\/opexcorporation\/"],"email":"info@opex.com","telephone":"+1-856-727-1100","legalName":"OPEX Corporation","numberOfEmployees":{"@type":"QuantitativeValue","minValue":"1001","maxValue":"5000"}}]}},"publishpress_future_workflow_manual_trigger":{"enabledWorkflows":[]},"_links":{"self":[{"href":"https:\/\/www.opex.com\/fr\/wp-json\/wp\/v2\/pages\/22112","targetHints":{"allow":["GET"]}}],"collection":[{"href":"https:\/\/www.opex.com\/fr\/wp-json\/wp\/v2\/pages"}],"about":[{"href":"https:\/\/www.opex.com\/fr\/wp-json\/wp\/v2\/types\/page"}],"author":[{"embeddable":true,"href":"https:\/\/www.opex.com\/fr\/wp-json\/wp\/v2\/users\/6"}],"replies":[{"embeddable":true,"href":"https:\/\/www.opex.com\/fr\/wp-json\/wp\/v2\/comments?post=22112"}],"version-history":[{"count":11,"href":"https:\/\/www.opex.com\/fr\/wp-json\/wp\/v2\/pages\/22112\/revisions"}],"predecessor-version":[{"id":9004111222921835,"href":"https:\/\/www.opex.com\/fr\/wp-json\/wp\/v2\/pages\/22112\/revisions\/9004111222921835"}],"up":[{"embeddable":true,"href":"https:\/\/www.opex.com\/fr\/wp-json\/wp\/v2\/pages\/9004111222925418"}],"wp:attachment":[{"href":"https:\/\/www.opex.com\/fr\/wp-json\/wp\/v2\/media?parent=22112"}],"curies":[{"name":"wp","href":"https:\/\/api.w.org\/{rel}","templated":true}]}}