{"id":22103,"date":"2024-02-09T19:04:57","date_gmt":"2024-02-10T00:04:57","guid":{"rendered":"https:\/\/www.opex.com\/avis-relatif-aux-cookies-applicable-a-lue-a-la-suisse-et-au-royaume-uni\/"},"modified":"2026-03-09T14:30:03","modified_gmt":"2026-03-09T18:30:03","slug":"cookies","status":"publish","type":"page","link":"https:\/\/www.opex.com\/fr\/legal\/cookies\/","title":{"rendered":"Cookies"},"content":{"rendered":"\t\t<div data-elementor-type=\"wp-page\" data-elementor-id=\"22103\" class=\"elementor elementor-22103 elementor-662\" data-elementor-post-type=\"page\">\n\t\t\t\t<div class=\"elementor-element elementor-element-24604d01 e-con-full e-flex e-con e-parent\" data-id=\"24604d01\" data-element_type=\"container\" data-e-type=\"container\" data-settings=\"{&quot;background_background&quot;:&quot;classic&quot;}\">\n\t\t<div class=\"elementor-element elementor-element-701d01c2 e-con-full e-flex e-con e-child\" data-id=\"701d01c2\" data-element_type=\"container\" data-e-type=\"container\" data-settings=\"{&quot;background_background&quot;:&quot;classic&quot;}\">\n\t\t<div class=\"elementor-element elementor-element-5a692e5e e-flex e-con-boxed e-con e-child\" data-id=\"5a692e5e\" data-element_type=\"container\" data-e-type=\"container\">\n\t\t\t\t\t<div class=\"e-con-inner\">\n\t\t<div class=\"elementor-element elementor-element-d420785 e-flex e-con-boxed e-con e-child\" data-id=\"d420785\" data-element_type=\"container\" data-e-type=\"container\">\n\t\t\t\t\t<div class=\"e-con-inner\">\n\t\t<div class=\"elementor-element elementor-element-5fe64b7b e-con-full e-flex e-con e-child\" data-id=\"5fe64b7b\" data-element_type=\"container\" data-e-type=\"container\">\n\t\t\t\t<div class=\"elementor-element elementor-element-1747b166 elementor-widget elementor-widget-heading\" data-id=\"1747b166\" data-element_type=\"widget\" data-e-type=\"widget\" data-widget_type=\"heading.default\">\n\t\t\t\t<div class=\"elementor-widget-container\">\n\t\t\t\t\t<h1 class=\"elementor-heading-title elementor-size-default\">Cookies<\/h1>\t\t\t\t<\/div>\n\t\t\t\t<\/div>\n\t\t\t\t<\/div>\n\t\t<div class=\"elementor-element elementor-element-8bf2432 e-con-full elementor-hidden-mobile e-flex e-con e-child\" data-id=\"8bf2432\" data-element_type=\"container\" data-e-type=\"container\">\n\t\t\t\t<\/div>\n\t\t\t\t\t<\/div>\n\t\t\t\t<\/div>\n\t\t<div class=\"elementor-element elementor-element-7500993f e-con-full e-flex e-con e-child\" data-id=\"7500993f\" data-element_type=\"container\" data-e-type=\"container\">\n\t\t<div class=\"elementor-element elementor-element-48b61bde e-con-full e-flex e-con e-child\" data-id=\"48b61bde\" data-element_type=\"container\" data-e-type=\"container\">\n\t\t\t\t<div class=\"elementor-element elementor-element-2c9e4cc5 elementor-widget elementor-widget-text-editor\" data-id=\"2c9e4cc5\" data-element_type=\"widget\" data-e-type=\"widget\" data-widget_type=\"text-editor.default\">\n\t\t\t\t<div class=\"elementor-widget-container\">\n\t\t\t\t\t\t\t\t\t<h5>Avis relatif aux cookies applicable \u00e0 l&rsquo;UE, \u00e0 la Suisse et au Royaume-Uni<\/h5><p><a href=\"\/wp-content\/uploads\/2024\/12\/Cookies-Notice-for-EU-CH-and-UK-Ver.-1.14-eff.-30-Dec-2024-English.pdf\" target=\"_blank\" rel=\"noopener\">VERSION 1.14 ; EN VIGUEUR LE 30 D\u00c9CEMBRE 2024<\/a><\/p>\t\t\t\t\t\t\t\t<\/div>\n\t\t\t\t<\/div>\n\t\t\t\t<\/div>\n\t\t<div class=\"elementor-element elementor-element-2a9a960c e-con-full elementor-hidden-mobile e-flex e-con e-child\" data-id=\"2a9a960c\" data-element_type=\"container\" data-e-type=\"container\">\n\t\t\t\t<\/div>\n\t\t\t\t<\/div>\n\t\t\t\t\t<\/div>\n\t\t\t\t<\/div>\n\t\t\t\t<\/div>\n\t\t\t\t<\/div>\n\t\t\t\t<\/div>\n\t\t","protected":false},"excerpt":{"rendered":"<p>Cookies Avis relatif aux cookies applicable \u00e0 l&rsquo;UE, \u00e0 la Suisse et au Royaume-Uni VERSION 1.14 ; EN VIGUEUR LE 30 D\u00c9CEMBRE 2024<\/p>\n","protected":false},"author":6,"featured_media":0,"parent":9004111222925418,"menu_order":0,"comment_status":"closed","ping_status":"closed","template":"","meta":{"_acf_changed":false,"content-type":"","footnotes":""},"class_list":["post-22103","page","type-page","status-publish","hentry"],"acf":[],"yoast_head":"<!-- This site is optimized with the Yoast SEO Premium plugin v26.5 (Yoast SEO v27.3) - https:\/\/yoast.com\/product\/yoast-seo-premium-wordpress\/ -->\n<title>Cookies Notice for EU, Switzerland, and the UK - OPEX<\/title>\n<meta name=\"description\" content=\"Cette ressource d\u00e9crit l&#039;avis d&#039;OPEX Corporation relatif aux cookies, applicable notamment dans l&#039;UE, en Suisse et au Royaume-Uni. En savoir plus.\" \/>\n<meta name=\"robots\" content=\"index, follow, max-snippet:-1, max-image-preview:large, max-video-preview:-1\" \/>\n<link rel=\"canonical\" href=\"https:\/\/www.opex.com\/fr\/legal\/cookies\/\" \/>\n<meta property=\"og:locale\" content=\"fr_FR\" \/>\n<meta property=\"og:type\" content=\"article\" \/>\n<meta property=\"og:title\" content=\"Cookies\" \/>\n<meta property=\"og:description\" content=\"Cette ressource d\u00e9crit l&#039;avis d&#039;OPEX Corporation relatif aux cookies, applicable notamment dans l&#039;UE, en Suisse et au Royaume-Uni. En savoir plus.\" \/>\n<meta property=\"og:url\" content=\"https:\/\/www.opex.com\/fr\/legal\/cookies\/\" \/>\n<meta property=\"og:site_name\" content=\"OPEX\" \/>\n<meta property=\"article:publisher\" content=\"https:\/\/www.facebook.com\/OPEXCorp\/\" \/>\n<meta property=\"article:modified_time\" content=\"2026-03-09T18:30:03+00:00\" \/>\n<meta name=\"twitter:card\" content=\"summary_large_image\" \/>\n<meta name=\"twitter:site\" content=\"@OPEXcorporation\" \/>\n<meta name=\"twitter:label1\" content=\"Dur\u00e9e de lecture estim\u00e9e\" \/>\n\t<meta name=\"twitter:data1\" content=\"1 minute\" \/>\n<script type=\"application\/ld+json\" class=\"yoast-schema-graph\">{\"@context\":\"https:\\\/\\\/schema.org\",\"@graph\":[{\"@type\":\"WebPage\",\"@id\":\"https:\\\/\\\/www.opex.com\\\/fr\\\/legal\\\/cookies\\\/\",\"url\":\"https:\\\/\\\/www.opex.com\\\/fr\\\/legal\\\/cookies\\\/\",\"name\":\"Cookies Notice for EU, Switzerland, and the UK - OPEX\",\"isPartOf\":{\"@id\":\"https:\\\/\\\/www.opex.com\\\/fr\\\/#website\"},\"datePublished\":\"2024-02-10T00:04:57+00:00\",\"dateModified\":\"2026-03-09T18:30:03+00:00\",\"description\":\"Cette ressource d\u00e9crit l'avis d'OPEX Corporation relatif aux cookies, applicable notamment dans l'UE, en Suisse et au Royaume-Uni. En savoir plus.\",\"breadcrumb\":{\"@id\":\"https:\\\/\\\/www.opex.com\\\/fr\\\/legal\\\/cookies\\\/#breadcrumb\"},\"inLanguage\":\"fr-FR\",\"potentialAction\":[{\"@type\":\"ReadAction\",\"target\":[\"https:\\\/\\\/www.opex.com\\\/fr\\\/legal\\\/cookies\\\/\"]}]},{\"@type\":\"BreadcrumbList\",\"@id\":\"https:\\\/\\\/www.opex.com\\\/fr\\\/legal\\\/cookies\\\/#breadcrumb\",\"itemListElement\":[{\"@type\":\"ListItem\",\"position\":1,\"name\":\"Home\",\"item\":\"https:\\\/\\\/www.opex.com\\\/fr\\\/\"},{\"@type\":\"ListItem\",\"position\":2,\"name\":\"Mentions l\u00e9gales\",\"item\":\"https:\\\/\\\/www.opex.com\\\/fr\\\/legal\\\/\"},{\"@type\":\"ListItem\",\"position\":3,\"name\":\"Cookies\"}]},{\"@type\":\"WebSite\",\"@id\":\"https:\\\/\\\/www.opex.com\\\/fr\\\/#website\",\"url\":\"https:\\\/\\\/www.opex.com\\\/fr\\\/\",\"name\":\"OPEX\",\"description\":\"Next Generation Automation\",\"publisher\":{\"@id\":\"https:\\\/\\\/www.opex.com\\\/fr\\\/#organization\"},\"potentialAction\":[{\"@type\":\"SearchAction\",\"target\":{\"@type\":\"EntryPoint\",\"urlTemplate\":\"https:\\\/\\\/www.opex.com\\\/fr\\\/?s={search_term_string}\"},\"query-input\":{\"@type\":\"PropertyValueSpecification\",\"valueRequired\":true,\"valueName\":\"search_term_string\"}}],\"inLanguage\":\"fr-FR\"},{\"@type\":\"Organization\",\"@id\":\"https:\\\/\\\/www.opex.com\\\/fr\\\/#organization\",\"name\":\"OPEX Corporation\",\"alternateName\":\"OPEX Corporation\",\"url\":\"https:\\\/\\\/www.opex.com\\\/fr\\\/\",\"logo\":{\"@type\":\"ImageObject\",\"inLanguage\":\"fr-FR\",\"@id\":\"https:\\\/\\\/www.opex.com\\\/fr\\\/#\\\/schema\\\/logo\\\/image\\\/\",\"url\":\"https:\\\/\\\/www.opex.com\\\/wp-content\\\/uploads\\\/2024\\\/01\\\/logo-opex-blue.svg\",\"contentUrl\":\"https:\\\/\\\/www.opex.com\\\/wp-content\\\/uploads\\\/2024\\\/01\\\/logo-opex-blue.svg\",\"caption\":\"OPEX Corporation\"},\"image\":{\"@id\":\"https:\\\/\\\/www.opex.com\\\/fr\\\/#\\\/schema\\\/logo\\\/image\\\/\"},\"sameAs\":[\"https:\\\/\\\/www.facebook.com\\\/OPEXCorp\\\/\",\"https:\\\/\\\/x.com\\\/OPEXcorporation\",\"https:\\\/\\\/www.linkedin.com\\\/company\\\/opex-corporation\\\/\",\"https:\\\/\\\/www.instagram.com\\\/opexcorporation\\\/\"],\"email\":\"info@opex.com\",\"telephone\":\"+1-856-727-1100\",\"legalName\":\"OPEX Corporation\",\"numberOfEmployees\":{\"@type\":\"QuantitativeValue\",\"minValue\":\"1001\",\"maxValue\":\"5000\"}}]}<\/script>\n<!-- \/ Yoast SEO Premium plugin. -->","yoast_head_json":{"title":"Cookies Notice for EU, Switzerland, and the UK - OPEX","description":"Cette ressource d\u00e9crit l'avis d'OPEX Corporation relatif aux cookies, applicable notamment dans l'UE, en Suisse et au Royaume-Uni. En savoir plus.","robots":{"index":"index","follow":"follow","max-snippet":"max-snippet:-1","max-image-preview":"max-image-preview:large","max-video-preview":"max-video-preview:-1"},"canonical":"https:\/\/www.opex.com\/fr\/legal\/cookies\/","og_locale":"fr_FR","og_type":"article","og_title":"Cookies","og_description":"Cette ressource d\u00e9crit l'avis d'OPEX Corporation relatif aux cookies, applicable notamment dans l'UE, en Suisse et au Royaume-Uni. En savoir plus.","og_url":"https:\/\/www.opex.com\/fr\/legal\/cookies\/","og_site_name":"OPEX","article_publisher":"https:\/\/www.facebook.com\/OPEXCorp\/","article_modified_time":"2026-03-09T18:30:03+00:00","twitter_card":"summary_large_image","twitter_site":"@OPEXcorporation","twitter_misc":{"Dur\u00e9e de lecture estim\u00e9e":"1 minute"},"schema":{"@context":"https:\/\/schema.org","@graph":[{"@type":"WebPage","@id":"https:\/\/www.opex.com\/fr\/legal\/cookies\/","url":"https:\/\/www.opex.com\/fr\/legal\/cookies\/","name":"Cookies Notice for EU, Switzerland, and the UK - OPEX","isPartOf":{"@id":"https:\/\/www.opex.com\/fr\/#website"},"datePublished":"2024-02-10T00:04:57+00:00","dateModified":"2026-03-09T18:30:03+00:00","description":"Cette ressource d\u00e9crit l'avis d'OPEX Corporation relatif aux cookies, applicable notamment dans l'UE, en Suisse et au Royaume-Uni. En savoir plus.","breadcrumb":{"@id":"https:\/\/www.opex.com\/fr\/legal\/cookies\/#breadcrumb"},"inLanguage":"fr-FR","potentialAction":[{"@type":"ReadAction","target":["https:\/\/www.opex.com\/fr\/legal\/cookies\/"]}]},{"@type":"BreadcrumbList","@id":"https:\/\/www.opex.com\/fr\/legal\/cookies\/#breadcrumb","itemListElement":[{"@type":"ListItem","position":1,"name":"Home","item":"https:\/\/www.opex.com\/fr\/"},{"@type":"ListItem","position":2,"name":"Mentions l\u00e9gales","item":"https:\/\/www.opex.com\/fr\/legal\/"},{"@type":"ListItem","position":3,"name":"Cookies"}]},{"@type":"WebSite","@id":"https:\/\/www.opex.com\/fr\/#website","url":"https:\/\/www.opex.com\/fr\/","name":"OPEX","description":"Next Generation Automation","publisher":{"@id":"https:\/\/www.opex.com\/fr\/#organization"},"potentialAction":[{"@type":"SearchAction","target":{"@type":"EntryPoint","urlTemplate":"https:\/\/www.opex.com\/fr\/?s={search_term_string}"},"query-input":{"@type":"PropertyValueSpecification","valueRequired":true,"valueName":"search_term_string"}}],"inLanguage":"fr-FR"},{"@type":"Organization","@id":"https:\/\/www.opex.com\/fr\/#organization","name":"OPEX Corporation","alternateName":"OPEX Corporation","url":"https:\/\/www.opex.com\/fr\/","logo":{"@type":"ImageObject","inLanguage":"fr-FR","@id":"https:\/\/www.opex.com\/fr\/#\/schema\/logo\/image\/","url":"https:\/\/www.opex.com\/wp-content\/uploads\/2024\/01\/logo-opex-blue.svg","contentUrl":"https:\/\/www.opex.com\/wp-content\/uploads\/2024\/01\/logo-opex-blue.svg","caption":"OPEX Corporation"},"image":{"@id":"https:\/\/www.opex.com\/fr\/#\/schema\/logo\/image\/"},"sameAs":["https:\/\/www.facebook.com\/OPEXCorp\/","https:\/\/x.com\/OPEXcorporation","https:\/\/www.linkedin.com\/company\/opex-corporation\/","https:\/\/www.instagram.com\/opexcorporation\/"],"email":"info@opex.com","telephone":"+1-856-727-1100","legalName":"OPEX Corporation","numberOfEmployees":{"@type":"QuantitativeValue","minValue":"1001","maxValue":"5000"}}]}},"publishpress_future_workflow_manual_trigger":{"enabledWorkflows":[]},"_links":{"self":[{"href":"https:\/\/www.opex.com\/fr\/wp-json\/wp\/v2\/pages\/22103","targetHints":{"allow":["GET"]}}],"collection":[{"href":"https:\/\/www.opex.com\/fr\/wp-json\/wp\/v2\/pages"}],"about":[{"href":"https:\/\/www.opex.com\/fr\/wp-json\/wp\/v2\/types\/page"}],"author":[{"embeddable":true,"href":"https:\/\/www.opex.com\/fr\/wp-json\/wp\/v2\/users\/6"}],"replies":[{"embeddable":true,"href":"https:\/\/www.opex.com\/fr\/wp-json\/wp\/v2\/comments?post=22103"}],"version-history":[{"count":13,"href":"https:\/\/www.opex.com\/fr\/wp-json\/wp\/v2\/pages\/22103\/revisions"}],"predecessor-version":[{"id":9004111222944868,"href":"https:\/\/www.opex.com\/fr\/wp-json\/wp\/v2\/pages\/22103\/revisions\/9004111222944868"}],"up":[{"embeddable":true,"href":"https:\/\/www.opex.com\/fr\/wp-json\/wp\/v2\/pages\/9004111222925418"}],"wp:attachment":[{"href":"https:\/\/www.opex.com\/fr\/wp-json\/wp\/v2\/media?parent=22103"}],"curies":[{"name":"wp","href":"https:\/\/api.w.org\/{rel}","templated":true}]}}