{"id":9004111222937135,"date":"2024-08-14T13:56:22","date_gmt":"2024-08-14T17:56:22","guid":{"rendered":"https:\/\/www.opex.com\/awards\/"},"modified":"2026-01-22T15:00:37","modified_gmt":"2026-01-22T20:00:37","slug":"awards","status":"publish","type":"page","link":"https:\/\/www.opex.com\/es\/awards\/","title":{"rendered":"Premios"},"content":{"rendered":"\t\t<div data-elementor-type=\"wp-page\" data-elementor-id=\"9004111222937135\" class=\"elementor elementor-9004111222937135 elementor-9004111222100543\" data-elementor-post-type=\"page\">\n\t\t\t\t<div class=\"elementor-element elementor-element-2b22eb2a e-con-full e-flex e-con e-parent\" data-id=\"2b22eb2a\" data-element_type=\"container\" data-e-type=\"container\" data-settings=\"{&quot;background_background&quot;:&quot;gradient&quot;}\">\n\t\t<div class=\"elementor-element elementor-element-48fbf689 e-flex e-con-boxed e-con e-child\" data-id=\"48fbf689\" data-element_type=\"container\" data-e-type=\"container\">\n\t\t\t\t\t<div class=\"e-con-inner\">\n\t\t<div class=\"elementor-element elementor-element-28a79d1d e-con-full e-flex e-con e-child\" data-id=\"28a79d1d\" data-element_type=\"container\" data-e-type=\"container\">\n\t\t\t\t<div class=\"elementor-element elementor-element-726bad3a elementor-widget elementor-widget-heading\" data-id=\"726bad3a\" data-element_type=\"widget\" data-e-type=\"widget\" data-widget_type=\"heading.default\">\n\t\t\t\t<div class=\"elementor-widget-container\">\n\t\t\t\t\t<h1 class=\"elementor-heading-title elementor-size-default\">premios<\/h1>\t\t\t\t<\/div>\n\t\t\t\t<\/div>\n\t\t\t\t<\/div>\n\t\t<div class=\"elementor-element elementor-element-4b2b77a3 e-con-full elementor-hidden-mobile e-flex e-con e-child\" data-id=\"4b2b77a3\" data-element_type=\"container\" data-e-type=\"container\">\n\t\t\t\t<\/div>\n\t\t\t\t\t<\/div>\n\t\t\t\t<\/div>\n\t\t<div class=\"elementor-element elementor-element-741a97a8 e-flex e-con-boxed e-con e-child\" data-id=\"741a97a8\" data-element_type=\"container\" data-e-type=\"container\">\n\t\t\t\t\t<div class=\"e-con-inner\">\n\t\t<div class=\"elementor-element elementor-element-3da4d5d8 e-flex e-con-boxed e-con e-child\" data-id=\"3da4d5d8\" data-element_type=\"container\" data-e-type=\"container\">\n\t\t\t\t\t<div class=\"e-con-inner\">\n\t\t\t\t<div class=\"elementor-element elementor-element-11b8ddc opex-event-grid elementor-widget elementor-widget-ucaddon_post_grid\" data-id=\"11b8ddc\" data-element_type=\"widget\" data-e-type=\"widget\" data-widget_type=\"ucaddon_post_grid.default\">\n\t\t\t\t<div class=\"elementor-widget-container\">\n\t\t\t\t\t\n<!-- start Post Grid -->\n\t\t<link id='font-awesome-css' href='https:\/\/www.opex.com\/wp-content\/plugins\/unlimited-elements-for-elementor-premium\/assets_libraries\/font-awesome6\/fontawesome-all.min.css' type='text\/css' rel='stylesheet' >\n\t\t<link id='font-awesome-4-shim-css' href='https:\/\/www.opex.com\/wp-content\/plugins\/unlimited-elements-for-elementor-premium\/assets_libraries\/font-awesome6\/fontawesome-v4-shims.min.css' type='text\/css' rel='stylesheet' >\n\n<style>\/* widget: Post Grid *\/\n\n\n\n#uc_post_grid_elementor_11b8ddc.uc_post_grid_style_one .uc_post_grid_style_one_wrap {\n   display:grid;\n}\n\n\n#uc_post_grid_elementor_11b8ddc .uc_post_grid_style_one_item\n{\n  position:relative;\n}\n\n#uc_post_grid_elementor_11b8ddc .uc_post_image\n{\n  transition:0.3s;\n  position:relative;\n  overflow:hidden;\n}\n\n#uc_post_grid_elementor_11b8ddc .uc_post_image img\n{\n  width:100%;\n  display:block;\n  transition:0.3s;\n}\n\n\n\t\n\n\n\n\n\n\n#uc_post_grid_elementor_11b8ddc .uc_post_image_overlay\n{\n  position:absolute;\n  top:0px;\n  left:0px;\n  height:100%;\n  width:100%;\n  transition:0.3s;\n}\n\n#uc_post_grid_elementor_11b8ddc .uc_more_btn-custom-field\n{\n  display:inline-block;\n  text-align:center;\n  text-decoration:none;\n  transition:0.3s;\n}\n\n#uc_post_grid_elementor_11b8ddc .uc_more_btn\n{\n  display:inline-block;\n  text-align:center;\n  text-decoration:none;\n  transition:0.3s;\n}\n\n.ue-grid-item-category a\n{\n  display:inline-block;\n  font-size:10px;\n  \n}\n.uc_post_title\n{\n  font-size:21px;\n}\n\n\n\n#uc_post_grid_elementor_11b8ddc .ue_post_grid_item\n{\n  display:flex;\n  flex-direction:column;\n}\n\n#uc_post_grid_elementor_11b8ddc.uc_post_grid_style_one .uc_content{\n flex-grow:1;\n}\n\n#uc_post_grid_elementor_11b8ddc.uc_post_grid_style_one .uc_content > div\n{\n  height:100%;\n  display:flex;\n  flex-direction:column;\n  }\n\n  \n\n\n\n\n\n\n\n\n\n\n\n\n\n\n\n\n\n\n\n\n\n\n#uc_post_grid_elementor_11b8ddc .ue-meta-data\n{\n  \n  display:flex;\n\n  flex-wrap: wrap;\n  line-height:1em;\n}\n\n#uc_post_grid_elementor_11b8ddc .ue-grid-item-meta-data\n{\n      display:inline-flex;\n      align-items:center;\n}\n\n#uc_post_grid_elementor_11b8ddc .ue-grid-item-meta-data a{\n  color:inherit;\n}\n\n.ue-grid-item-meta-data\n{\n  font-size:12px;\n}\n\n#uc_post_grid_elementor_11b8ddc .ue-grid-item-meta-data-icon\n{\n  line-height:1em;\n}\n\n#uc_post_grid_elementor_11b8ddc .ue-grid-item-meta-data-icon svg\n{\n  width:1em;\n  height:1em;\n}\n\n#uc_post_grid_elementor_11b8ddc .ue-debug-meta\n{\n  padding:10px;\n  border:1px solid red;\n  position:relative;\n  line-height:1.5em;\n  font-size:11px;\n  width:100%;\n}\n\n#uc_post_grid_elementor_11b8ddc .uc_btn_inner\n{\n  display:inline-flex;\n  align-items:center;\n}\n\n#uc_post_grid_elementor_11b8ddc .uc_btn_inner svg\n{\n  width:1em;\n  height:1em;\n}\n\n\n\n\n<\/style>\n\n<div class=\"uc_post_grid_style_one uc-filterable-grid \" id=\"uc_post_grid_elementor_11b8ddc\"  data-ajax='true'  data-filterbehave='ajax'  querydata='{&quot;count_posts&quot;:0,&quot;total_posts&quot;:0,&quot;page&quot;:1,&quot;num_pages&quot;:1,&quot;orderby&quot;:&quot;meta_value&quot;,&quot;orderdir&quot;:&quot;asc&quot;}' >\n\t\t<div class=\"uc_post_grid_style_one_wrap ue_post_grid uc-items-wrapper\">\n\t\t\t\n\t\t<\/div>\n\t<\/div>\n\n\n\n<!-- end Post Grid -->\t\t\t\t<\/div>\n\t\t\t\t<\/div>\n\t\t<div class=\"elementor-element elementor-element-6b23ae42 e-flex e-con-boxed e-con e-child\" data-id=\"6b23ae42\" data-element_type=\"container\" data-e-type=\"container\">\n\t\t\t\t\t<div class=\"e-con-inner\">\n\t\t\t\t<div class=\"elementor-element elementor-element-4a2474c4 elementor-widget elementor-widget-ucaddon_archive_pagination\" data-id=\"4a2474c4\" data-element_type=\"widget\" data-e-type=\"widget\" data-widget_type=\"ucaddon_archive_pagination.default\">\n\t\t\t\t<div class=\"elementor-widget-container\">\n\t\t\t\t\t\n<!-- start Post Pagination -->\n\n<style>\/* widget: Post Pagination *\/\n\n#uc_archive_pagination_elementor_4a2474c4 nav\n{\n  padding:0px;\n  margin:0px;\n}\n\n#uc_archive_pagination_elementor_4a2474c4 \n{\n  display:flex;\n  flex-wrap: wrap;\n  justify-content:flex-start;\n}\n\n#uc_archive_pagination_elementor_4a2474c4 .nav-links\n{\n  display:flex;\n  justify-content:flex-start;\n}\n\n#uc_archive_pagination_elementor_4a2474c4 .nav-links > *\n{\n}\n\n#uc_archive_pagination_elementor_4a2474c4 .page-numbers\n{\n  display:flex;\n  \n  align-items:center;\n  justify-content:center;\n  transition:0.3s;\n  line-height:1em;\n}\n\n\n#uc_archive_pagination_elementor_4a2474c4 a.page-numbers, #uc_archive_pagination_elementor_4a2474c4 .dots\n{\n  color:#004C97;\n  background-color:;\n}\n\n#uc_archive_pagination_elementor_4a2474c4 a.page-numbers:hover\n{\n  color:#6e6e6e;\n  background-color:#eeeeee;\n}\n\n#uc_archive_pagination_elementor_4a2474c4 .page-numbers.current,\n#uc_archive_pagination_elementor_4a2474c4 .page-numbers.current:hover\n{\n  background-color:#000000;\n  color:#ffffff;\n}\n\n\n#uc_archive_pagination_elementor_4a2474c4 .page-numbers.prev, #uc_archive_pagination_elementor_4a2474c4 .page-numbers.next\n{\n  padding-left:15px;\n  padding-right:15px;\n}\n\n\n\n#uc_archive_pagination_elementor_4a2474c4 .prev:before {\n   font-family: \"Font Awesome 5 Free\";\n   content: \"\\f060\";\n   display: inline-block;\n   vertical-align: middle;\n   font-weight: 900;\n   }\n\n#uc_archive_pagination_elementor_4a2474c4 .next:after {\n   font-family: \"Font Awesome 5 Free\";\n   content: \"\\f061\";\n   display: inline-block;\n   vertical-align: middle;\n   font-weight: 900;\n   }\n\n#uc_archive_pagination_elementor_4a2474c4.uc-ajax-loading{\n\topacity:1 !important;\n}\n\n#uc_archive_pagination_elementor_4a2474c4.uc-ajax-loading .current{\n\tposition:relative;\n    overflow:hidden;\n}\n\n\n#uc_archive_pagination_elementor_4a2474c4.uc-ajax-loading .current:before{\n  content: \"\";\n  display:block;\n  width:100%;\n  height:100%;\n  box-sizing:border-box;\n  position:absolute;\n  top:0px;\n  left:0px;\n  background-color: #c2c2c2;\n  animation: uc-spinning-border 0.5s linear infinite;\n  opacity:50%;\n  border-radius:inherit;\n}\n\n@keyframes uc-spinning-border {\n\t0%{transform: scale(0);}\n\t100%{transform: scale(1); }\t\n}\n\n\n\n<\/style>\n\n<div id=\"uc_archive_pagination_elementor_4a2474c4\" class=\"archive_pagination uc-filter-pagination\">\n\n<\/div>\n<!-- end Post Pagination -->\t\t\t\t<\/div>\n\t\t\t\t<\/div>\n\t\t\t\t\t<\/div>\n\t\t\t\t<\/div>\n\t\t\t\t\t<\/div>\n\t\t\t\t<\/div>\n\t\t\t\t\t<\/div>\n\t\t\t\t<\/div>\n\t\t\t\t<\/div>\n\t\t<div class=\"elementor-element elementor-element-23910756 e-flex e-con-boxed e-con e-parent\" data-id=\"23910756\" data-element_type=\"container\" data-e-type=\"container\" data-settings=\"{&quot;background_background&quot;:&quot;classic&quot;}\">\n\t\t\t\t\t<div class=\"e-con-inner\">\n\t\t<div class=\"elementor-element elementor-element-4acdf281 e-con-full e-flex e-con e-child\" data-id=\"4acdf281\" data-element_type=\"container\" data-e-type=\"container\">\n\t\t\t\t<div class=\"elementor-element elementor-element-1c81b396 elementor-widget elementor-widget-text-editor\" data-id=\"1c81b396\" data-element_type=\"widget\" data-e-type=\"widget\" data-widget_type=\"text-editor.default\">\n\t\t\t\t<div class=\"elementor-widget-container\">\n\t\t\t\t\t\t\t\t\t<p class=\"opex-label-strong opex-spacer-mbe-1 opex-spacer-ls-1\">AUTOMATIZACI\u00d3N DE SIGUIENTE NIVEL<\/p>\n\n<h2 class=\"opex-spacer-mbs-0\">Desbloquee la eficiencia operativa con OPEX<\/h2>\t\t\t\t\t\t\t\t<\/div>\n\t\t\t\t<\/div>\n\t\t\t\t<\/div>\n\t\t<div class=\"elementor-element elementor-element-2c9193fc e-con-full e-flex e-con e-child\" data-id=\"2c9193fc\" data-element_type=\"container\" data-e-type=\"container\">\n\t\t\t\t<div class=\"elementor-element elementor-element-2f3afeca elementor-widget elementor-widget-text-editor\" data-id=\"2f3afeca\" data-element_type=\"widget\" data-e-type=\"widget\" data-widget_type=\"text-editor.default\">\n\t\t\t\t<div class=\"elementor-widget-container\">\n\t\t\t\t\t\t\t\t\t<p>OPEX est\u00e1 impulsando el futuro de la automatizaci\u00f3n. P\u00f3ngase en contacto con nosotros para obtener m\u00e1s informaci\u00f3n sobre c\u00f3mo nuestras soluciones automatizadas integradas verticalmente pueden ayudarle a llevar su negocio a nuevas cotas. <\/p>\t\t\t\t\t\t\t\t<\/div>\n\t\t\t\t<\/div>\n\t\t\t\t<div class=\"elementor-element elementor-element-24576990 opex-button-dark elementor-widget elementor-widget-button\" data-id=\"24576990\" data-element_type=\"widget\" data-e-type=\"widget\" data-widget_type=\"button.default\">\n\t\t\t\t<div class=\"elementor-widget-container\">\n\t\t\t\t\t\t\t\t\t<div class=\"elementor-button-wrapper\">\n\t\t\t\t\t<a class=\"elementor-button elementor-button-link elementor-size-sm\" href=\"#\">\n\t\t\t\t\t\t<span class=\"elementor-button-content-wrapper\">\n\t\t\t\t\t\t\t\t\t<span class=\"elementor-button-text\">TRABAJEMOS JUNTOS<\/span>\n\t\t\t\t\t<\/span>\n\t\t\t\t\t<\/a>\n\t\t\t\t<\/div>\n\t\t\t\t\t\t\t\t<\/div>\n\t\t\t\t<\/div>\n\t\t\t\t<\/div>\n\t\t\t\t\t<\/div>\n\t\t\t\t<\/div>\n\t\t\t\t<\/div>\n\t\t","protected":false},"excerpt":{"rendered":"<p>premios Comunicado de prensa Comunicado de prensa Comunicado de prensa Comunicado de prensa Comunicado de prensa Comunicado de prensa Comunicado de prensa Comunicado de prensa Comunicado de prensa Comunicado de prensa AUTOMATIZACI\u00d3N DE SIGUIENTE NIVEL Desbloquee la eficiencia operativa con OPEX OPEX est\u00e1 impulsando el futuro de la automatizaci\u00f3n. P\u00f3ngase en contacto con nosotros para [&hellip;]<\/p>\n","protected":false},"author":6,"featured_media":0,"parent":0,"menu_order":0,"comment_status":"closed","ping_status":"closed","template":"","meta":{"_acf_changed":false,"content-type":"","footnotes":""},"class_list":["post-9004111222937135","page","type-page","status-publish","hentry"],"acf":[],"yoast_head":"<!-- This site is optimized with the Yoast SEO Premium plugin v26.5 (Yoast SEO v27.3) - https:\/\/yoast.com\/product\/yoast-seo-premium-wordpress\/ -->\n<title>Premios - OPEX<\/title>\n<meta name=\"robots\" content=\"index, follow, max-snippet:-1, max-image-preview:large, max-video-preview:-1\" \/>\n<link rel=\"canonical\" href=\"https:\/\/www.opex.com\/es\/awards\/\" \/>\n<meta property=\"og:locale\" content=\"es_ES\" \/>\n<meta property=\"og:type\" content=\"article\" \/>\n<meta property=\"og:title\" content=\"Premios\" \/>\n<meta property=\"og:description\" content=\"premios Comunicado de prensa Comunicado de prensa Comunicado de prensa Comunicado de prensa Comunicado de prensa Comunicado de prensa Comunicado de prensa Comunicado de prensa Comunicado de prensa Comunicado de prensa AUTOMATIZACI\u00d3N DE SIGUIENTE NIVEL Desbloquee la eficiencia operativa con OPEX OPEX est\u00e1 impulsando el futuro de la automatizaci\u00f3n. P\u00f3ngase en contacto con nosotros para [&hellip;]\" \/>\n<meta property=\"og:url\" content=\"https:\/\/www.opex.com\/es\/awards\/\" \/>\n<meta property=\"og:site_name\" content=\"OPEX\" \/>\n<meta property=\"article:publisher\" content=\"https:\/\/www.facebook.com\/OPEXCorp\/\" \/>\n<meta property=\"article:modified_time\" content=\"2026-01-22T20:00:37+00:00\" \/>\n<meta property=\"og:image\" content=\"https:\/\/www.opex.com\/wp-content\/uploads\/2025\/08\/Pinnacle-Award.jpg\" \/>\n<meta name=\"twitter:card\" content=\"summary_large_image\" \/>\n<meta name=\"twitter:site\" content=\"@OPEXcorporation\" \/>\n<script type=\"application\/ld+json\" class=\"yoast-schema-graph\">{\"@context\":\"https:\\\/\\\/schema.org\",\"@graph\":[{\"@type\":\"WebPage\",\"@id\":\"https:\\\/\\\/www.opex.com\\\/es\\\/awards\\\/\",\"url\":\"https:\\\/\\\/www.opex.com\\\/es\\\/awards\\\/\",\"name\":\"Premios - OPEX\",\"isPartOf\":{\"@id\":\"https:\\\/\\\/www.opex.com\\\/es\\\/#website\"},\"primaryImageOfPage\":{\"@id\":\"https:\\\/\\\/www.opex.com\\\/es\\\/awards\\\/#primaryimage\"},\"image\":{\"@id\":\"https:\\\/\\\/www.opex.com\\\/es\\\/awards\\\/#primaryimage\"},\"thumbnailUrl\":\"https:\\\/\\\/www.opex.com\\\/wp-content\\\/uploads\\\/2025\\\/08\\\/Pinnacle-Award.jpg\",\"datePublished\":\"2024-08-14T17:56:22+00:00\",\"dateModified\":\"2026-01-22T20:00:37+00:00\",\"breadcrumb\":{\"@id\":\"https:\\\/\\\/www.opex.com\\\/es\\\/awards\\\/#breadcrumb\"},\"inLanguage\":\"es\",\"potentialAction\":[{\"@type\":\"ReadAction\",\"target\":[\"https:\\\/\\\/www.opex.com\\\/es\\\/awards\\\/\"]}]},{\"@type\":\"ImageObject\",\"inLanguage\":\"es\",\"@id\":\"https:\\\/\\\/www.opex.com\\\/es\\\/awards\\\/#primaryimage\",\"url\":\"https:\\\/\\\/www.opex.com\\\/wp-content\\\/uploads\\\/2025\\\/08\\\/Pinnacle-Award.jpg\",\"contentUrl\":\"https:\\\/\\\/www.opex.com\\\/wp-content\\\/uploads\\\/2025\\\/08\\\/Pinnacle-Award.jpg\"},{\"@type\":\"BreadcrumbList\",\"@id\":\"https:\\\/\\\/www.opex.com\\\/es\\\/awards\\\/#breadcrumb\",\"itemListElement\":[{\"@type\":\"ListItem\",\"position\":1,\"name\":\"Home\",\"item\":\"https:\\\/\\\/www.opex.com\\\/es\\\/\"},{\"@type\":\"ListItem\",\"position\":2,\"name\":\"Premios\"}]},{\"@type\":\"WebSite\",\"@id\":\"https:\\\/\\\/www.opex.com\\\/es\\\/#website\",\"url\":\"https:\\\/\\\/www.opex.com\\\/es\\\/\",\"name\":\"OPEX\",\"description\":\"Next Generation Automation\",\"publisher\":{\"@id\":\"https:\\\/\\\/www.opex.com\\\/es\\\/#organization\"},\"potentialAction\":[{\"@type\":\"SearchAction\",\"target\":{\"@type\":\"EntryPoint\",\"urlTemplate\":\"https:\\\/\\\/www.opex.com\\\/es\\\/?s={search_term_string}\"},\"query-input\":{\"@type\":\"PropertyValueSpecification\",\"valueRequired\":true,\"valueName\":\"search_term_string\"}}],\"inLanguage\":\"es\"},{\"@type\":\"Organization\",\"@id\":\"https:\\\/\\\/www.opex.com\\\/es\\\/#organization\",\"name\":\"OPEX Corporation\",\"alternateName\":\"OPEX Corporation\",\"url\":\"https:\\\/\\\/www.opex.com\\\/es\\\/\",\"logo\":{\"@type\":\"ImageObject\",\"inLanguage\":\"es\",\"@id\":\"https:\\\/\\\/www.opex.com\\\/es\\\/#\\\/schema\\\/logo\\\/image\\\/\",\"url\":\"https:\\\/\\\/www.opex.com\\\/wp-content\\\/uploads\\\/2024\\\/01\\\/logo-opex-blue.svg\",\"contentUrl\":\"https:\\\/\\\/www.opex.com\\\/wp-content\\\/uploads\\\/2024\\\/01\\\/logo-opex-blue.svg\",\"caption\":\"OPEX Corporation\"},\"image\":{\"@id\":\"https:\\\/\\\/www.opex.com\\\/es\\\/#\\\/schema\\\/logo\\\/image\\\/\"},\"sameAs\":[\"https:\\\/\\\/www.facebook.com\\\/OPEXCorp\\\/\",\"https:\\\/\\\/x.com\\\/OPEXcorporation\",\"https:\\\/\\\/www.linkedin.com\\\/company\\\/opex-corporation\\\/\",\"https:\\\/\\\/www.instagram.com\\\/opexcorporation\\\/\"],\"email\":\"info@opex.com\",\"telephone\":\"+1-856-727-1100\",\"legalName\":\"OPEX Corporation\",\"numberOfEmployees\":{\"@type\":\"QuantitativeValue\",\"minValue\":\"1001\",\"maxValue\":\"5000\"}}]}<\/script>\n<!-- \/ Yoast SEO Premium plugin. -->","yoast_head_json":{"title":"Premios - OPEX","robots":{"index":"index","follow":"follow","max-snippet":"max-snippet:-1","max-image-preview":"max-image-preview:large","max-video-preview":"max-video-preview:-1"},"canonical":"https:\/\/www.opex.com\/es\/awards\/","og_locale":"es_ES","og_type":"article","og_title":"Premios","og_description":"premios Comunicado de prensa Comunicado de prensa Comunicado de prensa Comunicado de prensa Comunicado de prensa Comunicado de prensa Comunicado de prensa Comunicado de prensa Comunicado de prensa Comunicado de prensa AUTOMATIZACI\u00d3N DE SIGUIENTE NIVEL Desbloquee la eficiencia operativa con OPEX OPEX est\u00e1 impulsando el futuro de la automatizaci\u00f3n. P\u00f3ngase en contacto con nosotros para [&hellip;]","og_url":"https:\/\/www.opex.com\/es\/awards\/","og_site_name":"OPEX","article_publisher":"https:\/\/www.facebook.com\/OPEXCorp\/","article_modified_time":"2026-01-22T20:00:37+00:00","og_image":[{"url":"https:\/\/www.opex.com\/wp-content\/uploads\/2025\/08\/Pinnacle-Award.jpg","type":"","width":"","height":""}],"twitter_card":"summary_large_image","twitter_site":"@OPEXcorporation","schema":{"@context":"https:\/\/schema.org","@graph":[{"@type":"WebPage","@id":"https:\/\/www.opex.com\/es\/awards\/","url":"https:\/\/www.opex.com\/es\/awards\/","name":"Premios - OPEX","isPartOf":{"@id":"https:\/\/www.opex.com\/es\/#website"},"primaryImageOfPage":{"@id":"https:\/\/www.opex.com\/es\/awards\/#primaryimage"},"image":{"@id":"https:\/\/www.opex.com\/es\/awards\/#primaryimage"},"thumbnailUrl":"https:\/\/www.opex.com\/wp-content\/uploads\/2025\/08\/Pinnacle-Award.jpg","datePublished":"2024-08-14T17:56:22+00:00","dateModified":"2026-01-22T20:00:37+00:00","breadcrumb":{"@id":"https:\/\/www.opex.com\/es\/awards\/#breadcrumb"},"inLanguage":"es","potentialAction":[{"@type":"ReadAction","target":["https:\/\/www.opex.com\/es\/awards\/"]}]},{"@type":"ImageObject","inLanguage":"es","@id":"https:\/\/www.opex.com\/es\/awards\/#primaryimage","url":"https:\/\/www.opex.com\/wp-content\/uploads\/2025\/08\/Pinnacle-Award.jpg","contentUrl":"https:\/\/www.opex.com\/wp-content\/uploads\/2025\/08\/Pinnacle-Award.jpg"},{"@type":"BreadcrumbList","@id":"https:\/\/www.opex.com\/es\/awards\/#breadcrumb","itemListElement":[{"@type":"ListItem","position":1,"name":"Home","item":"https:\/\/www.opex.com\/es\/"},{"@type":"ListItem","position":2,"name":"Premios"}]},{"@type":"WebSite","@id":"https:\/\/www.opex.com\/es\/#website","url":"https:\/\/www.opex.com\/es\/","name":"OPEX","description":"Next Generation Automation","publisher":{"@id":"https:\/\/www.opex.com\/es\/#organization"},"potentialAction":[{"@type":"SearchAction","target":{"@type":"EntryPoint","urlTemplate":"https:\/\/www.opex.com\/es\/?s={search_term_string}"},"query-input":{"@type":"PropertyValueSpecification","valueRequired":true,"valueName":"search_term_string"}}],"inLanguage":"es"},{"@type":"Organization","@id":"https:\/\/www.opex.com\/es\/#organization","name":"OPEX Corporation","alternateName":"OPEX Corporation","url":"https:\/\/www.opex.com\/es\/","logo":{"@type":"ImageObject","inLanguage":"es","@id":"https:\/\/www.opex.com\/es\/#\/schema\/logo\/image\/","url":"https:\/\/www.opex.com\/wp-content\/uploads\/2024\/01\/logo-opex-blue.svg","contentUrl":"https:\/\/www.opex.com\/wp-content\/uploads\/2024\/01\/logo-opex-blue.svg","caption":"OPEX Corporation"},"image":{"@id":"https:\/\/www.opex.com\/es\/#\/schema\/logo\/image\/"},"sameAs":["https:\/\/www.facebook.com\/OPEXCorp\/","https:\/\/x.com\/OPEXcorporation","https:\/\/www.linkedin.com\/company\/opex-corporation\/","https:\/\/www.instagram.com\/opexcorporation\/"],"email":"info@opex.com","telephone":"+1-856-727-1100","legalName":"OPEX Corporation","numberOfEmployees":{"@type":"QuantitativeValue","minValue":"1001","maxValue":"5000"}}]}},"publishpress_future_workflow_manual_trigger":{"enabledWorkflows":[]},"_links":{"self":[{"href":"https:\/\/www.opex.com\/es\/wp-json\/wp\/v2\/pages\/9004111222937135","targetHints":{"allow":["GET"]}}],"collection":[{"href":"https:\/\/www.opex.com\/es\/wp-json\/wp\/v2\/pages"}],"about":[{"href":"https:\/\/www.opex.com\/es\/wp-json\/wp\/v2\/types\/page"}],"author":[{"embeddable":true,"href":"https:\/\/www.opex.com\/es\/wp-json\/wp\/v2\/users\/6"}],"replies":[{"embeddable":true,"href":"https:\/\/www.opex.com\/es\/wp-json\/wp\/v2\/comments?post=9004111222937135"}],"version-history":[{"count":5,"href":"https:\/\/www.opex.com\/es\/wp-json\/wp\/v2\/pages\/9004111222937135\/revisions"}],"predecessor-version":[{"id":9004111222941320,"href":"https:\/\/www.opex.com\/es\/wp-json\/wp\/v2\/pages\/9004111222937135\/revisions\/9004111222941320"}],"wp:attachment":[{"href":"https:\/\/www.opex.com\/es\/wp-json\/wp\/v2\/media?parent=9004111222937135"}],"curies":[{"name":"wp","href":"https:\/\/api.w.org\/{rel}","templated":true}]}}