{"id":9004111222925420,"date":"2024-03-15T10:25:00","date_gmt":"2024-03-15T14:25:00","guid":{"rendered":"https:\/\/www.opex.com\/legal\/"},"modified":"2025-06-27T10:24:02","modified_gmt":"2025-06-27T14:24:02","slug":"legal","status":"publish","type":"page","link":"https:\/\/www.opex.com\/es\/legal\/","title":{"rendered":"Legal"},"content":{"rendered":"\t\t<div data-elementor-type=\"wp-page\" data-elementor-id=\"9004111222925420\" class=\"elementor elementor-9004111222925420 elementor-21947\" data-elementor-post-type=\"page\">\n\t\t\t\t<div class=\"elementor-element elementor-element-680f318b e-con-full e-flex e-con e-parent\" data-id=\"680f318b\" data-element_type=\"container\" data-e-type=\"container\" data-settings=\"{&quot;background_background&quot;:&quot;classic&quot;}\">\n\t\t<div class=\"elementor-element elementor-element-7b9b0edf e-con-full e-flex e-con e-child\" data-id=\"7b9b0edf\" data-element_type=\"container\" data-e-type=\"container\" data-settings=\"{&quot;background_background&quot;:&quot;classic&quot;}\">\n\t\t<div class=\"elementor-element elementor-element-74660244 e-flex e-con-boxed e-con e-child\" data-id=\"74660244\" data-element_type=\"container\" data-e-type=\"container\">\n\t\t\t\t\t<div class=\"e-con-inner\">\n\t\t<div class=\"elementor-element elementor-element-31b1a894 e-flex e-con-boxed e-con e-child\" data-id=\"31b1a894\" data-element_type=\"container\" data-e-type=\"container\">\n\t\t\t\t\t<div class=\"e-con-inner\">\n\t\t<div class=\"elementor-element elementor-element-2f800d74 e-con-full e-flex e-con e-child\" data-id=\"2f800d74\" data-element_type=\"container\" data-e-type=\"container\">\n\t\t\t\t<div class=\"elementor-element elementor-element-3450b210 elementor-widget elementor-widget-heading\" data-id=\"3450b210\" data-element_type=\"widget\" data-e-type=\"widget\" data-widget_type=\"heading.default\">\n\t\t\t\t<div class=\"elementor-widget-container\">\n\t\t\t\t\t<h1 class=\"elementor-heading-title elementor-size-default\">T\u00e9rminos legales<\/h1>\t\t\t\t<\/div>\n\t\t\t\t<\/div>\n\t\t\t\t<\/div>\n\t\t<div class=\"elementor-element elementor-element-21abd7ef e-con-full elementor-hidden-mobile e-flex e-con e-child\" data-id=\"21abd7ef\" data-element_type=\"container\" data-e-type=\"container\">\n\t\t\t\t<\/div>\n\t\t\t\t\t<\/div>\n\t\t\t\t<\/div>\n\t\t\t\t\t<\/div>\n\t\t\t\t<\/div>\n\t\t<div class=\"elementor-element elementor-element-6515d3f0 e-flex e-con-boxed e-con e-child\" data-id=\"6515d3f0\" data-element_type=\"container\" data-e-type=\"container\">\n\t\t\t\t\t<div class=\"e-con-inner\">\n\t\t<div class=\"elementor-element elementor-element-428e469a e-flex e-con-boxed e-con e-child\" data-id=\"428e469a\" data-element_type=\"container\" data-e-type=\"container\">\n\t\t\t\t\t<div class=\"e-con-inner\">\n\t\t<a class=\"elementor-element elementor-element-3c5b06d6 e-flex e-con-boxed e-con e-child\" data-id=\"3c5b06d6\" data-element_type=\"container\" data-e-type=\"container\" data-settings=\"{&quot;background_background&quot;:&quot;classic&quot;}\" href=\"https:\/\/www.opex.com\/es\/condiciones-de-uso-del-sitio-web\/\">\n\t\t\t\t\t<div class=\"e-con-inner\">\n\t\t\t\t<div class=\"elementor-element elementor-element-48ff8afc elementor-widget__width-inherit elementor-widget elementor-widget-heading\" data-id=\"48ff8afc\" data-element_type=\"widget\" data-e-type=\"widget\" data-widget_type=\"heading.default\">\n\t\t\t\t<div class=\"elementor-widget-container\">\n\t\t\t\t\t<h4 class=\"elementor-heading-title elementor-size-default\">T\u00e9rminos de uso del sitio web<\/h4>\t\t\t\t<\/div>\n\t\t\t\t<\/div>\n\t\t\t\t\t<\/div>\n\t\t\t\t<\/a>\n\t\t<a class=\"elementor-element elementor-element-260f8bb9 e-flex e-con-boxed e-con e-child\" data-id=\"260f8bb9\" data-element_type=\"container\" data-e-type=\"container\" data-settings=\"{&quot;background_background&quot;:&quot;classic&quot;}\" href=\"https:\/\/www.opex.com\/es\/privacidad-de-datos\/\">\n\t\t\t\t\t<div class=\"e-con-inner\">\n\t\t\t\t<div class=\"elementor-element elementor-element-15dab438 elementor-widget__width-inherit elementor-widget elementor-widget-heading\" data-id=\"15dab438\" data-element_type=\"widget\" data-e-type=\"widget\" data-widget_type=\"heading.default\">\n\t\t\t\t<div class=\"elementor-widget-container\">\n\t\t\t\t\t<h4 class=\"elementor-heading-title elementor-size-default\">Privacidad de datos<\/h4>\t\t\t\t<\/div>\n\t\t\t\t<\/div>\n\t\t\t\t\t<\/div>\n\t\t\t\t<\/a>\n\t\t<a class=\"elementor-element elementor-element-32a58007 e-con-full e-flex e-con e-child\" data-id=\"32a58007\" data-element_type=\"container\" data-e-type=\"container\" data-settings=\"{&quot;background_background&quot;:&quot;classic&quot;}\" href=\"\/legal\/cookies-notice-applicable-to-the-eu-switzerland-and-the-uk\">\n\t\t\t\t<div class=\"elementor-element elementor-element-3a7cc9e4 elementor-widget__width-inherit elementor-widget elementor-widget-heading\" data-id=\"3a7cc9e4\" data-element_type=\"widget\" data-e-type=\"widget\" data-widget_type=\"heading.default\">\n\t\t\t\t<div class=\"elementor-widget-container\">\n\t\t\t\t\t<h4 class=\"elementor-heading-title elementor-size-default\">Avisos de cookies para la UE, Suiza y el Reino Unido<\/h4>\t\t\t\t<\/div>\n\t\t\t\t<\/div>\n\t\t\t\t<\/a>\n\t\t\t\t\t<\/div>\n\t\t\t\t<\/div>\n\t\t<div class=\"elementor-element elementor-element-926ba04 e-flex e-con-boxed e-con e-child\" data-id=\"926ba04\" data-element_type=\"container\" data-e-type=\"container\">\n\t\t\t\t\t<div class=\"e-con-inner\">\n\t\t<a class=\"elementor-element elementor-element-33e19911 e-con-full e-flex e-con e-child\" data-id=\"33e19911\" data-element_type=\"container\" data-e-type=\"container\" data-settings=\"{&quot;background_background&quot;:&quot;classic&quot;}\" href=\"\/legal\/statement-on-modern-slavery-and-human-trafficking\">\n\t\t\t\t<div class=\"elementor-element elementor-element-7cacba35 elementor-widget__width-inherit elementor-widget elementor-widget-heading\" data-id=\"7cacba35\" data-element_type=\"widget\" data-e-type=\"widget\" data-widget_type=\"heading.default\">\n\t\t\t\t<div class=\"elementor-widget-container\">\n\t\t\t\t\t<h4 class=\"elementor-heading-title elementor-size-default\">Esclavitud moderna<\/h4>\t\t\t\t<\/div>\n\t\t\t\t<\/div>\n\t\t\t\t<\/a>\n\t\t<a class=\"elementor-element elementor-element-73598abb e-con-full e-flex e-con e-child\" data-id=\"73598abb\" data-element_type=\"container\" data-e-type=\"container\" data-settings=\"{&quot;background_background&quot;:&quot;classic&quot;}\" href=\"\/legal\/weee-and-batteries-regulations-and-obligations\/\">\n\t\t\t\t<div class=\"elementor-element elementor-element-2e028ea8 elementor-widget__width-inherit elementor-widget elementor-widget-heading\" data-id=\"2e028ea8\" data-element_type=\"widget\" data-e-type=\"widget\" data-widget_type=\"heading.default\">\n\t\t\t\t<div class=\"elementor-widget-container\">\n\t\t\t\t\t<h4 class=\"elementor-heading-title elementor-size-default\">Ambiental<\/h4>\t\t\t\t<\/div>\n\t\t\t\t<\/div>\n\t\t\t\t<\/a>\n\t\t<a class=\"elementor-element elementor-element-68780e21 e-con-full e-flex e-con e-child\" data-id=\"68780e21\" data-element_type=\"container\" data-e-type=\"container\" data-settings=\"{&quot;background_background&quot;:&quot;classic&quot;}\" href=\"\/legal\/supplier-terms-and-conditions\/\">\n\t\t\t\t<div class=\"elementor-element elementor-element-22f88596 elementor-widget__width-inherit elementor-widget elementor-widget-heading\" data-id=\"22f88596\" data-element_type=\"widget\" data-e-type=\"widget\" data-widget_type=\"heading.default\">\n\t\t\t\t<div class=\"elementor-widget-container\">\n\t\t\t\t\t<h4 class=\"elementor-heading-title elementor-size-default\">T\u00e9rminos y condiciones para proveedores<\/h4>\t\t\t\t<\/div>\n\t\t\t\t<\/div>\n\t\t\t\t<\/a>\n\t\t\t\t\t<\/div>\n\t\t\t\t<\/div>\n\t\t\t\t\t<\/div>\n\t\t\t\t<\/div>\n\t\t\t\t<\/div>\n\t\t\t\t<\/div>\n\t\t\t\t<\/div>\n\t\t","protected":false},"excerpt":{"rendered":"<p>T\u00e9rminos legales T\u00e9rminos de uso del sitio web Privacidad de datos Avisos de cookies para la UE, Suiza y el Reino Unido Esclavitud moderna Ambiental T\u00e9rminos y condiciones para proveedores<\/p>\n","protected":false},"author":6,"featured_media":0,"parent":0,"menu_order":0,"comment_status":"closed","ping_status":"closed","template":"","meta":{"_acf_changed":false,"content-type":"","footnotes":""},"class_list":["post-9004111222925420","page","type-page","status-publish","hentry"],"acf":[],"yoast_head":"<!-- This site is optimized with the Yoast SEO Premium plugin v26.5 (Yoast SEO v27.2) - https:\/\/yoast.com\/product\/yoast-seo-premium-wordpress\/ -->\n<title>Acceda a m\u00faltiples recursos legales proporcionados por OPEX<\/title>\n<meta name=\"description\" content=\"Descubra los recursos legales de OPEX Corporation. Lea aqu\u00ed nuestra pol\u00edtica de privacidad y t\u00e9rminos de uso.\" \/>\n<meta name=\"robots\" content=\"index, follow, max-snippet:-1, max-image-preview:large, max-video-preview:-1\" \/>\n<link rel=\"canonical\" href=\"https:\/\/www.opex.com\/es\/legal\/\" \/>\n<meta property=\"og:locale\" content=\"es_ES\" \/>\n<meta property=\"og:type\" content=\"article\" \/>\n<meta property=\"og:title\" content=\"Legal\" \/>\n<meta property=\"og:description\" content=\"Descubra los recursos legales de OPEX Corporation. Lea aqu\u00ed nuestra pol\u00edtica de privacidad y t\u00e9rminos de uso.\" \/>\n<meta property=\"og:url\" content=\"https:\/\/www.opex.com\/es\/legal\/\" \/>\n<meta property=\"og:site_name\" content=\"OPEX\" \/>\n<meta property=\"article:publisher\" content=\"https:\/\/www.facebook.com\/OPEXCorp\/\" \/>\n<meta property=\"article:modified_time\" content=\"2025-06-27T14:24:02+00:00\" \/>\n<meta name=\"twitter:card\" content=\"summary_large_image\" \/>\n<meta name=\"twitter:site\" content=\"@OPEXcorporation\" \/>\n<script type=\"application\/ld+json\" class=\"yoast-schema-graph\">{\"@context\":\"https:\/\/schema.org\",\"@graph\":[{\"@type\":\"WebPage\",\"@id\":\"https:\/\/www.opex.com\/es\/legal\/\",\"url\":\"https:\/\/www.opex.com\/es\/legal\/\",\"name\":\"Acceda a m\u00faltiples recursos legales proporcionados por OPEX\",\"isPartOf\":{\"@id\":\"https:\/\/www.opex.com\/es\/#website\"},\"datePublished\":\"2024-03-15T14:25:00+00:00\",\"dateModified\":\"2025-06-27T14:24:02+00:00\",\"description\":\"Descubra los recursos legales de OPEX Corporation. Lea aqu\u00ed nuestra pol\u00edtica de privacidad y t\u00e9rminos de uso.\",\"breadcrumb\":{\"@id\":\"https:\/\/www.opex.com\/es\/legal\/#breadcrumb\"},\"inLanguage\":\"es\",\"potentialAction\":[{\"@type\":\"ReadAction\",\"target\":[\"https:\/\/www.opex.com\/es\/legal\/\"]}]},{\"@type\":\"BreadcrumbList\",\"@id\":\"https:\/\/www.opex.com\/es\/legal\/#breadcrumb\",\"itemListElement\":[{\"@type\":\"ListItem\",\"position\":1,\"name\":\"Home\",\"item\":\"https:\/\/www.opex.com\/es\/\"},{\"@type\":\"ListItem\",\"position\":2,\"name\":\"Legal\"}]},{\"@type\":\"WebSite\",\"@id\":\"https:\/\/www.opex.com\/es\/#website\",\"url\":\"https:\/\/www.opex.com\/es\/\",\"name\":\"OPEX\",\"description\":\"Next Generation Automation\",\"publisher\":{\"@id\":\"https:\/\/www.opex.com\/es\/#organization\"},\"potentialAction\":[{\"@type\":\"SearchAction\",\"target\":{\"@type\":\"EntryPoint\",\"urlTemplate\":\"https:\/\/www.opex.com\/es\/?s={search_term_string}\"},\"query-input\":{\"@type\":\"PropertyValueSpecification\",\"valueRequired\":true,\"valueName\":\"search_term_string\"}}],\"inLanguage\":\"es\"},{\"@type\":\"Organization\",\"@id\":\"https:\/\/www.opex.com\/es\/#organization\",\"name\":\"OPEX Corporation\",\"alternateName\":\"OPEX Corporation\",\"url\":\"https:\/\/www.opex.com\/es\/\",\"logo\":{\"@type\":\"ImageObject\",\"inLanguage\":\"es\",\"@id\":\"https:\/\/www.opex.com\/es\/#\/schema\/logo\/image\/\",\"url\":\"https:\/\/www.opex.com\/wp-content\/uploads\/2024\/01\/logo-opex-blue.svg\",\"contentUrl\":\"https:\/\/www.opex.com\/wp-content\/uploads\/2024\/01\/logo-opex-blue.svg\",\"caption\":\"OPEX Corporation\"},\"image\":{\"@id\":\"https:\/\/www.opex.com\/es\/#\/schema\/logo\/image\/\"},\"sameAs\":[\"https:\/\/www.facebook.com\/OPEXCorp\/\",\"https:\/\/x.com\/OPEXcorporation\",\"https:\/\/www.linkedin.com\/company\/opex-corporation\/\",\"https:\/\/www.instagram.com\/opexcorporation\/\"],\"email\":\"info@opex.com\",\"telephone\":\"+1-856-727-1100\",\"legalName\":\"OPEX Corporation\",\"numberOfEmployees\":{\"@type\":\"QuantitativeValue\",\"minValue\":\"1001\",\"maxValue\":\"5000\"}}]}<\/script>\n<!-- \/ Yoast SEO Premium plugin. -->","yoast_head_json":{"title":"Acceda a m\u00faltiples recursos legales proporcionados por OPEX","description":"Descubra los recursos legales de OPEX Corporation. Lea aqu\u00ed nuestra pol\u00edtica de privacidad y t\u00e9rminos de uso.","robots":{"index":"index","follow":"follow","max-snippet":"max-snippet:-1","max-image-preview":"max-image-preview:large","max-video-preview":"max-video-preview:-1"},"canonical":"https:\/\/www.opex.com\/es\/legal\/","og_locale":"es_ES","og_type":"article","og_title":"Legal","og_description":"Descubra los recursos legales de OPEX Corporation. Lea aqu\u00ed nuestra pol\u00edtica de privacidad y t\u00e9rminos de uso.","og_url":"https:\/\/www.opex.com\/es\/legal\/","og_site_name":"OPEX","article_publisher":"https:\/\/www.facebook.com\/OPEXCorp\/","article_modified_time":"2025-06-27T14:24:02+00:00","twitter_card":"summary_large_image","twitter_site":"@OPEXcorporation","schema":{"@context":"https:\/\/schema.org","@graph":[{"@type":"WebPage","@id":"https:\/\/www.opex.com\/es\/legal\/","url":"https:\/\/www.opex.com\/es\/legal\/","name":"Acceda a m\u00faltiples recursos legales proporcionados por OPEX","isPartOf":{"@id":"https:\/\/www.opex.com\/es\/#website"},"datePublished":"2024-03-15T14:25:00+00:00","dateModified":"2025-06-27T14:24:02+00:00","description":"Descubra los recursos legales de OPEX Corporation. Lea aqu\u00ed nuestra pol\u00edtica de privacidad y t\u00e9rminos de uso.","breadcrumb":{"@id":"https:\/\/www.opex.com\/es\/legal\/#breadcrumb"},"inLanguage":"es","potentialAction":[{"@type":"ReadAction","target":["https:\/\/www.opex.com\/es\/legal\/"]}]},{"@type":"BreadcrumbList","@id":"https:\/\/www.opex.com\/es\/legal\/#breadcrumb","itemListElement":[{"@type":"ListItem","position":1,"name":"Home","item":"https:\/\/www.opex.com\/es\/"},{"@type":"ListItem","position":2,"name":"Legal"}]},{"@type":"WebSite","@id":"https:\/\/www.opex.com\/es\/#website","url":"https:\/\/www.opex.com\/es\/","name":"OPEX","description":"Next Generation Automation","publisher":{"@id":"https:\/\/www.opex.com\/es\/#organization"},"potentialAction":[{"@type":"SearchAction","target":{"@type":"EntryPoint","urlTemplate":"https:\/\/www.opex.com\/es\/?s={search_term_string}"},"query-input":{"@type":"PropertyValueSpecification","valueRequired":true,"valueName":"search_term_string"}}],"inLanguage":"es"},{"@type":"Organization","@id":"https:\/\/www.opex.com\/es\/#organization","name":"OPEX Corporation","alternateName":"OPEX Corporation","url":"https:\/\/www.opex.com\/es\/","logo":{"@type":"ImageObject","inLanguage":"es","@id":"https:\/\/www.opex.com\/es\/#\/schema\/logo\/image\/","url":"https:\/\/www.opex.com\/wp-content\/uploads\/2024\/01\/logo-opex-blue.svg","contentUrl":"https:\/\/www.opex.com\/wp-content\/uploads\/2024\/01\/logo-opex-blue.svg","caption":"OPEX Corporation"},"image":{"@id":"https:\/\/www.opex.com\/es\/#\/schema\/logo\/image\/"},"sameAs":["https:\/\/www.facebook.com\/OPEXCorp\/","https:\/\/x.com\/OPEXcorporation","https:\/\/www.linkedin.com\/company\/opex-corporation\/","https:\/\/www.instagram.com\/opexcorporation\/"],"email":"info@opex.com","telephone":"+1-856-727-1100","legalName":"OPEX Corporation","numberOfEmployees":{"@type":"QuantitativeValue","minValue":"1001","maxValue":"5000"}}]}},"publishpress_future_workflow_manual_trigger":{"enabledWorkflows":[]},"_links":{"self":[{"href":"https:\/\/www.opex.com\/es\/wp-json\/wp\/v2\/pages\/9004111222925420","targetHints":{"allow":["GET"]}}],"collection":[{"href":"https:\/\/www.opex.com\/es\/wp-json\/wp\/v2\/pages"}],"about":[{"href":"https:\/\/www.opex.com\/es\/wp-json\/wp\/v2\/types\/page"}],"author":[{"embeddable":true,"href":"https:\/\/www.opex.com\/es\/wp-json\/wp\/v2\/users\/6"}],"replies":[{"embeddable":true,"href":"https:\/\/www.opex.com\/es\/wp-json\/wp\/v2\/comments?post=9004111222925420"}],"version-history":[{"count":1,"href":"https:\/\/www.opex.com\/es\/wp-json\/wp\/v2\/pages\/9004111222925420\/revisions"}],"predecessor-version":[{"id":9004111222925421,"href":"https:\/\/www.opex.com\/es\/wp-json\/wp\/v2\/pages\/9004111222925420\/revisions\/9004111222925421"}],"wp:attachment":[{"href":"https:\/\/www.opex.com\/es\/wp-json\/wp\/v2\/media?parent=9004111222925420"}],"curies":[{"name":"wp","href":"https:\/\/api.w.org\/{rel}","templated":true}]}}