{"id":9004111222925370,"date":"2025-06-19T11:02:09","date_gmt":"2025-06-19T15:02:09","guid":{"rendered":"https:\/\/www.opex.com\/service\/"},"modified":"2025-11-04T13:34:00","modified_gmt":"2025-11-04T18:34:00","slug":"servicio","status":"publish","type":"page","link":"https:\/\/www.opex.com\/es\/servicio\/","title":{"rendered":"Servicio"},"content":{"rendered":"\t\t<div data-elementor-type=\"wp-page\" data-elementor-id=\"9004111222925370\" class=\"elementor elementor-9004111222925370 elementor-9004111222924182\" data-elementor-post-type=\"page\">\n\t\t\t\t<div class=\"elementor-element elementor-element-5d2b68a3 e-con-full opex-resources-hero e-flex e-con e-parent\" data-id=\"5d2b68a3\" data-element_type=\"container\" data-e-type=\"container\" data-settings=\"{&quot;background_background&quot;:&quot;classic&quot;}\">\n\t\t<div class=\"elementor-element elementor-element-1ab3a0bc e-con-full e-flex e-con e-child\" data-id=\"1ab3a0bc\" data-element_type=\"container\" data-e-type=\"container\" data-settings=\"{&quot;background_background&quot;:&quot;classic&quot;}\">\n\t\t<div class=\"elementor-element elementor-element-6891906f e-flex e-con-boxed e-con e-child\" data-id=\"6891906f\" data-element_type=\"container\" data-e-type=\"container\">\n\t\t\t\t\t<div class=\"e-con-inner\">\n\t\t<div class=\"elementor-element elementor-element-5c972be3 e-flex e-con-boxed e-con e-child\" data-id=\"5c972be3\" data-element_type=\"container\" data-e-type=\"container\">\n\t\t\t\t\t<div class=\"e-con-inner\">\n\t\t<div class=\"elementor-element elementor-element-95d285a e-con-full e-flex e-con e-child\" data-id=\"95d285a\" data-element_type=\"container\" data-e-type=\"container\">\n\t\t\t\t<div class=\"elementor-element elementor-element-1986405c elementor-widget elementor-widget-heading\" data-id=\"1986405c\" data-element_type=\"widget\" data-e-type=\"widget\" data-widget_type=\"heading.default\">\n\t\t\t\t<div class=\"elementor-widget-container\">\n\t\t\t\t\t<h1 class=\"elementor-heading-title elementor-size-default\">Servicios<\/h1>\t\t\t\t<\/div>\n\t\t\t\t<\/div>\n\t\t\t\t<div class=\"elementor-element elementor-element-43f610d1 elementor-widget__width-initial elementor-widget elementor-widget-text-editor\" data-id=\"43f610d1\" data-element_type=\"widget\" data-e-type=\"widget\" data-widget_type=\"text-editor.default\">\n\t\t\t\t<div class=\"elementor-widget-container\">\n\t\t\t\t\t\t\t\t\t<p>OPEX\u00ae ofrece una gama completa de servicios profesionales para garantizar que nuestras soluciones ofrezcan el m\u00e1ximo rendimiento desde el primer d\u00eda. Desde consultor\u00eda experta e instalaci\u00f3n sin problemas hasta formaci\u00f3n pr\u00e1ctica y soporte t\u00e9cnico \u00e1gil, nuestro equipo colabora con usted en cada paso. <\/p>\t\t\t\t\t\t\t\t<\/div>\n\t\t\t\t<\/div>\n\t\t\t\t<\/div>\n\t\t\t\t\t<\/div>\n\t\t\t\t<\/div>\n\t\t\t\t\t<\/div>\n\t\t\t\t<\/div>\n\t\t\t\t<\/div>\n\t\t<div class=\"elementor-element elementor-element-6470892 e-con-full e-flex e-con e-child\" data-id=\"6470892\" data-element_type=\"container\" data-e-type=\"container\" data-settings=\"{&quot;background_background&quot;:&quot;classic&quot;}\">\n\t\t<div class=\"elementor-element elementor-element-b7448ee e-flex e-con-boxed e-con e-child\" data-id=\"b7448ee\" data-element_type=\"container\" data-e-type=\"container\">\n\t\t\t\t\t<div class=\"e-con-inner\">\n\t\t<div class=\"elementor-element elementor-element-dd9c481 e-con-full e-flex e-con e-child\" data-id=\"dd9c481\" data-element_type=\"container\" data-e-type=\"container\">\n\t\t<aside class=\"elementor-element elementor-element-68b3ccd e-con-full opex-exclude e-flex e-con e-child\" data-id=\"68b3ccd\" data-element_type=\"container\" data-e-type=\"container\" data-settings=\"{&quot;sticky&quot;:&quot;top&quot;,&quot;sticky_on&quot;:[&quot;desktop&quot;,&quot;tablet&quot;],&quot;sticky_offset&quot;:30,&quot;sticky_parent&quot;:&quot;yes&quot;,&quot;sticky_effects_offset&quot;:0,&quot;sticky_anchor_link_offset&quot;:0}\">\n\t\t\t\t<div class=\"elementor-element elementor-element-a9c1b83 elementor-toc--minimized-on-mobile opex-toc elementor-widget elementor-widget-table-of-contents\" data-id=\"a9c1b83\" data-element_type=\"widget\" data-e-type=\"widget\" data-settings=\"{&quot;headings_by_tags&quot;:[&quot;h2&quot;],&quot;exclude_headings_by_selector&quot;:&quot;.opex-post-summary,.opex-excluded&quot;,&quot;marker_view&quot;:&quot;bullets&quot;,&quot;icon&quot;:{&quot;value&quot;:&quot;&quot;,&quot;library&quot;:&quot;&quot;},&quot;minimized_on&quot;:&quot;mobile&quot;,&quot;sticky&quot;:&quot;top&quot;,&quot;sticky_on&quot;:[&quot;mobile&quot;],&quot;sticky_offset_mobile&quot;:24,&quot;no_headings_message&quot;:&quot;No headings were found on this page.&quot;,&quot;minimize_box&quot;:&quot;yes&quot;,&quot;hierarchical_view&quot;:&quot;yes&quot;,&quot;min_height&quot;:{&quot;unit&quot;:&quot;px&quot;,&quot;size&quot;:&quot;&quot;,&quot;sizes&quot;:[]},&quot;min_height_tablet&quot;:{&quot;unit&quot;:&quot;px&quot;,&quot;size&quot;:&quot;&quot;,&quot;sizes&quot;:[]},&quot;min_height_mobile&quot;:{&quot;unit&quot;:&quot;px&quot;,&quot;size&quot;:&quot;&quot;,&quot;sizes&quot;:[]},&quot;sticky_offset&quot;:0,&quot;sticky_effects_offset&quot;:0,&quot;sticky_anchor_link_offset&quot;:0}\" data-widget_type=\"table-of-contents.default\">\n\t\t\t\t<div class=\"elementor-widget-container\">\n\t\t\t\t\t\t\t\t\t<div class=\"elementor-toc__header\">\n\t\t\t\t\t\t<h2 class=\"elementor-toc__header-title\">\n\t\t\t\tContenidos\t\t\t<\/h2>\n\t\t\t\t\t\t\t\t\t\t<div class=\"elementor-toc__toggle-button elementor-toc__toggle-button--expand\" role=\"button\" tabindex=\"0\" aria-controls=\"elementor-toc__a9c1b83\" aria-expanded=\"true\" aria-label=\"Abrir la tabla de contenidos\"><i aria-hidden=\"true\" class=\"icon icon-plus\"><\/i><\/div>\n\t\t\t\t<div class=\"elementor-toc__toggle-button elementor-toc__toggle-button--collapse\" role=\"button\" tabindex=\"0\" aria-controls=\"elementor-toc__a9c1b83\" aria-expanded=\"true\" aria-label=\"Cerrar la tabla de contenidos\"><i aria-hidden=\"true\" class=\"icon icon-minus\"><\/i><\/div>\n\t\t\t\t\t<\/div>\n\t\t\t\t<div id=\"elementor-toc__a9c1b83\" class=\"elementor-toc__body\">\n\t\t\t<div class=\"elementor-toc__spinner-container\">\n\t\t\t\t<svg class=\"elementor-toc__spinner eicon-animation-spin e-font-icon-svg e-eicon-loading\" aria-hidden=\"true\" viewBox=\"0 0 1000 1000\" xmlns=\"http:\/\/www.w3.org\/2000\/svg\"><path d=\"M500 975V858C696 858 858 696 858 500S696 142 500 142 142 304 142 500H25C25 237 238 25 500 25S975 237 975 500 763 975 500 975Z\"><\/path><\/svg>\t\t\t<\/div>\n\t\t<\/div>\n\t\t\t\t\t\t<\/div>\n\t\t\t\t<\/div>\n\t\t\t\t<\/aside>\n\t\t<div class=\"elementor-element elementor-element-1ca1c2c e-con-full opex-post-detail-content e-flex e-con e-child\" data-id=\"1ca1c2c\" data-element_type=\"container\" data-e-type=\"container\">\n\t\t<div class=\"elementor-element elementor-element-d52e58f e-con-full e-flex e-con e-child\" data-id=\"d52e58f\" data-element_type=\"container\" data-e-type=\"container\">\n\t\t\t\t<div class=\"elementor-element elementor-element-8ffbfd3 opex-spacer-mbe-0 elementor-widget elementor-widget-heading\" data-id=\"8ffbfd3\" data-element_type=\"widget\" data-e-type=\"widget\" data-widget_type=\"heading.default\">\n\t\t\t\t<div class=\"elementor-widget-container\">\n\t\t\t\t\t<h2 class=\"elementor-heading-title elementor-size-default\">Consultor\u00eda<\/h2>\t\t\t\t<\/div>\n\t\t\t\t<\/div>\n\t\t\t\t<div class=\"elementor-element elementor-element-1f6ebe8 elementor-widget elementor-widget-text-editor\" data-id=\"1f6ebe8\" data-element_type=\"widget\" data-e-type=\"widget\" data-widget_type=\"text-editor.default\">\n\t\t\t\t<div class=\"elementor-widget-container\">\n\t\t\t\t\t\t\t\t\t<p>Nuestros servicios de consultor\u00eda proporcionan una experiencia personalizada adaptada a sus necesidades espec\u00edficas, desde an\u00e1lisis de flujos de trabajo y evaluaciones de ROI hasta el dise\u00f1o de soluciones de automatizaci\u00f3n, todo alineado con sus objetivos empresariales. Nuestros expertos colaboran estrechamente con su equipo para garantizar una integraci\u00f3n perfecta y un rendimiento \u00f3ptimo. <\/p>\t\t\t\t\t\t\t\t<\/div>\n\t\t\t\t<\/div>\n\t\t\t\t<div class=\"elementor-element elementor-element-527ff78 elementor-widget elementor-widget-button\" data-id=\"527ff78\" data-element_type=\"widget\" data-e-type=\"widget\" data-widget_type=\"button.default\">\n\t\t\t\t<div class=\"elementor-widget-container\">\n\t\t\t\t\t\t\t\t\t<div class=\"elementor-button-wrapper\">\n\t\t\t\t\t<a class=\"elementor-button elementor-button-link elementor-size-sm\" href=\"https:\/\/www.opex.com\/service\/consultation\/\">\n\t\t\t\t\t\t<span class=\"elementor-button-content-wrapper\">\n\t\t\t\t\t\t\t\t\t<span class=\"elementor-button-text\">M\u00e1s informaci\u00f3n<\/span>\n\t\t\t\t\t<\/span>\n\t\t\t\t\t<\/a>\n\t\t\t\t<\/div>\n\t\t\t\t\t\t\t\t<\/div>\n\t\t\t\t<\/div>\n\t\t\t\t<\/div>\n\t\t<div class=\"elementor-element elementor-element-5725b61 e-con-full e-flex e-con e-child\" data-id=\"5725b61\" data-element_type=\"container\" data-e-type=\"container\">\n\t\t\t\t<div class=\"elementor-element elementor-element-3a022b0 opex-spacer-mbe-0 elementor-widget elementor-widget-heading\" data-id=\"3a022b0\" data-element_type=\"widget\" data-e-type=\"widget\" data-widget_type=\"heading.default\">\n\t\t\t\t<div class=\"elementor-widget-container\">\n\t\t\t\t\t<h2 class=\"elementor-heading-title elementor-size-default\">Instalaci\u00f3n<\/h2>\t\t\t\t<\/div>\n\t\t\t\t<\/div>\n\t\t\t\t<div class=\"elementor-element elementor-element-45f4cc5 elementor-widget elementor-widget-text-editor\" data-id=\"45f4cc5\" data-element_type=\"widget\" data-e-type=\"widget\" data-widget_type=\"text-editor.default\">\n\t\t\t\t<div class=\"elementor-widget-container\">\n\t\t\t\t\t\t\t\t\t<p>Los servicios de instalaci\u00f3n de OPEX\u00ae garantizan una integraci\u00f3n perfecta de sus nuevos sistemas de automatizaci\u00f3n. Nuestros equipos de expertos se encargan de toda la planificaci\u00f3n, configuraci\u00f3n, integraci\u00f3n y pruebas necesarias para optimizar nuestra soluci\u00f3n seg\u00fan sus objetivos operativos. Ya sea configurando trabajos de forma remota o in situ, priorizamos la minimizaci\u00f3n del tiempo de inactividad y adaptamos nuestro enfoque para ajustarnos a sus requisitos de flujo de trabajo \u00fanicos.  <\/p>\t\t\t\t\t\t\t\t<\/div>\n\t\t\t\t<\/div>\n\t\t\t\t<div class=\"elementor-element elementor-element-ad8e39a elementor-widget elementor-widget-button\" data-id=\"ad8e39a\" data-element_type=\"widget\" data-e-type=\"widget\" data-widget_type=\"button.default\">\n\t\t\t\t<div class=\"elementor-widget-container\">\n\t\t\t\t\t\t\t\t\t<div class=\"elementor-button-wrapper\">\n\t\t\t\t\t<a class=\"elementor-button elementor-button-link elementor-size-sm\" href=\"https:\/\/www.opex.com\/service\/installation\/\">\n\t\t\t\t\t\t<span class=\"elementor-button-content-wrapper\">\n\t\t\t\t\t\t\t\t\t<span class=\"elementor-button-text\">M\u00e1s informaci\u00f3n<\/span>\n\t\t\t\t\t<\/span>\n\t\t\t\t\t<\/a>\n\t\t\t\t<\/div>\n\t\t\t\t\t\t\t\t<\/div>\n\t\t\t\t<\/div>\n\t\t\t\t<\/div>\n\t\t<div class=\"elementor-element elementor-element-25b9640 e-con-full e-flex e-con e-child\" data-id=\"25b9640\" data-element_type=\"container\" data-e-type=\"container\">\n\t\t\t\t<div class=\"elementor-element elementor-element-44439dd opex-spacer-mbe-0 elementor-widget elementor-widget-heading\" data-id=\"44439dd\" data-element_type=\"widget\" data-e-type=\"widget\" data-widget_type=\"heading.default\">\n\t\t\t\t<div class=\"elementor-widget-container\">\n\t\t\t\t\t<h2 class=\"elementor-heading-title elementor-size-default\">Entrenamiento<\/h2>\t\t\t\t<\/div>\n\t\t\t\t<\/div>\n\t\t\t\t<div class=\"elementor-element elementor-element-f8b3953 elementor-widget elementor-widget-text-editor\" data-id=\"f8b3953\" data-element_type=\"widget\" data-e-type=\"widget\" data-widget_type=\"text-editor.default\">\n\t\t\t\t<div class=\"elementor-widget-container\">\n\t\t\t\t\t\t\t\t\t<p>Ofrecemos programas de formaci\u00f3n completos dise\u00f1ados para capacitar a su equipo con las habilidades necesarias para maximizar los beneficios de sus sistemas de automatizaci\u00f3n. A trav\u00e9s de sesiones pr\u00e1cticas dirigidas tanto a operadores como a administradores de IT, nos aseguramos de que su personal sea competente en la operaci\u00f3n del sistema, el mantenimiento y las mejores pr\u00e1cticas. <\/p>\t\t\t\t\t\t\t\t<\/div>\n\t\t\t\t<\/div>\n\t\t\t\t<div class=\"elementor-element elementor-element-b591861 elementor-widget elementor-widget-button\" data-id=\"b591861\" data-element_type=\"widget\" data-e-type=\"widget\" data-widget_type=\"button.default\">\n\t\t\t\t<div class=\"elementor-widget-container\">\n\t\t\t\t\t\t\t\t\t<div class=\"elementor-button-wrapper\">\n\t\t\t\t\t<a class=\"elementor-button elementor-button-link elementor-size-sm\" href=\"https:\/\/www.opex.com\/service\/training\/\">\n\t\t\t\t\t\t<span class=\"elementor-button-content-wrapper\">\n\t\t\t\t\t\t\t\t\t<span class=\"elementor-button-text\">M\u00e1s informaci\u00f3n<\/span>\n\t\t\t\t\t<\/span>\n\t\t\t\t\t<\/a>\n\t\t\t\t<\/div>\n\t\t\t\t\t\t\t\t<\/div>\n\t\t\t\t<\/div>\n\t\t\t\t<\/div>\n\t\t<div class=\"elementor-element elementor-element-3865df6 e-con-full e-flex e-con e-child\" data-id=\"3865df6\" data-element_type=\"container\" data-e-type=\"container\">\n\t\t\t\t<div class=\"elementor-element elementor-element-c80b4f9 opex-spacer-mbe-0 elementor-widget elementor-widget-heading\" data-id=\"c80b4f9\" data-element_type=\"widget\" data-e-type=\"widget\" data-widget_type=\"heading.default\">\n\t\t\t\t<div class=\"elementor-widget-container\">\n\t\t\t\t\t<h2 class=\"elementor-heading-title elementor-size-default\">Soporte t\u00e9cnico<\/h2>\t\t\t\t<\/div>\n\t\t\t\t<\/div>\n\t\t\t\t<div class=\"elementor-element elementor-element-043531e elementor-widget elementor-widget-text-editor\" data-id=\"043531e\" data-element_type=\"widget\" data-e-type=\"widget\" data-widget_type=\"text-editor.default\">\n\t\t\t\t<div class=\"elementor-widget-container\">\n\t\t\t\t\t\t\t\t\t<p>Asegure la fiabilidad y longevidad de sus sistemas de automatizaci\u00f3n con nuestros servicios de soporte t\u00e9cnico integral. Con asistencia 24\/7 los 365 d\u00edas del a\u00f1o por parte de nuestros t\u00e9cnicos internos formados en f\u00e1brica, ofrecemos mantenimiento proactivo, resoluci\u00f3n r\u00e1pida de problemas y acuerdos de servicio todo incluido para mantener sus operaciones funcionando sin problemas. <\/p>\t\t\t\t\t\t\t\t<\/div>\n\t\t\t\t<\/div>\n\t\t\t\t<div class=\"elementor-element elementor-element-b14400f elementor-widget elementor-widget-button\" data-id=\"b14400f\" data-element_type=\"widget\" data-e-type=\"widget\" data-widget_type=\"button.default\">\n\t\t\t\t<div class=\"elementor-widget-container\">\n\t\t\t\t\t\t\t\t\t<div class=\"elementor-button-wrapper\">\n\t\t\t\t\t<a class=\"elementor-button elementor-button-link elementor-size-sm\" href=\"https:\/\/www.opex.com\/service\/technical-support\/\">\n\t\t\t\t\t\t<span class=\"elementor-button-content-wrapper\">\n\t\t\t\t\t\t\t\t\t<span class=\"elementor-button-text\">M\u00e1s informaci\u00f3n<\/span>\n\t\t\t\t\t<\/span>\n\t\t\t\t\t<\/a>\n\t\t\t\t<\/div>\n\t\t\t\t\t\t\t\t<\/div>\n\t\t\t\t<\/div>\n\t\t\t\t<\/div>\n\t\t\t\t<\/div>\n\t\t\t\t<\/div>\n\t\t\t\t\t<\/div>\n\t\t\t\t<\/div>\n\t\t\t\t<\/div>\n\t\t\t\t<\/div>\n\t\t\t\t<\/div>\n\t\t","protected":false},"excerpt":{"rendered":"<p>Servicios OPEX\u00ae ofrece una gama completa de servicios profesionales para garantizar que nuestras soluciones ofrezcan el m\u00e1ximo rendimiento desde el primer d\u00eda. Desde consultor\u00eda experta e instalaci\u00f3n sin problemas hasta formaci\u00f3n pr\u00e1ctica y soporte t\u00e9cnico \u00e1gil, nuestro equipo colabora con usted en cada paso. Contenidos Consultor\u00eda Nuestros servicios de consultor\u00eda proporcionan una experiencia personalizada adaptada [&hellip;]<\/p>\n","protected":false},"author":9004111222907528,"featured_media":0,"parent":0,"menu_order":0,"comment_status":"closed","ping_status":"closed","template":"","meta":{"_acf_changed":false,"content-type":"","footnotes":""},"class_list":["post-9004111222925370","page","type-page","status-publish","hentry"],"acf":[],"yoast_head":"<!-- This site is optimized with the Yoast SEO Premium plugin v26.5 (Yoast SEO v27.4) - https:\/\/yoast.com\/product\/yoast-seo-premium-wordpress\/ -->\n<title>Explore nuestros servicios<\/title>\n<meta name=\"description\" content=\"Optimice sus sistemas OPEX\u00ae con consultor\u00eda, soporte 24\/7, instalaci\u00f3n y formaci\u00f3n.\" \/>\n<meta name=\"robots\" content=\"index, follow, max-snippet:-1, max-image-preview:large, max-video-preview:-1\" \/>\n<link rel=\"canonical\" href=\"https:\/\/www.opex.com\/es\/servicio\/\" \/>\n<meta property=\"og:locale\" content=\"es_ES\" \/>\n<meta property=\"og:type\" content=\"article\" \/>\n<meta property=\"og:title\" content=\"Servicio\" \/>\n<meta property=\"og:description\" content=\"Optimice sus sistemas OPEX\u00ae con consultor\u00eda, soporte 24\/7, instalaci\u00f3n y formaci\u00f3n.\" \/>\n<meta property=\"og:url\" content=\"https:\/\/www.opex.com\/es\/servicio\/\" \/>\n<meta property=\"og:site_name\" content=\"OPEX\" \/>\n<meta property=\"article:publisher\" content=\"https:\/\/www.facebook.com\/OPEXCorp\/\" \/>\n<meta property=\"article:modified_time\" content=\"2025-11-04T18:34:00+00:00\" \/>\n<meta name=\"twitter:card\" content=\"summary_large_image\" \/>\n<meta name=\"twitter:site\" content=\"@OPEXcorporation\" \/>\n<meta name=\"twitter:label1\" content=\"Tiempo de lectura\" \/>\n\t<meta name=\"twitter:data1\" content=\"2 minutos\" \/>\n<script type=\"application\/ld+json\" class=\"yoast-schema-graph\">{\"@context\":\"https:\\\/\\\/schema.org\",\"@graph\":[{\"@type\":\"WebPage\",\"@id\":\"https:\\\/\\\/www.opex.com\\\/es\\\/servicio\\\/\",\"url\":\"https:\\\/\\\/www.opex.com\\\/es\\\/servicio\\\/\",\"name\":\"Explore nuestros servicios\",\"isPartOf\":{\"@id\":\"https:\\\/\\\/www.opex.com\\\/es\\\/#website\"},\"datePublished\":\"2025-06-19T15:02:09+00:00\",\"dateModified\":\"2025-11-04T18:34:00+00:00\",\"description\":\"Optimice sus sistemas OPEX\u00ae con consultor\u00eda, soporte 24\\\/7, instalaci\u00f3n y formaci\u00f3n.\",\"breadcrumb\":{\"@id\":\"https:\\\/\\\/www.opex.com\\\/es\\\/servicio\\\/#breadcrumb\"},\"inLanguage\":\"es\",\"potentialAction\":[{\"@type\":\"ReadAction\",\"target\":[\"https:\\\/\\\/www.opex.com\\\/es\\\/servicio\\\/\"]}]},{\"@type\":\"BreadcrumbList\",\"@id\":\"https:\\\/\\\/www.opex.com\\\/es\\\/servicio\\\/#breadcrumb\",\"itemListElement\":[{\"@type\":\"ListItem\",\"position\":1,\"name\":\"Home\",\"item\":\"https:\\\/\\\/www.opex.com\\\/es\\\/\"},{\"@type\":\"ListItem\",\"position\":2,\"name\":\"Servicio\"}]},{\"@type\":\"WebSite\",\"@id\":\"https:\\\/\\\/www.opex.com\\\/es\\\/#website\",\"url\":\"https:\\\/\\\/www.opex.com\\\/es\\\/\",\"name\":\"OPEX\",\"description\":\"Next Generation Automation\",\"publisher\":{\"@id\":\"https:\\\/\\\/www.opex.com\\\/es\\\/#organization\"},\"potentialAction\":[{\"@type\":\"SearchAction\",\"target\":{\"@type\":\"EntryPoint\",\"urlTemplate\":\"https:\\\/\\\/www.opex.com\\\/es\\\/?s={search_term_string}\"},\"query-input\":{\"@type\":\"PropertyValueSpecification\",\"valueRequired\":true,\"valueName\":\"search_term_string\"}}],\"inLanguage\":\"es\"},{\"@type\":\"Organization\",\"@id\":\"https:\\\/\\\/www.opex.com\\\/es\\\/#organization\",\"name\":\"OPEX Corporation\",\"alternateName\":\"OPEX Corporation\",\"url\":\"https:\\\/\\\/www.opex.com\\\/es\\\/\",\"logo\":{\"@type\":\"ImageObject\",\"inLanguage\":\"es\",\"@id\":\"https:\\\/\\\/www.opex.com\\\/es\\\/#\\\/schema\\\/logo\\\/image\\\/\",\"url\":\"https:\\\/\\\/www.opex.com\\\/wp-content\\\/uploads\\\/2024\\\/01\\\/logo-opex-blue.svg\",\"contentUrl\":\"https:\\\/\\\/www.opex.com\\\/wp-content\\\/uploads\\\/2024\\\/01\\\/logo-opex-blue.svg\",\"caption\":\"OPEX Corporation\"},\"image\":{\"@id\":\"https:\\\/\\\/www.opex.com\\\/es\\\/#\\\/schema\\\/logo\\\/image\\\/\"},\"sameAs\":[\"https:\\\/\\\/www.facebook.com\\\/OPEXCorp\\\/\",\"https:\\\/\\\/x.com\\\/OPEXcorporation\",\"https:\\\/\\\/www.linkedin.com\\\/company\\\/opex-corporation\\\/\",\"https:\\\/\\\/www.instagram.com\\\/opexcorporation\\\/\"],\"email\":\"info@opex.com\",\"telephone\":\"+1-856-727-1100\",\"legalName\":\"OPEX Corporation\",\"numberOfEmployees\":{\"@type\":\"QuantitativeValue\",\"minValue\":\"1001\",\"maxValue\":\"5000\"}}]}<\/script>\n<!-- \/ Yoast SEO Premium plugin. -->","yoast_head_json":{"title":"Explore nuestros servicios","description":"Optimice sus sistemas OPEX\u00ae con consultor\u00eda, soporte 24\/7, instalaci\u00f3n y formaci\u00f3n.","robots":{"index":"index","follow":"follow","max-snippet":"max-snippet:-1","max-image-preview":"max-image-preview:large","max-video-preview":"max-video-preview:-1"},"canonical":"https:\/\/www.opex.com\/es\/servicio\/","og_locale":"es_ES","og_type":"article","og_title":"Servicio","og_description":"Optimice sus sistemas OPEX\u00ae con consultor\u00eda, soporte 24\/7, instalaci\u00f3n y formaci\u00f3n.","og_url":"https:\/\/www.opex.com\/es\/servicio\/","og_site_name":"OPEX","article_publisher":"https:\/\/www.facebook.com\/OPEXCorp\/","article_modified_time":"2025-11-04T18:34:00+00:00","twitter_card":"summary_large_image","twitter_site":"@OPEXcorporation","twitter_misc":{"Tiempo de lectura":"2 minutos"},"schema":{"@context":"https:\/\/schema.org","@graph":[{"@type":"WebPage","@id":"https:\/\/www.opex.com\/es\/servicio\/","url":"https:\/\/www.opex.com\/es\/servicio\/","name":"Explore nuestros servicios","isPartOf":{"@id":"https:\/\/www.opex.com\/es\/#website"},"datePublished":"2025-06-19T15:02:09+00:00","dateModified":"2025-11-04T18:34:00+00:00","description":"Optimice sus sistemas OPEX\u00ae con consultor\u00eda, soporte 24\/7, instalaci\u00f3n y formaci\u00f3n.","breadcrumb":{"@id":"https:\/\/www.opex.com\/es\/servicio\/#breadcrumb"},"inLanguage":"es","potentialAction":[{"@type":"ReadAction","target":["https:\/\/www.opex.com\/es\/servicio\/"]}]},{"@type":"BreadcrumbList","@id":"https:\/\/www.opex.com\/es\/servicio\/#breadcrumb","itemListElement":[{"@type":"ListItem","position":1,"name":"Home","item":"https:\/\/www.opex.com\/es\/"},{"@type":"ListItem","position":2,"name":"Servicio"}]},{"@type":"WebSite","@id":"https:\/\/www.opex.com\/es\/#website","url":"https:\/\/www.opex.com\/es\/","name":"OPEX","description":"Next Generation Automation","publisher":{"@id":"https:\/\/www.opex.com\/es\/#organization"},"potentialAction":[{"@type":"SearchAction","target":{"@type":"EntryPoint","urlTemplate":"https:\/\/www.opex.com\/es\/?s={search_term_string}"},"query-input":{"@type":"PropertyValueSpecification","valueRequired":true,"valueName":"search_term_string"}}],"inLanguage":"es"},{"@type":"Organization","@id":"https:\/\/www.opex.com\/es\/#organization","name":"OPEX Corporation","alternateName":"OPEX Corporation","url":"https:\/\/www.opex.com\/es\/","logo":{"@type":"ImageObject","inLanguage":"es","@id":"https:\/\/www.opex.com\/es\/#\/schema\/logo\/image\/","url":"https:\/\/www.opex.com\/wp-content\/uploads\/2024\/01\/logo-opex-blue.svg","contentUrl":"https:\/\/www.opex.com\/wp-content\/uploads\/2024\/01\/logo-opex-blue.svg","caption":"OPEX Corporation"},"image":{"@id":"https:\/\/www.opex.com\/es\/#\/schema\/logo\/image\/"},"sameAs":["https:\/\/www.facebook.com\/OPEXCorp\/","https:\/\/x.com\/OPEXcorporation","https:\/\/www.linkedin.com\/company\/opex-corporation\/","https:\/\/www.instagram.com\/opexcorporation\/"],"email":"info@opex.com","telephone":"+1-856-727-1100","legalName":"OPEX Corporation","numberOfEmployees":{"@type":"QuantitativeValue","minValue":"1001","maxValue":"5000"}}]}},"publishpress_future_workflow_manual_trigger":{"enabledWorkflows":[]},"_links":{"self":[{"href":"https:\/\/www.opex.com\/es\/wp-json\/wp\/v2\/pages\/9004111222925370","targetHints":{"allow":["GET"]}}],"collection":[{"href":"https:\/\/www.opex.com\/es\/wp-json\/wp\/v2\/pages"}],"about":[{"href":"https:\/\/www.opex.com\/es\/wp-json\/wp\/v2\/types\/page"}],"author":[{"embeddable":true,"href":"https:\/\/www.opex.com\/es\/wp-json\/wp\/v2\/users\/9004111222907528"}],"replies":[{"embeddable":true,"href":"https:\/\/www.opex.com\/es\/wp-json\/wp\/v2\/comments?post=9004111222925370"}],"version-history":[{"count":2,"href":"https:\/\/www.opex.com\/es\/wp-json\/wp\/v2\/pages\/9004111222925370\/revisions"}],"predecessor-version":[{"id":9004111222938244,"href":"https:\/\/www.opex.com\/es\/wp-json\/wp\/v2\/pages\/9004111222925370\/revisions\/9004111222938244"}],"wp:attachment":[{"href":"https:\/\/www.opex.com\/es\/wp-json\/wp\/v2\/media?parent=9004111222925370"}],"curies":[{"name":"wp","href":"https:\/\/api.w.org\/{rel}","templated":true}]}}