{"id":9004111222910003,"date":"2024-02-09T19:04:57","date_gmt":"2024-02-10T00:04:57","guid":{"rendered":"https:\/\/live-opex1.pantheonsite.io\/?page_id=9004111222910003"},"modified":"2025-06-27T10:24:00","modified_gmt":"2025-06-27T14:24:00","slug":"medio-ambiente","status":"publish","type":"page","link":"https:\/\/www.opex.com\/es\/legal\/medio-ambiente\/","title":{"rendered":"Medio ambiente"},"content":{"rendered":"\t\t<div data-elementor-type=\"wp-page\" data-elementor-id=\"9004111222910003\" class=\"elementor elementor-9004111222910003 elementor-660\" data-elementor-post-type=\"page\">\n\t\t\t\t<div class=\"elementor-element elementor-element-4be3cf9a e-con-full e-flex e-con e-parent\" data-id=\"4be3cf9a\" data-element_type=\"container\" data-e-type=\"container\" data-settings=\"{&quot;background_background&quot;:&quot;classic&quot;}\">\n\t\t<div class=\"elementor-element elementor-element-175db9b3 e-con-full e-flex e-con e-child\" data-id=\"175db9b3\" data-element_type=\"container\" data-e-type=\"container\" data-settings=\"{&quot;background_background&quot;:&quot;classic&quot;}\">\n\t\t<div class=\"elementor-element elementor-element-1503af59 e-flex e-con-boxed e-con e-child\" data-id=\"1503af59\" data-element_type=\"container\" data-e-type=\"container\">\n\t\t\t\t\t<div class=\"e-con-inner\">\n\t\t<div class=\"elementor-element elementor-element-66451011 e-flex e-con-boxed e-con e-child\" data-id=\"66451011\" data-element_type=\"container\" data-e-type=\"container\">\n\t\t\t\t\t<div class=\"e-con-inner\">\n\t\t<div class=\"elementor-element elementor-element-b30e30a e-con-full e-flex e-con e-child\" data-id=\"b30e30a\" data-element_type=\"container\" data-e-type=\"container\">\n\t\t\t\t<div class=\"elementor-element elementor-element-30b30ea4 elementor-widget elementor-widget-heading\" data-id=\"30b30ea4\" data-element_type=\"widget\" data-e-type=\"widget\" data-widget_type=\"heading.default\">\n\t\t\t\t<div class=\"elementor-widget-container\">\n\t\t\t\t\t<h1 class=\"elementor-heading-title elementor-size-default\">Medio ambiente<\/h1>\t\t\t\t<\/div>\n\t\t\t\t<\/div>\n\t\t\t\t<\/div>\n\t\t<div class=\"elementor-element elementor-element-73db8af8 e-con-full elementor-hidden-mobile e-flex e-con e-child\" data-id=\"73db8af8\" data-element_type=\"container\" data-e-type=\"container\">\n\t\t\t\t<\/div>\n\t\t\t\t\t<\/div>\n\t\t\t\t<\/div>\n\t\t<div class=\"elementor-element elementor-element-a958fad e-con-full e-flex e-con e-child\" data-id=\"a958fad\" data-element_type=\"container\" data-e-type=\"container\">\n\t\t<div class=\"elementor-element elementor-element-7a48cb61 e-con-full e-flex e-con e-child\" data-id=\"7a48cb61\" data-element_type=\"container\" data-e-type=\"container\">\n\t\t\t\t<div class=\"elementor-element elementor-element-446c28b9 elementor-widget elementor-widget-text-editor\" data-id=\"446c28b9\" data-element_type=\"widget\" data-e-type=\"widget\" data-widget_type=\"text-editor.default\">\n\t\t\t\t<div class=\"elementor-widget-container\">\n\t\t\t\t\t\t\t\t\t<h5>NORMATIVA Y OBLIGACIONES EN MATERIA DE RAEE Y BATER\u00cdAS<br \/>(UNI\u00d3N EUROPEA, SUIZA Y REINO UNIDO)<\/h5><p><a href=\"\/wp-content\/uploads\/2024\/12\/EU-SWISS-UK-WEEE-and-Batteries-Regulations-Obligatonis-Ver.-1.17-eff.-30-Dec-2024-Spanish.pdf\" target=\"_blank\" rel=\"noopener\">VERSI\u00d3N 1.7; EN VIGOR A PARTIR DEL 30 DE DICIEMBRE DE 2024<\/a><\/p>\t\t\t\t\t\t\t\t<\/div>\n\t\t\t\t<\/div>\n\t\t\t\t<\/div>\n\t\t<div class=\"elementor-element elementor-element-2e88e26a e-con-full elementor-hidden-mobile e-flex e-con e-child\" data-id=\"2e88e26a\" data-element_type=\"container\" data-e-type=\"container\">\n\t\t\t\t<\/div>\n\t\t\t\t<\/div>\n\t\t\t\t\t<\/div>\n\t\t\t\t<\/div>\n\t\t\t\t<\/div>\n\t\t\t\t<\/div>\n\t\t\t\t<\/div>\n\t\t","protected":false},"excerpt":{"rendered":"<p>Medio ambiente NORMATIVA Y OBLIGACIONES EN MATERIA DE RAEE Y BATER\u00cdAS(UNI\u00d3N EUROPEA, SUIZA Y REINO UNIDO) VERSI\u00d3N 1.7; EN VIGOR A PARTIR DEL 30 DE DICIEMBRE DE 2024<\/p>\n","protected":false},"author":6,"featured_media":0,"parent":9004111222925420,"menu_order":0,"comment_status":"closed","ping_status":"closed","template":"","meta":{"_acf_changed":false,"content-type":"","footnotes":""},"class_list":["post-9004111222910003","page","type-page","status-publish","hentry"],"acf":[],"yoast_head":"<!-- This site is optimized with the Yoast SEO Premium plugin v26.5 (Yoast SEO v27.3) - https:\/\/yoast.com\/product\/yoast-seo-premium-wordpress\/ -->\n<title>Medio ambiente - OPEX<\/title>\n<meta name=\"robots\" content=\"index, follow, max-snippet:-1, max-image-preview:large, max-video-preview:-1\" \/>\n<link rel=\"canonical\" href=\"https:\/\/www.opex.com\/es\/legal\/medio-ambiente\/\" \/>\n<meta property=\"og:locale\" content=\"es_ES\" \/>\n<meta property=\"og:type\" content=\"article\" \/>\n<meta property=\"og:title\" content=\"Medio ambiente\" \/>\n<meta property=\"og:description\" content=\"Medio ambiente NORMATIVA Y OBLIGACIONES EN MATERIA DE RAEE Y BATER\u00cdAS(UNI\u00d3N EUROPEA, SUIZA Y REINO UNIDO) VERSI\u00d3N 1.7; EN VIGOR A PARTIR DEL 30 DE DICIEMBRE DE 2024\" \/>\n<meta property=\"og:url\" content=\"https:\/\/www.opex.com\/es\/legal\/medio-ambiente\/\" \/>\n<meta property=\"og:site_name\" content=\"OPEX\" \/>\n<meta property=\"article:publisher\" content=\"https:\/\/www.facebook.com\/OPEXCorp\/\" \/>\n<meta property=\"article:modified_time\" content=\"2025-06-27T14:24:00+00:00\" \/>\n<meta name=\"twitter:card\" content=\"summary_large_image\" \/>\n<meta name=\"twitter:site\" content=\"@OPEXcorporation\" \/>\n<meta name=\"twitter:label1\" content=\"Tiempo de lectura\" \/>\n\t<meta name=\"twitter:data1\" content=\"1 minuto\" \/>\n<script type=\"application\/ld+json\" class=\"yoast-schema-graph\">{\"@context\":\"https:\\\/\\\/schema.org\",\"@graph\":[{\"@type\":\"WebPage\",\"@id\":\"https:\\\/\\\/www.opex.com\\\/es\\\/legal\\\/medio-ambiente\\\/\",\"url\":\"https:\\\/\\\/www.opex.com\\\/es\\\/legal\\\/medio-ambiente\\\/\",\"name\":\"Medio ambiente - OPEX\",\"isPartOf\":{\"@id\":\"https:\\\/\\\/www.opex.com\\\/es\\\/#website\"},\"datePublished\":\"2024-02-10T00:04:57+00:00\",\"dateModified\":\"2025-06-27T14:24:00+00:00\",\"breadcrumb\":{\"@id\":\"https:\\\/\\\/www.opex.com\\\/es\\\/legal\\\/medio-ambiente\\\/#breadcrumb\"},\"inLanguage\":\"es\",\"potentialAction\":[{\"@type\":\"ReadAction\",\"target\":[\"https:\\\/\\\/www.opex.com\\\/es\\\/legal\\\/medio-ambiente\\\/\"]}]},{\"@type\":\"BreadcrumbList\",\"@id\":\"https:\\\/\\\/www.opex.com\\\/es\\\/legal\\\/medio-ambiente\\\/#breadcrumb\",\"itemListElement\":[{\"@type\":\"ListItem\",\"position\":1,\"name\":\"Home\",\"item\":\"https:\\\/\\\/www.opex.com\\\/es\\\/\"},{\"@type\":\"ListItem\",\"position\":2,\"name\":\"Legal\",\"item\":\"http:\\\/\\\/www.opex.com\\\/es\\\/legal\\\/\"},{\"@type\":\"ListItem\",\"position\":3,\"name\":\"Medio ambiente\"}]},{\"@type\":\"WebSite\",\"@id\":\"https:\\\/\\\/www.opex.com\\\/es\\\/#website\",\"url\":\"https:\\\/\\\/www.opex.com\\\/es\\\/\",\"name\":\"OPEX\",\"description\":\"Next Generation Automation\",\"publisher\":{\"@id\":\"https:\\\/\\\/www.opex.com\\\/es\\\/#organization\"},\"potentialAction\":[{\"@type\":\"SearchAction\",\"target\":{\"@type\":\"EntryPoint\",\"urlTemplate\":\"https:\\\/\\\/www.opex.com\\\/es\\\/?s={search_term_string}\"},\"query-input\":{\"@type\":\"PropertyValueSpecification\",\"valueRequired\":true,\"valueName\":\"search_term_string\"}}],\"inLanguage\":\"es\"},{\"@type\":\"Organization\",\"@id\":\"https:\\\/\\\/www.opex.com\\\/es\\\/#organization\",\"name\":\"OPEX Corporation\",\"alternateName\":\"OPEX Corporation\",\"url\":\"https:\\\/\\\/www.opex.com\\\/es\\\/\",\"logo\":{\"@type\":\"ImageObject\",\"inLanguage\":\"es\",\"@id\":\"https:\\\/\\\/www.opex.com\\\/es\\\/#\\\/schema\\\/logo\\\/image\\\/\",\"url\":\"https:\\\/\\\/www.opex.com\\\/wp-content\\\/uploads\\\/2024\\\/01\\\/logo-opex-blue.svg\",\"contentUrl\":\"https:\\\/\\\/www.opex.com\\\/wp-content\\\/uploads\\\/2024\\\/01\\\/logo-opex-blue.svg\",\"caption\":\"OPEX Corporation\"},\"image\":{\"@id\":\"https:\\\/\\\/www.opex.com\\\/es\\\/#\\\/schema\\\/logo\\\/image\\\/\"},\"sameAs\":[\"https:\\\/\\\/www.facebook.com\\\/OPEXCorp\\\/\",\"https:\\\/\\\/x.com\\\/OPEXcorporation\",\"https:\\\/\\\/www.linkedin.com\\\/company\\\/opex-corporation\\\/\",\"https:\\\/\\\/www.instagram.com\\\/opexcorporation\\\/\"],\"email\":\"info@opex.com\",\"telephone\":\"+1-856-727-1100\",\"legalName\":\"OPEX Corporation\",\"numberOfEmployees\":{\"@type\":\"QuantitativeValue\",\"minValue\":\"1001\",\"maxValue\":\"5000\"}}]}<\/script>\n<!-- \/ Yoast SEO Premium plugin. -->","yoast_head_json":{"title":"Medio ambiente - OPEX","robots":{"index":"index","follow":"follow","max-snippet":"max-snippet:-1","max-image-preview":"max-image-preview:large","max-video-preview":"max-video-preview:-1"},"canonical":"https:\/\/www.opex.com\/es\/legal\/medio-ambiente\/","og_locale":"es_ES","og_type":"article","og_title":"Medio ambiente","og_description":"Medio ambiente NORMATIVA Y OBLIGACIONES EN MATERIA DE RAEE Y BATER\u00cdAS(UNI\u00d3N EUROPEA, SUIZA Y REINO UNIDO) VERSI\u00d3N 1.7; EN VIGOR A PARTIR DEL 30 DE DICIEMBRE DE 2024","og_url":"https:\/\/www.opex.com\/es\/legal\/medio-ambiente\/","og_site_name":"OPEX","article_publisher":"https:\/\/www.facebook.com\/OPEXCorp\/","article_modified_time":"2025-06-27T14:24:00+00:00","twitter_card":"summary_large_image","twitter_site":"@OPEXcorporation","twitter_misc":{"Tiempo de lectura":"1 minuto"},"schema":{"@context":"https:\/\/schema.org","@graph":[{"@type":"WebPage","@id":"https:\/\/www.opex.com\/es\/legal\/medio-ambiente\/","url":"https:\/\/www.opex.com\/es\/legal\/medio-ambiente\/","name":"Medio ambiente - OPEX","isPartOf":{"@id":"https:\/\/www.opex.com\/es\/#website"},"datePublished":"2024-02-10T00:04:57+00:00","dateModified":"2025-06-27T14:24:00+00:00","breadcrumb":{"@id":"https:\/\/www.opex.com\/es\/legal\/medio-ambiente\/#breadcrumb"},"inLanguage":"es","potentialAction":[{"@type":"ReadAction","target":["https:\/\/www.opex.com\/es\/legal\/medio-ambiente\/"]}]},{"@type":"BreadcrumbList","@id":"https:\/\/www.opex.com\/es\/legal\/medio-ambiente\/#breadcrumb","itemListElement":[{"@type":"ListItem","position":1,"name":"Home","item":"https:\/\/www.opex.com\/es\/"},{"@type":"ListItem","position":2,"name":"Legal","item":"http:\/\/www.opex.com\/es\/legal\/"},{"@type":"ListItem","position":3,"name":"Medio ambiente"}]},{"@type":"WebSite","@id":"https:\/\/www.opex.com\/es\/#website","url":"https:\/\/www.opex.com\/es\/","name":"OPEX","description":"Next Generation Automation","publisher":{"@id":"https:\/\/www.opex.com\/es\/#organization"},"potentialAction":[{"@type":"SearchAction","target":{"@type":"EntryPoint","urlTemplate":"https:\/\/www.opex.com\/es\/?s={search_term_string}"},"query-input":{"@type":"PropertyValueSpecification","valueRequired":true,"valueName":"search_term_string"}}],"inLanguage":"es"},{"@type":"Organization","@id":"https:\/\/www.opex.com\/es\/#organization","name":"OPEX Corporation","alternateName":"OPEX Corporation","url":"https:\/\/www.opex.com\/es\/","logo":{"@type":"ImageObject","inLanguage":"es","@id":"https:\/\/www.opex.com\/es\/#\/schema\/logo\/image\/","url":"https:\/\/www.opex.com\/wp-content\/uploads\/2024\/01\/logo-opex-blue.svg","contentUrl":"https:\/\/www.opex.com\/wp-content\/uploads\/2024\/01\/logo-opex-blue.svg","caption":"OPEX Corporation"},"image":{"@id":"https:\/\/www.opex.com\/es\/#\/schema\/logo\/image\/"},"sameAs":["https:\/\/www.facebook.com\/OPEXCorp\/","https:\/\/x.com\/OPEXcorporation","https:\/\/www.linkedin.com\/company\/opex-corporation\/","https:\/\/www.instagram.com\/opexcorporation\/"],"email":"info@opex.com","telephone":"+1-856-727-1100","legalName":"OPEX Corporation","numberOfEmployees":{"@type":"QuantitativeValue","minValue":"1001","maxValue":"5000"}}]}},"publishpress_future_workflow_manual_trigger":{"enabledWorkflows":[]},"_links":{"self":[{"href":"https:\/\/www.opex.com\/es\/wp-json\/wp\/v2\/pages\/9004111222910003","targetHints":{"allow":["GET"]}}],"collection":[{"href":"https:\/\/www.opex.com\/es\/wp-json\/wp\/v2\/pages"}],"about":[{"href":"https:\/\/www.opex.com\/es\/wp-json\/wp\/v2\/types\/page"}],"author":[{"embeddable":true,"href":"https:\/\/www.opex.com\/es\/wp-json\/wp\/v2\/users\/6"}],"replies":[{"embeddable":true,"href":"https:\/\/www.opex.com\/es\/wp-json\/wp\/v2\/comments?post=9004111222910003"}],"version-history":[{"count":10,"href":"https:\/\/www.opex.com\/es\/wp-json\/wp\/v2\/pages\/9004111222910003\/revisions"}],"predecessor-version":[{"id":9004111222915656,"href":"https:\/\/www.opex.com\/es\/wp-json\/wp\/v2\/pages\/9004111222910003\/revisions\/9004111222915656"}],"up":[{"embeddable":true,"href":"https:\/\/www.opex.com\/es\/wp-json\/wp\/v2\/pages\/9004111222925420"}],"wp:attachment":[{"href":"https:\/\/www.opex.com\/es\/wp-json\/wp\/v2\/media?parent=9004111222910003"}],"curies":[{"name":"wp","href":"https:\/\/api.w.org\/{rel}","templated":true}]}}