{"id":9004111222909912,"date":"2024-12-27T11:37:07","date_gmt":"2024-12-27T16:37:07","guid":{"rendered":"https:\/\/live-opex1.pantheonsite.io\/?page_id=9004111222909912"},"modified":"2025-10-22T12:18:08","modified_gmt":"2025-10-22T16:18:08","slug":"privacidad-de-datos","status":"publish","type":"page","link":"https:\/\/www.opex.com\/es\/legal\/privacidad-de-datos\/","title":{"rendered":"Privacidad de Datos"},"content":{"rendered":"\t\t<div data-elementor-type=\"wp-page\" data-elementor-id=\"9004111222909912\" class=\"elementor elementor-9004111222909912 elementor-9004111222909845\" data-elementor-post-type=\"page\">\n\t\t\t\t<div class=\"elementor-element elementor-element-6648387a e-con-full e-flex e-con e-parent\" data-id=\"6648387a\" data-element_type=\"container\" data-e-type=\"container\" data-settings=\"{&quot;background_background&quot;:&quot;classic&quot;}\">\n\t\t<div class=\"elementor-element elementor-element-1c24c522 e-con-full e-flex e-con e-child\" data-id=\"1c24c522\" data-element_type=\"container\" data-e-type=\"container\" data-settings=\"{&quot;background_background&quot;:&quot;classic&quot;}\">\n\t\t<div class=\"elementor-element elementor-element-335c4a35 e-flex e-con-boxed e-con e-child\" data-id=\"335c4a35\" data-element_type=\"container\" data-e-type=\"container\">\n\t\t\t\t\t<div class=\"e-con-inner\">\n\t\t<div class=\"elementor-element elementor-element-40a44d3d e-flex e-con-boxed e-con e-child\" data-id=\"40a44d3d\" data-element_type=\"container\" data-e-type=\"container\">\n\t\t\t\t\t<div class=\"e-con-inner\">\n\t\t<div class=\"elementor-element elementor-element-53e7de3b e-con-full e-flex e-con e-child\" data-id=\"53e7de3b\" data-element_type=\"container\" data-e-type=\"container\">\n\t\t\t\t<div class=\"elementor-element elementor-element-6062187d elementor-widget elementor-widget-heading\" data-id=\"6062187d\" data-element_type=\"widget\" data-e-type=\"widget\" data-widget_type=\"heading.default\">\n\t\t\t\t<div class=\"elementor-widget-container\">\n\t\t\t\t\t<h1 class=\"elementor-heading-title elementor-size-default\">Privacidad de Datos<\/h1>\t\t\t\t<\/div>\n\t\t\t\t<\/div>\n\t\t\t\t<\/div>\n\t\t<div class=\"elementor-element elementor-element-2ea74a8e e-con-full elementor-hidden-mobile e-flex e-con e-child\" data-id=\"2ea74a8e\" data-element_type=\"container\" data-e-type=\"container\">\n\t\t\t\t<\/div>\n\t\t\t\t\t<\/div>\n\t\t\t\t<\/div>\n\t\t<div class=\"elementor-element elementor-element-205e408d e-con-full e-flex e-con e-child\" data-id=\"205e408d\" data-element_type=\"container\" data-e-type=\"container\">\n\t\t<div class=\"elementor-element elementor-element-4b126740 e-con-full e-flex e-con e-child\" data-id=\"4b126740\" data-element_type=\"container\" data-e-type=\"container\">\n\t\t\t\t<div class=\"elementor-element elementor-element-2b8b958a elementor-widget elementor-widget-text-editor\" data-id=\"2b8b958a\" data-element_type=\"widget\" data-e-type=\"widget\" data-widget_type=\"text-editor.default\">\n\t\t\t\t<div class=\"elementor-widget-container\">\n\t\t\t\t\t\t\t\t\t<h5>POL\u00cdTICA DE PRIVACIDAD DE DATOS APLICABLE FUERA DE LA UNI\u00d3N EUROPEA, SUIZA Y EL REINO UNIDO<\/h5><p><a href=\"https:\/\/www.opex.com\/wp-content\/uploads\/2025\/10\/Global-Privacy-Policy-Version-1.15-21-Oct-2025-SP.pdf\" target=\"_blank\" rel=\"noopener\">VERSI\u00d3N 1.15; \u00daLTIMA ACTUALIZACI\u00d3N 21 DE OCTUBRE 2025<\/a><\/p><h5>AVISO SOBRE PRIVACIDAD DE DATOS APLICABLE A LA UNI\u00d3N EUROPEA, SUIZA Y EL REINO UNIDO<\/h5><p><a href=\"https:\/\/www.opex.com\/wp-content\/uploads\/2025\/10\/EU-Swiss-UK-Privacy-Notice-Ver.-1.10-SP-eff.-21-Oct-2025.pdf\" target=\"_blank\" rel=\"noopener\">VERSI\u00d3N 1.10; EN VIGOR A PARTIR DEL 21 DE OCTUBRE DE 2025<\/a><\/p>\t\t\t\t\t\t\t\t<\/div>\n\t\t\t\t<\/div>\n\t\t\t\t<\/div>\n\t\t<div class=\"elementor-element elementor-element-286f6af4 e-con-full elementor-hidden-mobile e-flex e-con e-child\" data-id=\"286f6af4\" data-element_type=\"container\" data-e-type=\"container\">\n\t\t\t\t<\/div>\n\t\t\t\t<\/div>\n\t\t\t\t\t<\/div>\n\t\t\t\t<\/div>\n\t\t\t\t<\/div>\n\t\t\t\t<\/div>\n\t\t\t\t<\/div>\n\t\t","protected":false},"excerpt":{"rendered":"<p>Privacidad de Datos POL\u00cdTICA DE PRIVACIDAD DE DATOS APLICABLE FUERA DE LA UNI\u00d3N EUROPEA, SUIZA Y EL REINO UNIDO VERSI\u00d3N 1.15; \u00daLTIMA ACTUALIZACI\u00d3N 21 DE OCTUBRE 2025 AVISO SOBRE PRIVACIDAD DE DATOS APLICABLE A LA UNI\u00d3N EUROPEA, SUIZA Y EL REINO UNIDO VERSI\u00d3N 1.10; EN VIGOR A PARTIR DEL 21 DE OCTUBRE DE 2025<\/p>\n","protected":false},"author":6,"featured_media":0,"parent":9004111222925420,"menu_order":0,"comment_status":"closed","ping_status":"closed","template":"","meta":{"_acf_changed":false,"content-type":"","footnotes":""},"class_list":["post-9004111222909912","page","type-page","status-publish","hentry"],"acf":[],"yoast_head":"<!-- This site is optimized with the Yoast SEO Premium plugin v26.5 (Yoast SEO v27.2) - https:\/\/yoast.com\/product\/yoast-seo-premium-wordpress\/ -->\n<title>Privacidad de Datos - OPEX<\/title>\n<meta name=\"robots\" content=\"index, follow, max-snippet:-1, max-image-preview:large, max-video-preview:-1\" \/>\n<link rel=\"canonical\" href=\"https:\/\/www.opex.com\/es\/legal\/privacidad-de-datos\/\" \/>\n<meta property=\"og:locale\" content=\"es_ES\" \/>\n<meta property=\"og:type\" content=\"article\" \/>\n<meta property=\"og:title\" content=\"Privacidad de Datos\" \/>\n<meta property=\"og:description\" content=\"Privacidad de Datos POL\u00cdTICA DE PRIVACIDAD DE DATOS APLICABLE FUERA DE LA UNI\u00d3N EUROPEA, SUIZA Y EL REINO UNIDO VERSI\u00d3N 1.15; \u00daLTIMA ACTUALIZACI\u00d3N 21 DE OCTUBRE 2025 AVISO SOBRE PRIVACIDAD DE DATOS APLICABLE A LA UNI\u00d3N EUROPEA, SUIZA Y EL REINO UNIDO VERSI\u00d3N 1.10; EN VIGOR A PARTIR DEL 21 DE OCTUBRE DE 2025\" \/>\n<meta property=\"og:url\" content=\"https:\/\/www.opex.com\/es\/legal\/privacidad-de-datos\/\" \/>\n<meta property=\"og:site_name\" content=\"OPEX\" \/>\n<meta property=\"article:publisher\" content=\"https:\/\/www.facebook.com\/OPEXCorp\/\" \/>\n<meta property=\"article:modified_time\" content=\"2025-10-22T16:18:08+00:00\" \/>\n<meta name=\"twitter:card\" content=\"summary_large_image\" \/>\n<meta name=\"twitter:site\" content=\"@OPEXcorporation\" \/>\n<meta name=\"twitter:label1\" content=\"Tiempo de lectura\" \/>\n\t<meta name=\"twitter:data1\" content=\"1 minuto\" \/>\n<script type=\"application\/ld+json\" class=\"yoast-schema-graph\">{\"@context\":\"https:\/\/schema.org\",\"@graph\":[{\"@type\":\"WebPage\",\"@id\":\"https:\/\/www.opex.com\/es\/legal\/privacidad-de-datos\/\",\"url\":\"https:\/\/www.opex.com\/es\/legal\/privacidad-de-datos\/\",\"name\":\"Privacidad de Datos - OPEX\",\"isPartOf\":{\"@id\":\"https:\/\/www.opex.com\/es\/#website\"},\"datePublished\":\"2024-12-27T16:37:07+00:00\",\"dateModified\":\"2025-10-22T16:18:08+00:00\",\"breadcrumb\":{\"@id\":\"https:\/\/www.opex.com\/es\/legal\/privacidad-de-datos\/#breadcrumb\"},\"inLanguage\":\"es\",\"potentialAction\":[{\"@type\":\"ReadAction\",\"target\":[\"https:\/\/www.opex.com\/es\/legal\/privacidad-de-datos\/\"]}]},{\"@type\":\"BreadcrumbList\",\"@id\":\"https:\/\/www.opex.com\/es\/legal\/privacidad-de-datos\/#breadcrumb\",\"itemListElement\":[{\"@type\":\"ListItem\",\"position\":1,\"name\":\"Home\",\"item\":\"https:\/\/www.opex.com\/es\/\"},{\"@type\":\"ListItem\",\"position\":2,\"name\":\"Legal\",\"item\":\"http:\/\/www.opex.com\/es\/legal\/\"},{\"@type\":\"ListItem\",\"position\":3,\"name\":\"Privacidad de Datos\"}]},{\"@type\":\"WebSite\",\"@id\":\"https:\/\/www.opex.com\/es\/#website\",\"url\":\"https:\/\/www.opex.com\/es\/\",\"name\":\"OPEX\",\"description\":\"Next Generation Automation\",\"publisher\":{\"@id\":\"https:\/\/www.opex.com\/es\/#organization\"},\"potentialAction\":[{\"@type\":\"SearchAction\",\"target\":{\"@type\":\"EntryPoint\",\"urlTemplate\":\"https:\/\/www.opex.com\/es\/?s={search_term_string}\"},\"query-input\":{\"@type\":\"PropertyValueSpecification\",\"valueRequired\":true,\"valueName\":\"search_term_string\"}}],\"inLanguage\":\"es\"},{\"@type\":\"Organization\",\"@id\":\"https:\/\/www.opex.com\/es\/#organization\",\"name\":\"OPEX Corporation\",\"alternateName\":\"OPEX Corporation\",\"url\":\"https:\/\/www.opex.com\/es\/\",\"logo\":{\"@type\":\"ImageObject\",\"inLanguage\":\"es\",\"@id\":\"https:\/\/www.opex.com\/es\/#\/schema\/logo\/image\/\",\"url\":\"https:\/\/www.opex.com\/wp-content\/uploads\/2024\/01\/logo-opex-blue.svg\",\"contentUrl\":\"https:\/\/www.opex.com\/wp-content\/uploads\/2024\/01\/logo-opex-blue.svg\",\"caption\":\"OPEX Corporation\"},\"image\":{\"@id\":\"https:\/\/www.opex.com\/es\/#\/schema\/logo\/image\/\"},\"sameAs\":[\"https:\/\/www.facebook.com\/OPEXCorp\/\",\"https:\/\/x.com\/OPEXcorporation\",\"https:\/\/www.linkedin.com\/company\/opex-corporation\/\",\"https:\/\/www.instagram.com\/opexcorporation\/\"],\"email\":\"info@opex.com\",\"telephone\":\"+1-856-727-1100\",\"legalName\":\"OPEX Corporation\",\"numberOfEmployees\":{\"@type\":\"QuantitativeValue\",\"minValue\":\"1001\",\"maxValue\":\"5000\"}}]}<\/script>\n<!-- \/ Yoast SEO Premium plugin. -->","yoast_head_json":{"title":"Privacidad de Datos - OPEX","robots":{"index":"index","follow":"follow","max-snippet":"max-snippet:-1","max-image-preview":"max-image-preview:large","max-video-preview":"max-video-preview:-1"},"canonical":"https:\/\/www.opex.com\/es\/legal\/privacidad-de-datos\/","og_locale":"es_ES","og_type":"article","og_title":"Privacidad de Datos","og_description":"Privacidad de Datos POL\u00cdTICA DE PRIVACIDAD DE DATOS APLICABLE FUERA DE LA UNI\u00d3N EUROPEA, SUIZA Y EL REINO UNIDO VERSI\u00d3N 1.15; \u00daLTIMA ACTUALIZACI\u00d3N 21 DE OCTUBRE 2025 AVISO SOBRE PRIVACIDAD DE DATOS APLICABLE A LA UNI\u00d3N EUROPEA, SUIZA Y EL REINO UNIDO VERSI\u00d3N 1.10; EN VIGOR A PARTIR DEL 21 DE OCTUBRE DE 2025","og_url":"https:\/\/www.opex.com\/es\/legal\/privacidad-de-datos\/","og_site_name":"OPEX","article_publisher":"https:\/\/www.facebook.com\/OPEXCorp\/","article_modified_time":"2025-10-22T16:18:08+00:00","twitter_card":"summary_large_image","twitter_site":"@OPEXcorporation","twitter_misc":{"Tiempo de lectura":"1 minuto"},"schema":{"@context":"https:\/\/schema.org","@graph":[{"@type":"WebPage","@id":"https:\/\/www.opex.com\/es\/legal\/privacidad-de-datos\/","url":"https:\/\/www.opex.com\/es\/legal\/privacidad-de-datos\/","name":"Privacidad de Datos - OPEX","isPartOf":{"@id":"https:\/\/www.opex.com\/es\/#website"},"datePublished":"2024-12-27T16:37:07+00:00","dateModified":"2025-10-22T16:18:08+00:00","breadcrumb":{"@id":"https:\/\/www.opex.com\/es\/legal\/privacidad-de-datos\/#breadcrumb"},"inLanguage":"es","potentialAction":[{"@type":"ReadAction","target":["https:\/\/www.opex.com\/es\/legal\/privacidad-de-datos\/"]}]},{"@type":"BreadcrumbList","@id":"https:\/\/www.opex.com\/es\/legal\/privacidad-de-datos\/#breadcrumb","itemListElement":[{"@type":"ListItem","position":1,"name":"Home","item":"https:\/\/www.opex.com\/es\/"},{"@type":"ListItem","position":2,"name":"Legal","item":"http:\/\/www.opex.com\/es\/legal\/"},{"@type":"ListItem","position":3,"name":"Privacidad de Datos"}]},{"@type":"WebSite","@id":"https:\/\/www.opex.com\/es\/#website","url":"https:\/\/www.opex.com\/es\/","name":"OPEX","description":"Next Generation Automation","publisher":{"@id":"https:\/\/www.opex.com\/es\/#organization"},"potentialAction":[{"@type":"SearchAction","target":{"@type":"EntryPoint","urlTemplate":"https:\/\/www.opex.com\/es\/?s={search_term_string}"},"query-input":{"@type":"PropertyValueSpecification","valueRequired":true,"valueName":"search_term_string"}}],"inLanguage":"es"},{"@type":"Organization","@id":"https:\/\/www.opex.com\/es\/#organization","name":"OPEX Corporation","alternateName":"OPEX Corporation","url":"https:\/\/www.opex.com\/es\/","logo":{"@type":"ImageObject","inLanguage":"es","@id":"https:\/\/www.opex.com\/es\/#\/schema\/logo\/image\/","url":"https:\/\/www.opex.com\/wp-content\/uploads\/2024\/01\/logo-opex-blue.svg","contentUrl":"https:\/\/www.opex.com\/wp-content\/uploads\/2024\/01\/logo-opex-blue.svg","caption":"OPEX Corporation"},"image":{"@id":"https:\/\/www.opex.com\/es\/#\/schema\/logo\/image\/"},"sameAs":["https:\/\/www.facebook.com\/OPEXCorp\/","https:\/\/x.com\/OPEXcorporation","https:\/\/www.linkedin.com\/company\/opex-corporation\/","https:\/\/www.instagram.com\/opexcorporation\/"],"email":"info@opex.com","telephone":"+1-856-727-1100","legalName":"OPEX Corporation","numberOfEmployees":{"@type":"QuantitativeValue","minValue":"1001","maxValue":"5000"}}]}},"publishpress_future_workflow_manual_trigger":{"enabledWorkflows":[]},"_links":{"self":[{"href":"https:\/\/www.opex.com\/es\/wp-json\/wp\/v2\/pages\/9004111222909912","targetHints":{"allow":["GET"]}}],"collection":[{"href":"https:\/\/www.opex.com\/es\/wp-json\/wp\/v2\/pages"}],"about":[{"href":"https:\/\/www.opex.com\/es\/wp-json\/wp\/v2\/types\/page"}],"author":[{"embeddable":true,"href":"https:\/\/www.opex.com\/es\/wp-json\/wp\/v2\/users\/6"}],"replies":[{"embeddable":true,"href":"https:\/\/www.opex.com\/es\/wp-json\/wp\/v2\/comments?post=9004111222909912"}],"version-history":[{"count":19,"href":"https:\/\/www.opex.com\/es\/wp-json\/wp\/v2\/pages\/9004111222909912\/revisions"}],"predecessor-version":[{"id":9004111222937670,"href":"https:\/\/www.opex.com\/es\/wp-json\/wp\/v2\/pages\/9004111222909912\/revisions\/9004111222937670"}],"up":[{"embeddable":true,"href":"https:\/\/www.opex.com\/es\/wp-json\/wp\/v2\/pages\/9004111222925420"}],"wp:attachment":[{"href":"https:\/\/www.opex.com\/es\/wp-json\/wp\/v2\/media?parent=9004111222909912"}],"curies":[{"name":"wp","href":"https:\/\/api.w.org\/{rel}","templated":true}]}}