{"id":9004111222945119,"date":"2024-02-09T19:04:55","date_gmt":"2024-02-10T00:04:55","guid":{"rendered":"https:\/\/www.opex.com\/rechtliches\/lieferanten\/"},"modified":"2026-03-15T21:52:19","modified_gmt":"2026-03-16T01:52:19","slug":"lieferanten","status":"publish","type":"page","link":"https:\/\/www.opex.com\/de\/rechtliches\/lieferanten\/","title":{"rendered":"Lieferanten"},"content":{"rendered":"\t\t<div data-elementor-type=\"wp-page\" data-elementor-id=\"9004111222945119\" class=\"elementor elementor-9004111222945119 elementor-656\" data-elementor-post-type=\"page\">\n\t\t\t\t<div class=\"elementor-element elementor-element-3ce978fa e-con-full e-flex e-con e-parent\" data-id=\"3ce978fa\" data-element_type=\"container\" data-e-type=\"container\" data-settings=\"{&quot;background_background&quot;:&quot;classic&quot;}\">\n\t\t<div class=\"elementor-element elementor-element-4638b418 e-con-full e-flex e-con e-child\" data-id=\"4638b418\" data-element_type=\"container\" data-e-type=\"container\" data-settings=\"{&quot;background_background&quot;:&quot;classic&quot;}\">\n\t\t<div class=\"elementor-element elementor-element-6fdae685 e-flex e-con-boxed e-con e-child\" data-id=\"6fdae685\" data-element_type=\"container\" data-e-type=\"container\">\n\t\t\t\t\t<div class=\"e-con-inner\">\n\t\t<div class=\"elementor-element elementor-element-3000f36e e-flex e-con-boxed e-con e-child\" data-id=\"3000f36e\" data-element_type=\"container\" data-e-type=\"container\">\n\t\t\t\t\t<div class=\"e-con-inner\">\n\t\t<div class=\"elementor-element elementor-element-7d031ff5 e-con-full e-flex e-con e-child\" data-id=\"7d031ff5\" data-element_type=\"container\" data-e-type=\"container\">\n\t\t\t\t<div class=\"elementor-element elementor-element-2d6f7d34 elementor-widget elementor-widget-heading\" data-id=\"2d6f7d34\" data-element_type=\"widget\" data-e-type=\"widget\" data-widget_type=\"heading.default\">\n\t\t\t\t<div class=\"elementor-widget-container\">\n\t\t\t\t\t<h1 class=\"elementor-heading-title elementor-size-default\">Lieferanten<\/h1>\t\t\t\t<\/div>\n\t\t\t\t<\/div>\n\t\t\t\t<\/div>\n\t\t<div class=\"elementor-element elementor-element-3f29a50a e-con-full elementor-hidden-mobile e-flex e-con e-child\" data-id=\"3f29a50a\" data-element_type=\"container\" data-e-type=\"container\">\n\t\t\t\t<\/div>\n\t\t\t\t\t<\/div>\n\t\t\t\t<\/div>\n\t\t<div class=\"elementor-element elementor-element-65c1f760 e-con-full e-flex e-con e-child\" data-id=\"65c1f760\" data-element_type=\"container\" data-e-type=\"container\">\n\t\t<div class=\"elementor-element elementor-element-1ba6e4ee e-con-full e-flex e-con e-child\" data-id=\"1ba6e4ee\" data-element_type=\"container\" data-e-type=\"container\">\n\t\t\t\t<div class=\"elementor-element elementor-element-792f7510 elementor-widget elementor-widget-text-editor\" data-id=\"792f7510\" data-element_type=\"widget\" data-e-type=\"widget\" data-widget_type=\"text-editor.default\">\n\t\t\t\t<div class=\"elementor-widget-container\">\n\t\t\t\t\t\t\t\t\t<p>OPEX<sup>\u00ae<\/sup> Bestellbedingungen f\u00fcr Lieferanten<\/p><p><a href=\"https:\/\/www.opex.com\/wp-content\/uploads\/2026\/03\/opex-purchase-order-terms-for-suppliers-en-us.pdf\" target=\"_blank\" rel=\"attachment noopener wp-att-4508\">Version: 07. M\u00e4rz 2024<\/a><\/p><p>OPEX<sup>\u00ae<\/sup> Verhaltenskodex und Ethikrichtlinien f\u00fcr Lieferanten<\/p><p><a href=\"https:\/\/www.opex.com\/wp-content\/uploads\/2026\/03\/opex-supplier-code-of-conduct-and-ethics-en-us.pdf\" target=\"_blank\" rel=\"attachment noopener wp-att-4513\">Version: 1. Januar 2022<\/a><\/p>\t\t\t\t\t\t\t\t<\/div>\n\t\t\t\t<\/div>\n\t\t\t\t<\/div>\n\t\t<div class=\"elementor-element elementor-element-78589f45 e-con-full elementor-hidden-mobile e-flex e-con e-child\" data-id=\"78589f45\" data-element_type=\"container\" data-e-type=\"container\">\n\t\t\t\t<\/div>\n\t\t\t\t<\/div>\n\t\t\t\t\t<\/div>\n\t\t\t\t<\/div>\n\t\t\t\t<\/div>\n\t\t\t\t<\/div>\n\t\t\t\t<\/div>\n\t\t","protected":false},"excerpt":{"rendered":"<p>Lieferanten OPEX\u00ae Bestellbedingungen f\u00fcr Lieferanten Version: 07. M\u00e4rz 2024 OPEX\u00ae Verhaltenskodex und Ethikrichtlinien f\u00fcr Lieferanten Version: 1. Januar 2022<\/p>\n","protected":false},"author":6,"featured_media":0,"parent":9004111222925416,"menu_order":0,"comment_status":"closed","ping_status":"closed","template":"","meta":{"_acf_changed":false,"content-type":"","footnotes":""},"class_list":["post-9004111222945119","page","type-page","status-publish","hentry"],"acf":[],"yoast_head":"<!-- This site is optimized with the Yoast SEO Premium plugin v26.5 (Yoast SEO v27.3) - https:\/\/yoast.com\/product\/yoast-seo-premium-wordpress\/ -->\n<title>Lesen Sie hier die Allgemeinen Gesch\u00e4ftsbedingungen f\u00fcr Lieferanten - OPEX<\/title>\n<meta name=\"description\" content=\"Zugriff auf die Allgemeinen Gesch\u00e4ftsbedingungen f\u00fcr Lieferanten von OPEX. Bestellbedingungen f\u00fcr Lieferanten. Verhaltenskodex und Ethikrichtlinien f\u00fcr Lieferanten. Jedes Ergebnis ist datiert. Lesen Sie mehr.\" \/>\n<meta name=\"robots\" content=\"index, follow, max-snippet:-1, max-image-preview:large, max-video-preview:-1\" \/>\n<link rel=\"canonical\" href=\"https:\/\/www.opex.com\/de\/rechtliches\/lieferanten\/\" \/>\n<meta property=\"og:locale\" content=\"de_DE\" \/>\n<meta property=\"og:type\" content=\"article\" \/>\n<meta property=\"og:title\" content=\"Lieferanten\" \/>\n<meta property=\"og:description\" content=\"Zugriff auf die Allgemeinen Gesch\u00e4ftsbedingungen f\u00fcr Lieferanten von OPEX. Bestellbedingungen f\u00fcr Lieferanten. Verhaltenskodex und Ethikrichtlinien f\u00fcr Lieferanten. Jedes Ergebnis ist datiert. Lesen Sie mehr.\" \/>\n<meta property=\"og:url\" content=\"https:\/\/www.opex.com\/de\/rechtliches\/lieferanten\/\" \/>\n<meta property=\"og:site_name\" content=\"OPEX\" \/>\n<meta property=\"article:publisher\" content=\"https:\/\/www.facebook.com\/OPEXCorp\/\" \/>\n<meta property=\"article:modified_time\" content=\"2026-03-16T01:52:19+00:00\" \/>\n<meta name=\"twitter:card\" content=\"summary_large_image\" \/>\n<meta name=\"twitter:site\" content=\"@OPEXcorporation\" \/>\n<script type=\"application\/ld+json\" class=\"yoast-schema-graph\">{\"@context\":\"https:\\\/\\\/schema.org\",\"@graph\":[{\"@type\":\"WebPage\",\"@id\":\"https:\\\/\\\/www.opex.com\\\/de\\\/rechtliches\\\/lieferanten\\\/\",\"url\":\"https:\\\/\\\/www.opex.com\\\/de\\\/rechtliches\\\/lieferanten\\\/\",\"name\":\"Lesen Sie hier die Allgemeinen Gesch\u00e4ftsbedingungen f\u00fcr Lieferanten - OPEX\",\"isPartOf\":{\"@id\":\"https:\\\/\\\/www.opex.com\\\/de\\\/#website\"},\"datePublished\":\"2024-02-10T00:04:55+00:00\",\"dateModified\":\"2026-03-16T01:52:19+00:00\",\"description\":\"Zugriff auf die Allgemeinen Gesch\u00e4ftsbedingungen f\u00fcr Lieferanten von OPEX. Bestellbedingungen f\u00fcr Lieferanten. Verhaltenskodex und Ethikrichtlinien f\u00fcr Lieferanten. Jedes Ergebnis ist datiert. Lesen Sie mehr.\",\"breadcrumb\":{\"@id\":\"https:\\\/\\\/www.opex.com\\\/de\\\/rechtliches\\\/lieferanten\\\/#breadcrumb\"},\"inLanguage\":\"de-DE\",\"potentialAction\":[{\"@type\":\"ReadAction\",\"target\":[\"https:\\\/\\\/www.opex.com\\\/de\\\/rechtliches\\\/lieferanten\\\/\"]}]},{\"@type\":\"BreadcrumbList\",\"@id\":\"https:\\\/\\\/www.opex.com\\\/de\\\/rechtliches\\\/lieferanten\\\/#breadcrumb\",\"itemListElement\":[{\"@type\":\"ListItem\",\"position\":1,\"name\":\"Home\",\"item\":\"https:\\\/\\\/www.opex.com\\\/de\\\/\"},{\"@type\":\"ListItem\",\"position\":2,\"name\":\"Rechtliches\",\"item\":\"https:\\\/\\\/www.opex.com\\\/de\\\/rechtliches\\\/\"},{\"@type\":\"ListItem\",\"position\":3,\"name\":\"Lieferanten\"}]},{\"@type\":\"WebSite\",\"@id\":\"https:\\\/\\\/www.opex.com\\\/de\\\/#website\",\"url\":\"https:\\\/\\\/www.opex.com\\\/de\\\/\",\"name\":\"OPEX\",\"description\":\"Next Generation Automation\",\"publisher\":{\"@id\":\"https:\\\/\\\/www.opex.com\\\/de\\\/#organization\"},\"potentialAction\":[{\"@type\":\"SearchAction\",\"target\":{\"@type\":\"EntryPoint\",\"urlTemplate\":\"https:\\\/\\\/www.opex.com\\\/de\\\/?s={search_term_string}\"},\"query-input\":{\"@type\":\"PropertyValueSpecification\",\"valueRequired\":true,\"valueName\":\"search_term_string\"}}],\"inLanguage\":\"de-DE\"},{\"@type\":\"Organization\",\"@id\":\"https:\\\/\\\/www.opex.com\\\/de\\\/#organization\",\"name\":\"OPEX Corporation\",\"alternateName\":\"OPEX Corporation\",\"url\":\"https:\\\/\\\/www.opex.com\\\/de\\\/\",\"logo\":{\"@type\":\"ImageObject\",\"inLanguage\":\"de-DE\",\"@id\":\"https:\\\/\\\/www.opex.com\\\/de\\\/#\\\/schema\\\/logo\\\/image\\\/\",\"url\":\"https:\\\/\\\/www.opex.com\\\/wp-content\\\/uploads\\\/2024\\\/01\\\/logo-opex-blue.svg\",\"contentUrl\":\"https:\\\/\\\/www.opex.com\\\/wp-content\\\/uploads\\\/2024\\\/01\\\/logo-opex-blue.svg\",\"caption\":\"OPEX Corporation\"},\"image\":{\"@id\":\"https:\\\/\\\/www.opex.com\\\/de\\\/#\\\/schema\\\/logo\\\/image\\\/\"},\"sameAs\":[\"https:\\\/\\\/www.facebook.com\\\/OPEXCorp\\\/\",\"https:\\\/\\\/x.com\\\/OPEXcorporation\",\"https:\\\/\\\/www.linkedin.com\\\/company\\\/opex-corporation\\\/\",\"https:\\\/\\\/www.instagram.com\\\/opexcorporation\\\/\"],\"email\":\"info@opex.com\",\"telephone\":\"+1-856-727-1100\",\"legalName\":\"OPEX Corporation\",\"numberOfEmployees\":{\"@type\":\"QuantitativeValue\",\"minValue\":\"1001\",\"maxValue\":\"5000\"}}]}<\/script>\n<!-- \/ Yoast SEO Premium plugin. -->","yoast_head_json":{"title":"Lesen Sie hier die Allgemeinen Gesch\u00e4ftsbedingungen f\u00fcr Lieferanten - OPEX","description":"Zugriff auf die Allgemeinen Gesch\u00e4ftsbedingungen f\u00fcr Lieferanten von OPEX. Bestellbedingungen f\u00fcr Lieferanten. Verhaltenskodex und Ethikrichtlinien f\u00fcr Lieferanten. Jedes Ergebnis ist datiert. Lesen Sie mehr.","robots":{"index":"index","follow":"follow","max-snippet":"max-snippet:-1","max-image-preview":"max-image-preview:large","max-video-preview":"max-video-preview:-1"},"canonical":"https:\/\/www.opex.com\/de\/rechtliches\/lieferanten\/","og_locale":"de_DE","og_type":"article","og_title":"Lieferanten","og_description":"Zugriff auf die Allgemeinen Gesch\u00e4ftsbedingungen f\u00fcr Lieferanten von OPEX. Bestellbedingungen f\u00fcr Lieferanten. Verhaltenskodex und Ethikrichtlinien f\u00fcr Lieferanten. Jedes Ergebnis ist datiert. Lesen Sie mehr.","og_url":"https:\/\/www.opex.com\/de\/rechtliches\/lieferanten\/","og_site_name":"OPEX","article_publisher":"https:\/\/www.facebook.com\/OPEXCorp\/","article_modified_time":"2026-03-16T01:52:19+00:00","twitter_card":"summary_large_image","twitter_site":"@OPEXcorporation","schema":{"@context":"https:\/\/schema.org","@graph":[{"@type":"WebPage","@id":"https:\/\/www.opex.com\/de\/rechtliches\/lieferanten\/","url":"https:\/\/www.opex.com\/de\/rechtliches\/lieferanten\/","name":"Lesen Sie hier die Allgemeinen Gesch\u00e4ftsbedingungen f\u00fcr Lieferanten - OPEX","isPartOf":{"@id":"https:\/\/www.opex.com\/de\/#website"},"datePublished":"2024-02-10T00:04:55+00:00","dateModified":"2026-03-16T01:52:19+00:00","description":"Zugriff auf die Allgemeinen Gesch\u00e4ftsbedingungen f\u00fcr Lieferanten von OPEX. Bestellbedingungen f\u00fcr Lieferanten. Verhaltenskodex und Ethikrichtlinien f\u00fcr Lieferanten. Jedes Ergebnis ist datiert. Lesen Sie mehr.","breadcrumb":{"@id":"https:\/\/www.opex.com\/de\/rechtliches\/lieferanten\/#breadcrumb"},"inLanguage":"de-DE","potentialAction":[{"@type":"ReadAction","target":["https:\/\/www.opex.com\/de\/rechtliches\/lieferanten\/"]}]},{"@type":"BreadcrumbList","@id":"https:\/\/www.opex.com\/de\/rechtliches\/lieferanten\/#breadcrumb","itemListElement":[{"@type":"ListItem","position":1,"name":"Home","item":"https:\/\/www.opex.com\/de\/"},{"@type":"ListItem","position":2,"name":"Rechtliches","item":"https:\/\/www.opex.com\/de\/rechtliches\/"},{"@type":"ListItem","position":3,"name":"Lieferanten"}]},{"@type":"WebSite","@id":"https:\/\/www.opex.com\/de\/#website","url":"https:\/\/www.opex.com\/de\/","name":"OPEX","description":"Next Generation Automation","publisher":{"@id":"https:\/\/www.opex.com\/de\/#organization"},"potentialAction":[{"@type":"SearchAction","target":{"@type":"EntryPoint","urlTemplate":"https:\/\/www.opex.com\/de\/?s={search_term_string}"},"query-input":{"@type":"PropertyValueSpecification","valueRequired":true,"valueName":"search_term_string"}}],"inLanguage":"de-DE"},{"@type":"Organization","@id":"https:\/\/www.opex.com\/de\/#organization","name":"OPEX Corporation","alternateName":"OPEX Corporation","url":"https:\/\/www.opex.com\/de\/","logo":{"@type":"ImageObject","inLanguage":"de-DE","@id":"https:\/\/www.opex.com\/de\/#\/schema\/logo\/image\/","url":"https:\/\/www.opex.com\/wp-content\/uploads\/2024\/01\/logo-opex-blue.svg","contentUrl":"https:\/\/www.opex.com\/wp-content\/uploads\/2024\/01\/logo-opex-blue.svg","caption":"OPEX Corporation"},"image":{"@id":"https:\/\/www.opex.com\/de\/#\/schema\/logo\/image\/"},"sameAs":["https:\/\/www.facebook.com\/OPEXCorp\/","https:\/\/x.com\/OPEXcorporation","https:\/\/www.linkedin.com\/company\/opex-corporation\/","https:\/\/www.instagram.com\/opexcorporation\/"],"email":"info@opex.com","telephone":"+1-856-727-1100","legalName":"OPEX Corporation","numberOfEmployees":{"@type":"QuantitativeValue","minValue":"1001","maxValue":"5000"}}]}},"publishpress_future_workflow_manual_trigger":{"enabledWorkflows":[]},"_links":{"self":[{"href":"https:\/\/www.opex.com\/de\/wp-json\/wp\/v2\/pages\/9004111222945119","targetHints":{"allow":["GET"]}}],"collection":[{"href":"https:\/\/www.opex.com\/de\/wp-json\/wp\/v2\/pages"}],"about":[{"href":"https:\/\/www.opex.com\/de\/wp-json\/wp\/v2\/types\/page"}],"author":[{"embeddable":true,"href":"https:\/\/www.opex.com\/de\/wp-json\/wp\/v2\/users\/6"}],"replies":[{"embeddable":true,"href":"https:\/\/www.opex.com\/de\/wp-json\/wp\/v2\/comments?post=9004111222945119"}],"version-history":[{"count":3,"href":"https:\/\/www.opex.com\/de\/wp-json\/wp\/v2\/pages\/9004111222945119\/revisions"}],"predecessor-version":[{"id":9004111222945255,"href":"https:\/\/www.opex.com\/de\/wp-json\/wp\/v2\/pages\/9004111222945119\/revisions\/9004111222945255"}],"up":[{"embeddable":true,"href":"https:\/\/www.opex.com\/de\/wp-json\/wp\/v2\/pages\/9004111222925416"}],"wp:attachment":[{"href":"https:\/\/www.opex.com\/de\/wp-json\/wp\/v2\/media?parent=9004111222945119"}],"curies":[{"name":"wp","href":"https:\/\/api.w.org\/{rel}","templated":true}]}}