{"id":9004111222925336,"date":"2025-06-19T11:02:09","date_gmt":"2025-06-19T15:02:09","guid":{"rendered":"https:\/\/www.opex.com\/dienstleistung\/"},"modified":"2026-03-30T14:13:50","modified_gmt":"2026-03-30T18:13:50","slug":"dienstleistung","status":"publish","type":"page","link":"https:\/\/www.opex.com\/de\/dienstleistung\/","title":{"rendered":"Dienstleistung"},"content":{"rendered":"\t\t<div data-elementor-type=\"wp-page\" data-elementor-id=\"9004111222925336\" class=\"elementor elementor-9004111222925336 elementor-9004111222924182\" data-elementor-post-type=\"page\">\n\t\t\t\t<div class=\"elementor-element elementor-element-5d2b68a3 e-con-full opex-resources-hero e-flex e-con e-parent\" data-id=\"5d2b68a3\" data-element_type=\"container\" data-e-type=\"container\" data-settings=\"{&quot;background_background&quot;:&quot;classic&quot;}\">\n\t\t<div class=\"elementor-element elementor-element-1ab3a0bc e-con-full e-flex e-con e-child\" data-id=\"1ab3a0bc\" data-element_type=\"container\" data-e-type=\"container\" data-settings=\"{&quot;background_background&quot;:&quot;classic&quot;}\">\n\t\t<div class=\"elementor-element elementor-element-6891906f e-flex e-con-boxed e-con e-child\" data-id=\"6891906f\" data-element_type=\"container\" data-e-type=\"container\">\n\t\t\t\t\t<div class=\"e-con-inner\">\n\t\t<div class=\"elementor-element elementor-element-5c972be3 e-flex e-con-boxed e-con e-child\" data-id=\"5c972be3\" data-element_type=\"container\" data-e-type=\"container\">\n\t\t\t\t\t<div class=\"e-con-inner\">\n\t\t<div class=\"elementor-element elementor-element-95d285a e-con-full e-flex e-con e-child\" data-id=\"95d285a\" data-element_type=\"container\" data-e-type=\"container\">\n\t\t\t\t<div class=\"elementor-element elementor-element-1986405c elementor-widget elementor-widget-heading\" data-id=\"1986405c\" data-element_type=\"widget\" data-e-type=\"widget\" data-widget_type=\"heading.default\">\n\t\t\t\t<div class=\"elementor-widget-container\">\n\t\t\t\t\t<h1 class=\"elementor-heading-title elementor-size-default\">Services<\/h1>\t\t\t\t<\/div>\n\t\t\t\t<\/div>\n\t\t\t\t<div class=\"elementor-element elementor-element-43f610d1 elementor-widget__width-initial elementor-widget elementor-widget-text-editor\" data-id=\"43f610d1\" data-element_type=\"widget\" data-e-type=\"widget\" data-widget_type=\"text-editor.default\">\n\t\t\t\t<div class=\"elementor-widget-container\">\n\t\t\t\t\t\t\t\t\t<p>OPEX\u00ae bietet eine umfassende Palette professioneller Services, um sicherzustellen, dass unsere L\u00f6sungen vom ersten Tag an maximale Leistung erbringen. Von der fachkundigen Beratung und nahtlosen Installation bis hin zu praktischen Schulungen und reaktionsschnellem technischem Support \u2013 unser Team begleitet Sie bei jedem Schritt. <\/p>\t\t\t\t\t\t\t\t<\/div>\n\t\t\t\t<\/div>\n\t\t\t\t<\/div>\n\t\t\t\t\t<\/div>\n\t\t\t\t<\/div>\n\t\t\t\t\t<\/div>\n\t\t\t\t<\/div>\n\t\t\t\t<\/div>\n\t\t<div class=\"elementor-element elementor-element-6470892 e-con-full e-flex e-con e-child\" data-id=\"6470892\" data-element_type=\"container\" data-e-type=\"container\" data-settings=\"{&quot;background_background&quot;:&quot;classic&quot;}\">\n\t\t<div class=\"elementor-element elementor-element-b7448ee e-flex e-con-boxed e-con e-child\" data-id=\"b7448ee\" data-element_type=\"container\" data-e-type=\"container\">\n\t\t\t\t\t<div class=\"e-con-inner\">\n\t\t<div class=\"elementor-element elementor-element-dd9c481 e-con-full e-flex e-con e-child\" data-id=\"dd9c481\" data-element_type=\"container\" data-e-type=\"container\">\n\t\t<aside class=\"elementor-element elementor-element-68b3ccd e-con-full opex-exclude e-flex e-con e-child\" data-id=\"68b3ccd\" data-element_type=\"container\" data-e-type=\"container\" data-settings=\"{&quot;sticky&quot;:&quot;top&quot;,&quot;sticky_on&quot;:[&quot;desktop&quot;,&quot;tablet&quot;],&quot;sticky_offset&quot;:30,&quot;sticky_parent&quot;:&quot;yes&quot;,&quot;sticky_effects_offset&quot;:0,&quot;sticky_anchor_link_offset&quot;:0}\">\n\t\t\t\t<div class=\"elementor-element elementor-element-a9c1b83 elementor-toc--minimized-on-mobile opex-toc elementor-widget elementor-widget-table-of-contents\" data-id=\"a9c1b83\" data-element_type=\"widget\" data-e-type=\"widget\" data-settings=\"{&quot;headings_by_tags&quot;:[&quot;h2&quot;],&quot;exclude_headings_by_selector&quot;:&quot;.opex-post-summary,.opex-excluded&quot;,&quot;marker_view&quot;:&quot;bullets&quot;,&quot;icon&quot;:{&quot;value&quot;:&quot;&quot;,&quot;library&quot;:&quot;&quot;},&quot;minimized_on&quot;:&quot;mobile&quot;,&quot;sticky&quot;:&quot;top&quot;,&quot;sticky_on&quot;:[&quot;mobile&quot;],&quot;sticky_offset_mobile&quot;:24,&quot;no_headings_message&quot;:&quot;No headings were found on this page.&quot;,&quot;minimize_box&quot;:&quot;yes&quot;,&quot;hierarchical_view&quot;:&quot;yes&quot;,&quot;min_height&quot;:{&quot;unit&quot;:&quot;px&quot;,&quot;size&quot;:&quot;&quot;,&quot;sizes&quot;:[]},&quot;min_height_tablet&quot;:{&quot;unit&quot;:&quot;px&quot;,&quot;size&quot;:&quot;&quot;,&quot;sizes&quot;:[]},&quot;min_height_mobile&quot;:{&quot;unit&quot;:&quot;px&quot;,&quot;size&quot;:&quot;&quot;,&quot;sizes&quot;:[]},&quot;sticky_offset&quot;:0,&quot;sticky_effects_offset&quot;:0,&quot;sticky_anchor_link_offset&quot;:0}\" data-widget_type=\"table-of-contents.default\">\n\t\t\t\t<div class=\"elementor-widget-container\">\n\t\t\t\t\t\t\t\t\t<div class=\"elementor-toc__header\">\n\t\t\t\t\t\t<h2 class=\"elementor-toc__header-title\">\n\t\t\t\tInhalte\t\t\t<\/h2>\n\t\t\t\t\t\t\t\t\t\t<div class=\"elementor-toc__toggle-button elementor-toc__toggle-button--expand\" role=\"button\" tabindex=\"0\" aria-controls=\"elementor-toc__a9c1b83\" aria-expanded=\"true\" aria-label=\"Open table of contents\"><i aria-hidden=\"true\" class=\"icon icon-plus\"><\/i><\/div>\n\t\t\t\t<div class=\"elementor-toc__toggle-button elementor-toc__toggle-button--collapse\" role=\"button\" tabindex=\"0\" aria-controls=\"elementor-toc__a9c1b83\" aria-expanded=\"true\" aria-label=\"Close table of contents\"><i aria-hidden=\"true\" class=\"icon icon-minus\"><\/i><\/div>\n\t\t\t\t\t<\/div>\n\t\t\t\t<div id=\"elementor-toc__a9c1b83\" class=\"elementor-toc__body\">\n\t\t\t<div class=\"elementor-toc__spinner-container\">\n\t\t\t\t<svg class=\"elementor-toc__spinner eicon-animation-spin e-font-icon-svg e-eicon-loading\" aria-hidden=\"true\" viewBox=\"0 0 1000 1000\" xmlns=\"http:\/\/www.w3.org\/2000\/svg\"><path d=\"M500 975V858C696 858 858 696 858 500S696 142 500 142 142 304 142 500H25C25 237 238 25 500 25S975 237 975 500 763 975 500 975Z\"><\/path><\/svg>\t\t\t<\/div>\n\t\t<\/div>\n\t\t\t\t\t\t<\/div>\n\t\t\t\t<\/div>\n\t\t\t\t<\/aside>\n\t\t<div class=\"elementor-element elementor-element-1ca1c2c e-con-full opex-post-detail-content e-flex e-con e-child\" data-id=\"1ca1c2c\" data-element_type=\"container\" data-e-type=\"container\">\n\t\t<div class=\"elementor-element elementor-element-d52e58f e-con-full e-flex e-con e-child\" data-id=\"d52e58f\" data-element_type=\"container\" data-e-type=\"container\">\n\t\t\t\t<div class=\"elementor-element elementor-element-8ffbfd3 opex-spacer-mbe-0 elementor-widget elementor-widget-heading\" data-id=\"8ffbfd3\" data-element_type=\"widget\" data-e-type=\"widget\" data-widget_type=\"heading.default\">\n\t\t\t\t<div class=\"elementor-widget-container\">\n\t\t\t\t\t<h2 class=\"elementor-heading-title elementor-size-default\">Beratung<\/h2>\t\t\t\t<\/div>\n\t\t\t\t<\/div>\n\t\t\t\t<div class=\"elementor-element elementor-element-1f6ebe8 elementor-widget elementor-widget-text-editor\" data-id=\"1f6ebe8\" data-element_type=\"widget\" data-e-type=\"widget\" data-widget_type=\"text-editor.default\">\n\t\t\t\t<div class=\"elementor-widget-container\">\n\t\t\t\t\t\t\t\t\t<p>Unsere Beratungsleistungen bieten ein ma\u00dfgeschneidertes Erlebnis, das auf Ihre individuellen Bed\u00fcrfnisse zugeschnitten ist \u2013 von Workflow-Analysen und ROI-Bewertungen bis hin zur Entwicklung von Automatisierungsl\u00f6sungen, alles im Einklang mit Ihren Gesch\u00e4ftszielen. Unsere Experten arbeiten eng mit Ihrem Team zusammen, um eine nahtlose Integration und optimale Leistung zu gew\u00e4hrleisten. <\/p>\t\t\t\t\t\t\t\t<\/div>\n\t\t\t\t<\/div>\n\t\t\t\t<div class=\"elementor-element elementor-element-527ff78 elementor-widget elementor-widget-button\" data-id=\"527ff78\" data-element_type=\"widget\" data-e-type=\"widget\" data-widget_type=\"button.default\">\n\t\t\t\t<div class=\"elementor-widget-container\">\n\t\t\t\t\t\t\t\t\t<div class=\"elementor-button-wrapper\">\n\t\t\t\t\t<a class=\"elementor-button elementor-button-link elementor-size-sm\" href=\"https:\/\/www.opex.com\/de\/dienstleistung\/beratung\/\">\n\t\t\t\t\t\t<span class=\"elementor-button-content-wrapper\">\n\t\t\t\t\t\t\t\t\t<span class=\"elementor-button-text\">Erfahren Sie mehr<\/span>\n\t\t\t\t\t<\/span>\n\t\t\t\t\t<\/a>\n\t\t\t\t<\/div>\n\t\t\t\t\t\t\t\t<\/div>\n\t\t\t\t<\/div>\n\t\t\t\t<\/div>\n\t\t<div class=\"elementor-element elementor-element-5725b61 e-con-full e-flex e-con e-child\" data-id=\"5725b61\" data-element_type=\"container\" data-e-type=\"container\">\n\t\t\t\t<div class=\"elementor-element elementor-element-3a022b0 opex-spacer-mbe-0 elementor-widget elementor-widget-heading\" data-id=\"3a022b0\" data-element_type=\"widget\" data-e-type=\"widget\" data-widget_type=\"heading.default\">\n\t\t\t\t<div class=\"elementor-widget-container\">\n\t\t\t\t\t<h2 class=\"elementor-heading-title elementor-size-default\">Installation<\/h2>\t\t\t\t<\/div>\n\t\t\t\t<\/div>\n\t\t\t\t<div class=\"elementor-element elementor-element-45f4cc5 elementor-widget elementor-widget-text-editor\" data-id=\"45f4cc5\" data-element_type=\"widget\" data-e-type=\"widget\" data-widget_type=\"text-editor.default\">\n\t\t\t\t<div class=\"elementor-widget-container\">\n\t\t\t\t\t\t\t\t\t<p>Die OPEX\u00ae Installationsservices gew\u00e4hrleisten eine nahtlose Integration Ihrer neuen Automatisierungssysteme. Unsere Expertenteams \u00fcbernehmen die gesamte Planung, Einrichtung, Integration und Pr\u00fcfung, die erforderlich ist, um unsere L\u00f6sung optimal an Ihre operativen Ziele anzupassen. Ob Remote-Konfiguration oder Vor-Ort-Einsatz, wir legen Wert auf die Minimierung von Ausfallzeiten und passen unseren Ansatz an Ihre individuellen Workflow-Anforderungen an.  <\/p>\t\t\t\t\t\t\t\t<\/div>\n\t\t\t\t<\/div>\n\t\t\t\t<div class=\"elementor-element elementor-element-ad8e39a elementor-widget elementor-widget-button\" data-id=\"ad8e39a\" data-element_type=\"widget\" data-e-type=\"widget\" data-widget_type=\"button.default\">\n\t\t\t\t<div class=\"elementor-widget-container\">\n\t\t\t\t\t\t\t\t\t<div class=\"elementor-button-wrapper\">\n\t\t\t\t\t<a class=\"elementor-button elementor-button-link elementor-size-sm\" href=\"https:\/\/www.opex.com\/de\/dienstleistung\/installation\/\">\n\t\t\t\t\t\t<span class=\"elementor-button-content-wrapper\">\n\t\t\t\t\t\t\t\t\t<span class=\"elementor-button-text\">Erfahren Sie mehr<\/span>\n\t\t\t\t\t<\/span>\n\t\t\t\t\t<\/a>\n\t\t\t\t<\/div>\n\t\t\t\t\t\t\t\t<\/div>\n\t\t\t\t<\/div>\n\t\t\t\t<\/div>\n\t\t<div class=\"elementor-element elementor-element-25b9640 e-con-full e-flex e-con e-child\" data-id=\"25b9640\" data-element_type=\"container\" data-e-type=\"container\">\n\t\t\t\t<div class=\"elementor-element elementor-element-44439dd opex-spacer-mbe-0 elementor-widget elementor-widget-heading\" data-id=\"44439dd\" data-element_type=\"widget\" data-e-type=\"widget\" data-widget_type=\"heading.default\">\n\t\t\t\t<div class=\"elementor-widget-container\">\n\t\t\t\t\t<h2 class=\"elementor-heading-title elementor-size-default\">Schulung<\/h2>\t\t\t\t<\/div>\n\t\t\t\t<\/div>\n\t\t\t\t<div class=\"elementor-element elementor-element-f8b3953 elementor-widget elementor-widget-text-editor\" data-id=\"f8b3953\" data-element_type=\"widget\" data-e-type=\"widget\" data-widget_type=\"text-editor.default\">\n\t\t\t\t<div class=\"elementor-widget-container\">\n\t\t\t\t\t\t\t\t\t<p>Wir bieten umfassende Schulungsprogramme an, die Ihr Team mit den notwendigen F\u00e4higkeiten ausstatten, um die Vorteile Ihrer Automatisierungssysteme optimal zu nutzen. Durch praktische Schulungen f\u00fcr Bediener und IT-Administratoren stellen wir sicher, dass Ihr Personal mit dem Systembetrieb, der Wartung und den Best Practices vertraut ist. <\/p>\t\t\t\t\t\t\t\t<\/div>\n\t\t\t\t<\/div>\n\t\t\t\t<div class=\"elementor-element elementor-element-b591861 elementor-widget elementor-widget-button\" data-id=\"b591861\" data-element_type=\"widget\" data-e-type=\"widget\" data-widget_type=\"button.default\">\n\t\t\t\t<div class=\"elementor-widget-container\">\n\t\t\t\t\t\t\t\t\t<div class=\"elementor-button-wrapper\">\n\t\t\t\t\t<a class=\"elementor-button elementor-button-link elementor-size-sm\" href=\"https:\/\/www.opex.com\/de\/dienstleistung\/schulung\/\">\n\t\t\t\t\t\t<span class=\"elementor-button-content-wrapper\">\n\t\t\t\t\t\t\t\t\t<span class=\"elementor-button-text\">Erfahren Sie mehr<\/span>\n\t\t\t\t\t<\/span>\n\t\t\t\t\t<\/a>\n\t\t\t\t<\/div>\n\t\t\t\t\t\t\t\t<\/div>\n\t\t\t\t<\/div>\n\t\t\t\t<\/div>\n\t\t<div class=\"elementor-element elementor-element-3865df6 e-con-full e-flex e-con e-child\" data-id=\"3865df6\" data-element_type=\"container\" data-e-type=\"container\">\n\t\t\t\t<div class=\"elementor-element elementor-element-c80b4f9 opex-spacer-mbe-0 elementor-widget elementor-widget-heading\" data-id=\"c80b4f9\" data-element_type=\"widget\" data-e-type=\"widget\" data-widget_type=\"heading.default\">\n\t\t\t\t<div class=\"elementor-widget-container\">\n\t\t\t\t\t<h2 class=\"elementor-heading-title elementor-size-default\">Technischer Support<\/h2>\t\t\t\t<\/div>\n\t\t\t\t<\/div>\n\t\t\t\t<div class=\"elementor-element elementor-element-043531e elementor-widget elementor-widget-text-editor\" data-id=\"043531e\" data-element_type=\"widget\" data-e-type=\"widget\" data-widget_type=\"text-editor.default\">\n\t\t\t\t<div class=\"elementor-widget-container\">\n\t\t\t\t\t\t\t\t\t<p>Sichern Sie die Zuverl\u00e4ssigkeit und Langlebigkeit Ihrer Automatisierungssysteme mit unseren umfassenden technischen Supportleistungen. Mit 24\/7-Unterst\u00fctzung an 365 Tagen im Jahr durch unsere internen, werkgeschulten Techniker bieten wir proaktive Wartung, schnelle Probleml\u00f6sung und All-Inclusive-Servicevertr\u00e4ge, um Ihren Betrieb reibungslos am Laufen zu halten. <\/p>\t\t\t\t\t\t\t\t<\/div>\n\t\t\t\t<\/div>\n\t\t\t\t<div class=\"elementor-element elementor-element-b14400f elementor-widget elementor-widget-button\" data-id=\"b14400f\" data-element_type=\"widget\" data-e-type=\"widget\" data-widget_type=\"button.default\">\n\t\t\t\t<div class=\"elementor-widget-container\">\n\t\t\t\t\t\t\t\t\t<div class=\"elementor-button-wrapper\">\n\t\t\t\t\t<a class=\"elementor-button elementor-button-link elementor-size-sm\" href=\"https:\/\/www.opex.com\/de\/dienstleistung\/technische-unterstutzung\/\">\n\t\t\t\t\t\t<span class=\"elementor-button-content-wrapper\">\n\t\t\t\t\t\t\t\t\t<span class=\"elementor-button-text\">Erfahren Sie mehr<\/span>\n\t\t\t\t\t<\/span>\n\t\t\t\t\t<\/a>\n\t\t\t\t<\/div>\n\t\t\t\t\t\t\t\t<\/div>\n\t\t\t\t<\/div>\n\t\t\t\t<\/div>\n\t\t\t\t<\/div>\n\t\t\t\t<\/div>\n\t\t\t\t\t<\/div>\n\t\t\t\t<\/div>\n\t\t\t\t<\/div>\n\t\t\t\t<\/div>\n\t\t\t\t<\/div>\n\t\t","protected":false},"excerpt":{"rendered":"<p>Services OPEX\u00ae bietet eine umfassende Palette professioneller Services, um sicherzustellen, dass unsere L\u00f6sungen vom ersten Tag an maximale Leistung erbringen. Von der fachkundigen Beratung und nahtlosen Installation bis hin zu praktischen Schulungen und reaktionsschnellem technischem Support \u2013 unser Team begleitet Sie bei jedem Schritt. Inhalte Beratung Unsere Beratungsleistungen bieten ein ma\u00dfgeschneidertes Erlebnis, das auf Ihre [&hellip;]<\/p>\n","protected":false},"author":9004111222907528,"featured_media":0,"parent":0,"menu_order":0,"comment_status":"closed","ping_status":"closed","template":"","meta":{"_acf_changed":false,"content-type":"","footnotes":""},"class_list":["post-9004111222925336","page","type-page","status-publish","hentry"],"acf":[],"yoast_head":"<!-- This site is optimized with the Yoast SEO Premium plugin v26.5 (Yoast SEO v27.4) - https:\/\/yoast.com\/product\/yoast-seo-premium-wordpress\/ -->\n<title>Entdecken Sie unsere Services<\/title>\n<meta name=\"description\" content=\"Maximieren Sie die Leistung Ihrer OPEX\u00ae Automatisierungssysteme durch ma\u00dfgeschneiderte Beratung, 24\/7 technischen Support, nahtlose Installation und Schulung.\" \/>\n<meta name=\"robots\" content=\"index, follow, max-snippet:-1, max-image-preview:large, max-video-preview:-1\" \/>\n<link rel=\"canonical\" href=\"https:\/\/www.opex.com\/de\/dienstleistung\/\" \/>\n<meta property=\"og:locale\" content=\"de_DE\" \/>\n<meta property=\"og:type\" content=\"article\" \/>\n<meta property=\"og:title\" content=\"Dienstleistung\" \/>\n<meta property=\"og:description\" content=\"Maximieren Sie die Leistung Ihrer OPEX\u00ae Automatisierungssysteme durch ma\u00dfgeschneiderte Beratung, 24\/7 technischen Support, nahtlose Installation und Schulung.\" \/>\n<meta property=\"og:url\" content=\"https:\/\/www.opex.com\/de\/dienstleistung\/\" \/>\n<meta property=\"og:site_name\" content=\"OPEX\" \/>\n<meta property=\"article:publisher\" content=\"https:\/\/www.facebook.com\/OPEXCorp\/\" \/>\n<meta property=\"article:modified_time\" content=\"2026-03-30T18:13:50+00:00\" \/>\n<meta name=\"twitter:card\" content=\"summary_large_image\" \/>\n<meta name=\"twitter:site\" content=\"@OPEXcorporation\" \/>\n<meta name=\"twitter:label1\" content=\"Gesch\u00e4tzte Lesezeit\" \/>\n\t<meta name=\"twitter:data1\" content=\"1 Minute\" \/>\n<script type=\"application\/ld+json\" class=\"yoast-schema-graph\">{\"@context\":\"https:\\\/\\\/schema.org\",\"@graph\":[{\"@type\":\"WebPage\",\"@id\":\"https:\\\/\\\/www.opex.com\\\/de\\\/dienstleistung\\\/\",\"url\":\"https:\\\/\\\/www.opex.com\\\/de\\\/dienstleistung\\\/\",\"name\":\"Entdecken Sie unsere Services\",\"isPartOf\":{\"@id\":\"https:\\\/\\\/www.opex.com\\\/de\\\/#website\"},\"datePublished\":\"2025-06-19T15:02:09+00:00\",\"dateModified\":\"2026-03-30T18:13:50+00:00\",\"description\":\"Maximieren Sie die Leistung Ihrer OPEX\u00ae Automatisierungssysteme durch ma\u00dfgeschneiderte Beratung, 24\\\/7 technischen Support, nahtlose Installation und Schulung.\",\"breadcrumb\":{\"@id\":\"https:\\\/\\\/www.opex.com\\\/de\\\/dienstleistung\\\/#breadcrumb\"},\"inLanguage\":\"de-DE\",\"potentialAction\":[{\"@type\":\"ReadAction\",\"target\":[\"https:\\\/\\\/www.opex.com\\\/de\\\/dienstleistung\\\/\"]}]},{\"@type\":\"BreadcrumbList\",\"@id\":\"https:\\\/\\\/www.opex.com\\\/de\\\/dienstleistung\\\/#breadcrumb\",\"itemListElement\":[{\"@type\":\"ListItem\",\"position\":1,\"name\":\"Home\",\"item\":\"https:\\\/\\\/www.opex.com\\\/de\\\/\"},{\"@type\":\"ListItem\",\"position\":2,\"name\":\"Dienstleistung\"}]},{\"@type\":\"WebSite\",\"@id\":\"https:\\\/\\\/www.opex.com\\\/de\\\/#website\",\"url\":\"https:\\\/\\\/www.opex.com\\\/de\\\/\",\"name\":\"OPEX\",\"description\":\"Next Generation Automation\",\"publisher\":{\"@id\":\"https:\\\/\\\/www.opex.com\\\/de\\\/#organization\"},\"potentialAction\":[{\"@type\":\"SearchAction\",\"target\":{\"@type\":\"EntryPoint\",\"urlTemplate\":\"https:\\\/\\\/www.opex.com\\\/de\\\/?s={search_term_string}\"},\"query-input\":{\"@type\":\"PropertyValueSpecification\",\"valueRequired\":true,\"valueName\":\"search_term_string\"}}],\"inLanguage\":\"de-DE\"},{\"@type\":\"Organization\",\"@id\":\"https:\\\/\\\/www.opex.com\\\/de\\\/#organization\",\"name\":\"OPEX Corporation\",\"alternateName\":\"OPEX Corporation\",\"url\":\"https:\\\/\\\/www.opex.com\\\/de\\\/\",\"logo\":{\"@type\":\"ImageObject\",\"inLanguage\":\"de-DE\",\"@id\":\"https:\\\/\\\/www.opex.com\\\/de\\\/#\\\/schema\\\/logo\\\/image\\\/\",\"url\":\"https:\\\/\\\/www.opex.com\\\/wp-content\\\/uploads\\\/2024\\\/01\\\/logo-opex-blue.svg\",\"contentUrl\":\"https:\\\/\\\/www.opex.com\\\/wp-content\\\/uploads\\\/2024\\\/01\\\/logo-opex-blue.svg\",\"caption\":\"OPEX Corporation\"},\"image\":{\"@id\":\"https:\\\/\\\/www.opex.com\\\/de\\\/#\\\/schema\\\/logo\\\/image\\\/\"},\"sameAs\":[\"https:\\\/\\\/www.facebook.com\\\/OPEXCorp\\\/\",\"https:\\\/\\\/x.com\\\/OPEXcorporation\",\"https:\\\/\\\/www.linkedin.com\\\/company\\\/opex-corporation\\\/\",\"https:\\\/\\\/www.instagram.com\\\/opexcorporation\\\/\"],\"email\":\"info@opex.com\",\"telephone\":\"+1-856-727-1100\",\"legalName\":\"OPEX Corporation\",\"numberOfEmployees\":{\"@type\":\"QuantitativeValue\",\"minValue\":\"1001\",\"maxValue\":\"5000\"}}]}<\/script>\n<!-- \/ Yoast SEO Premium plugin. -->","yoast_head_json":{"title":"Entdecken Sie unsere Services","description":"Maximieren Sie die Leistung Ihrer OPEX\u00ae Automatisierungssysteme durch ma\u00dfgeschneiderte Beratung, 24\/7 technischen Support, nahtlose Installation und Schulung.","robots":{"index":"index","follow":"follow","max-snippet":"max-snippet:-1","max-image-preview":"max-image-preview:large","max-video-preview":"max-video-preview:-1"},"canonical":"https:\/\/www.opex.com\/de\/dienstleistung\/","og_locale":"de_DE","og_type":"article","og_title":"Dienstleistung","og_description":"Maximieren Sie die Leistung Ihrer OPEX\u00ae Automatisierungssysteme durch ma\u00dfgeschneiderte Beratung, 24\/7 technischen Support, nahtlose Installation und Schulung.","og_url":"https:\/\/www.opex.com\/de\/dienstleistung\/","og_site_name":"OPEX","article_publisher":"https:\/\/www.facebook.com\/OPEXCorp\/","article_modified_time":"2026-03-30T18:13:50+00:00","twitter_card":"summary_large_image","twitter_site":"@OPEXcorporation","twitter_misc":{"Gesch\u00e4tzte Lesezeit":"1 Minute"},"schema":{"@context":"https:\/\/schema.org","@graph":[{"@type":"WebPage","@id":"https:\/\/www.opex.com\/de\/dienstleistung\/","url":"https:\/\/www.opex.com\/de\/dienstleistung\/","name":"Entdecken Sie unsere Services","isPartOf":{"@id":"https:\/\/www.opex.com\/de\/#website"},"datePublished":"2025-06-19T15:02:09+00:00","dateModified":"2026-03-30T18:13:50+00:00","description":"Maximieren Sie die Leistung Ihrer OPEX\u00ae Automatisierungssysteme durch ma\u00dfgeschneiderte Beratung, 24\/7 technischen Support, nahtlose Installation und Schulung.","breadcrumb":{"@id":"https:\/\/www.opex.com\/de\/dienstleistung\/#breadcrumb"},"inLanguage":"de-DE","potentialAction":[{"@type":"ReadAction","target":["https:\/\/www.opex.com\/de\/dienstleistung\/"]}]},{"@type":"BreadcrumbList","@id":"https:\/\/www.opex.com\/de\/dienstleistung\/#breadcrumb","itemListElement":[{"@type":"ListItem","position":1,"name":"Home","item":"https:\/\/www.opex.com\/de\/"},{"@type":"ListItem","position":2,"name":"Dienstleistung"}]},{"@type":"WebSite","@id":"https:\/\/www.opex.com\/de\/#website","url":"https:\/\/www.opex.com\/de\/","name":"OPEX","description":"Next Generation Automation","publisher":{"@id":"https:\/\/www.opex.com\/de\/#organization"},"potentialAction":[{"@type":"SearchAction","target":{"@type":"EntryPoint","urlTemplate":"https:\/\/www.opex.com\/de\/?s={search_term_string}"},"query-input":{"@type":"PropertyValueSpecification","valueRequired":true,"valueName":"search_term_string"}}],"inLanguage":"de-DE"},{"@type":"Organization","@id":"https:\/\/www.opex.com\/de\/#organization","name":"OPEX Corporation","alternateName":"OPEX Corporation","url":"https:\/\/www.opex.com\/de\/","logo":{"@type":"ImageObject","inLanguage":"de-DE","@id":"https:\/\/www.opex.com\/de\/#\/schema\/logo\/image\/","url":"https:\/\/www.opex.com\/wp-content\/uploads\/2024\/01\/logo-opex-blue.svg","contentUrl":"https:\/\/www.opex.com\/wp-content\/uploads\/2024\/01\/logo-opex-blue.svg","caption":"OPEX Corporation"},"image":{"@id":"https:\/\/www.opex.com\/de\/#\/schema\/logo\/image\/"},"sameAs":["https:\/\/www.facebook.com\/OPEXCorp\/","https:\/\/x.com\/OPEXcorporation","https:\/\/www.linkedin.com\/company\/opex-corporation\/","https:\/\/www.instagram.com\/opexcorporation\/"],"email":"info@opex.com","telephone":"+1-856-727-1100","legalName":"OPEX Corporation","numberOfEmployees":{"@type":"QuantitativeValue","minValue":"1001","maxValue":"5000"}}]}},"publishpress_future_workflow_manual_trigger":{"enabledWorkflows":[]},"_links":{"self":[{"href":"https:\/\/www.opex.com\/de\/wp-json\/wp\/v2\/pages\/9004111222925336","targetHints":{"allow":["GET"]}}],"collection":[{"href":"https:\/\/www.opex.com\/de\/wp-json\/wp\/v2\/pages"}],"about":[{"href":"https:\/\/www.opex.com\/de\/wp-json\/wp\/v2\/types\/page"}],"author":[{"embeddable":true,"href":"https:\/\/www.opex.com\/de\/wp-json\/wp\/v2\/users\/9004111222907528"}],"replies":[{"embeddable":true,"href":"https:\/\/www.opex.com\/de\/wp-json\/wp\/v2\/comments?post=9004111222925336"}],"version-history":[{"count":8,"href":"https:\/\/www.opex.com\/de\/wp-json\/wp\/v2\/pages\/9004111222925336\/revisions"}],"predecessor-version":[{"id":9004111222945953,"href":"https:\/\/www.opex.com\/de\/wp-json\/wp\/v2\/pages\/9004111222925336\/revisions\/9004111222945953"}],"wp:attachment":[{"href":"https:\/\/www.opex.com\/de\/wp-json\/wp\/v2\/media?parent=9004111222925336"}],"curies":[{"name":"wp","href":"https:\/\/api.w.org\/{rel}","templated":true}]}}