{"id":9004111222909907,"date":"2024-12-27T11:37:07","date_gmt":"2024-12-27T16:37:07","guid":{"rendered":"https:\/\/live-opex1.pantheonsite.io\/?page_id=9004111222909907"},"modified":"2026-04-01T10:20:07","modified_gmt":"2026-04-01T14:20:07","slug":"datenschutz","status":"publish","type":"page","link":"https:\/\/www.opex.com\/de\/rechtliches\/datenschutz\/","title":{"rendered":"Datenschutz"},"content":{"rendered":"\t\t<div data-elementor-type=\"wp-page\" data-elementor-id=\"9004111222909907\" class=\"elementor elementor-9004111222909907 elementor-9004111222909845\" data-elementor-post-type=\"page\">\n\t\t\t\t<div class=\"elementor-element elementor-element-6648387a e-con-full e-flex e-con e-parent\" data-id=\"6648387a\" data-element_type=\"container\" data-e-type=\"container\" data-settings=\"{&quot;background_background&quot;:&quot;classic&quot;}\">\n\t\t<div class=\"elementor-element elementor-element-1c24c522 e-con-full e-flex e-con e-child\" data-id=\"1c24c522\" data-element_type=\"container\" data-e-type=\"container\" data-settings=\"{&quot;background_background&quot;:&quot;classic&quot;}\">\n\t\t<div class=\"elementor-element elementor-element-335c4a35 e-flex e-con-boxed e-con e-child\" data-id=\"335c4a35\" data-element_type=\"container\" data-e-type=\"container\">\n\t\t\t\t\t<div class=\"e-con-inner\">\n\t\t<div class=\"elementor-element elementor-element-40a44d3d e-flex e-con-boxed e-con e-child\" data-id=\"40a44d3d\" data-element_type=\"container\" data-e-type=\"container\">\n\t\t\t\t\t<div class=\"e-con-inner\">\n\t\t<div class=\"elementor-element elementor-element-53e7de3b e-con-full e-flex e-con e-child\" data-id=\"53e7de3b\" data-element_type=\"container\" data-e-type=\"container\">\n\t\t\t\t<div class=\"elementor-element elementor-element-6062187d elementor-widget elementor-widget-heading\" data-id=\"6062187d\" data-element_type=\"widget\" data-e-type=\"widget\" data-widget_type=\"heading.default\">\n\t\t\t\t<div class=\"elementor-widget-container\">\n\t\t\t\t\t<h1 class=\"elementor-heading-title elementor-size-default\">Datenschutz<\/h1>\t\t\t\t<\/div>\n\t\t\t\t<\/div>\n\t\t\t\t<\/div>\n\t\t<div class=\"elementor-element elementor-element-2ea74a8e e-con-full elementor-hidden-mobile e-flex e-con e-child\" data-id=\"2ea74a8e\" data-element_type=\"container\" data-e-type=\"container\">\n\t\t\t\t<\/div>\n\t\t\t\t\t<\/div>\n\t\t\t\t<\/div>\n\t\t<div class=\"elementor-element elementor-element-205e408d e-con-full e-flex e-con e-child\" data-id=\"205e408d\" data-element_type=\"container\" data-e-type=\"container\">\n\t\t<div class=\"elementor-element elementor-element-4b126740 e-con-full e-flex e-con e-child\" data-id=\"4b126740\" data-element_type=\"container\" data-e-type=\"container\">\n\t\t\t\t<div class=\"elementor-element elementor-element-2b8b958a elementor-widget elementor-widget-text-editor\" data-id=\"2b8b958a\" data-element_type=\"widget\" data-e-type=\"widget\" data-widget_type=\"text-editor.default\">\n\t\t\t\t<div class=\"elementor-widget-container\">\n\t\t\t\t\t\t\t\t\t<h5>Datenschutzrichtlinie f\u00fcr Daten, die au\u00dferhalb der EU, der Schweiz und des Vereinigten K\u00f6nigreichs verarbeitet werden<\/h5><p><a href=\"https:\/\/www.opex.com\/wp-content\/uploads\/2026\/03\/global-privacy-policy-en-us.pdf\" target=\"_blank\" rel=\"noopener\">VERSION 1.15; ZULETZT AKTUALISIERT AM 21. OKTOBER 2025<\/a><\/p><h5>Datenschutzhinweis f\u00fcr die EU, die Schweiz und das Vereinigte K\u00f6nigreich<\/h5><p><a href=\"https:\/\/www.opex.com\/wp-content\/uploads\/2026\/03\/eu-swiss-uk-datenschutzerklarung-de.pdf\" target=\"_blank\" rel=\"noopener\">VERSION 1.10; ZULETZT AKTUALISIERT AM 21. OKTOBER 2025<\/a><\/p><h5>Datenschutzhinweis f\u00fcr Personalwesen \u2013 Kalifornien<\/h5><p><a href=\"https:\/\/www.opex.com\/wp-content\/uploads\/2026\/03\/opex-california-hr-privacy-notice-en-us.pdf\" target=\"_blank\" rel=\"noopener\">VERSION 2.0; ZULETZT AKTUALISIERT AM 17. OKTOBER 2025<\/a><\/p>\t\t\t\t\t\t\t\t<\/div>\n\t\t\t\t<\/div>\n\t\t\t\t<\/div>\n\t\t<div class=\"elementor-element elementor-element-286f6af4 e-con-full elementor-hidden-mobile e-flex e-con e-child\" data-id=\"286f6af4\" data-element_type=\"container\" data-e-type=\"container\">\n\t\t\t\t<\/div>\n\t\t\t\t<\/div>\n\t\t\t\t\t<\/div>\n\t\t\t\t<\/div>\n\t\t\t\t<\/div>\n\t\t\t\t<\/div>\n\t\t\t\t<\/div>\n\t\t","protected":false},"excerpt":{"rendered":"<p>Datenschutz Datenschutzrichtlinie f\u00fcr Daten, die au\u00dferhalb der EU, der Schweiz und des Vereinigten K\u00f6nigreichs verarbeitet werden VERSION 1.15; ZULETZT AKTUALISIERT AM 21. OKTOBER 2025 Datenschutzhinweis f\u00fcr die EU, die Schweiz und das Vereinigte K\u00f6nigreich VERSION 1.10; ZULETZT AKTUALISIERT AM 21. OKTOBER 2025 Datenschutzhinweis f\u00fcr Personalwesen \u2013 Kalifornien VERSION 2.0; ZULETZT AKTUALISIERT AM 17. OKTOBER 2025<\/p>\n","protected":false},"author":6,"featured_media":0,"parent":9004111222925416,"menu_order":0,"comment_status":"closed","ping_status":"closed","template":"","meta":{"_acf_changed":false,"content-type":"","footnotes":""},"class_list":["post-9004111222909907","page","type-page","status-publish","hentry"],"acf":[],"yoast_head":"<!-- This site is optimized with the Yoast SEO Premium plugin v26.5 (Yoast SEO v27.3) - https:\/\/yoast.com\/product\/yoast-seo-premium-wordpress\/ -->\n<title>Datenschutzerkl\u00e4rung f\u00fcr EU, Schweiz, UK - OPEX<\/title>\n<meta name=\"description\" content=\"Diese Ressource beschreibt die Datenschutzrichtlinien der OPEX Corporation, die f\u00fcr Standorte in der EU, der Schweiz und Gro\u00dfbritannien gelten. Lesen Sie mehr.\" \/>\n<meta name=\"robots\" content=\"index, follow, max-snippet:-1, max-image-preview:large, max-video-preview:-1\" \/>\n<link rel=\"canonical\" href=\"https:\/\/www.opex.com\/de\/rechtliches\/datenschutz\/\" \/>\n<meta property=\"og:locale\" content=\"de_DE\" \/>\n<meta property=\"og:type\" content=\"article\" \/>\n<meta property=\"og:title\" content=\"Datenschutz\" \/>\n<meta property=\"og:description\" content=\"Diese Ressource beschreibt die Datenschutzrichtlinien der OPEX Corporation, die f\u00fcr Standorte in der EU, der Schweiz und Gro\u00dfbritannien gelten. Lesen Sie mehr.\" \/>\n<meta property=\"og:url\" content=\"https:\/\/www.opex.com\/de\/rechtliches\/datenschutz\/\" \/>\n<meta property=\"og:site_name\" content=\"OPEX\" \/>\n<meta property=\"article:publisher\" content=\"https:\/\/www.facebook.com\/OPEXCorp\/\" \/>\n<meta property=\"article:modified_time\" content=\"2026-04-01T14:20:07+00:00\" \/>\n<meta name=\"twitter:card\" content=\"summary_large_image\" \/>\n<meta name=\"twitter:site\" content=\"@OPEXcorporation\" \/>\n<meta name=\"twitter:label1\" content=\"Gesch\u00e4tzte Lesezeit\" \/>\n\t<meta name=\"twitter:data1\" content=\"1 Minute\" \/>\n<script type=\"application\/ld+json\" class=\"yoast-schema-graph\">{\"@context\":\"https:\\\/\\\/schema.org\",\"@graph\":[{\"@type\":\"WebPage\",\"@id\":\"https:\\\/\\\/www.opex.com\\\/de\\\/rechtliches\\\/datenschutz\\\/\",\"url\":\"https:\\\/\\\/www.opex.com\\\/de\\\/rechtliches\\\/datenschutz\\\/\",\"name\":\"Datenschutzerkl\u00e4rung f\u00fcr EU, Schweiz, UK - OPEX\",\"isPartOf\":{\"@id\":\"https:\\\/\\\/www.opex.com\\\/de\\\/#website\"},\"datePublished\":\"2024-12-27T16:37:07+00:00\",\"dateModified\":\"2026-04-01T14:20:07+00:00\",\"description\":\"Diese Ressource beschreibt die Datenschutzrichtlinien der OPEX Corporation, die f\u00fcr Standorte in der EU, der Schweiz und Gro\u00dfbritannien gelten. Lesen Sie mehr.\",\"breadcrumb\":{\"@id\":\"https:\\\/\\\/www.opex.com\\\/de\\\/rechtliches\\\/datenschutz\\\/#breadcrumb\"},\"inLanguage\":\"de-DE\",\"potentialAction\":[{\"@type\":\"ReadAction\",\"target\":[\"https:\\\/\\\/www.opex.com\\\/de\\\/rechtliches\\\/datenschutz\\\/\"]}]},{\"@type\":\"BreadcrumbList\",\"@id\":\"https:\\\/\\\/www.opex.com\\\/de\\\/rechtliches\\\/datenschutz\\\/#breadcrumb\",\"itemListElement\":[{\"@type\":\"ListItem\",\"position\":1,\"name\":\"Home\",\"item\":\"https:\\\/\\\/www.opex.com\\\/de\\\/\"},{\"@type\":\"ListItem\",\"position\":2,\"name\":\"Rechtliches\",\"item\":\"https:\\\/\\\/www.opex.com\\\/de\\\/rechtliches\\\/\"},{\"@type\":\"ListItem\",\"position\":3,\"name\":\"Datenschutz\"}]},{\"@type\":\"WebSite\",\"@id\":\"https:\\\/\\\/www.opex.com\\\/de\\\/#website\",\"url\":\"https:\\\/\\\/www.opex.com\\\/de\\\/\",\"name\":\"OPEX\",\"description\":\"Next Generation Automation\",\"publisher\":{\"@id\":\"https:\\\/\\\/www.opex.com\\\/de\\\/#organization\"},\"potentialAction\":[{\"@type\":\"SearchAction\",\"target\":{\"@type\":\"EntryPoint\",\"urlTemplate\":\"https:\\\/\\\/www.opex.com\\\/de\\\/?s={search_term_string}\"},\"query-input\":{\"@type\":\"PropertyValueSpecification\",\"valueRequired\":true,\"valueName\":\"search_term_string\"}}],\"inLanguage\":\"de-DE\"},{\"@type\":\"Organization\",\"@id\":\"https:\\\/\\\/www.opex.com\\\/de\\\/#organization\",\"name\":\"OPEX Corporation\",\"alternateName\":\"OPEX Corporation\",\"url\":\"https:\\\/\\\/www.opex.com\\\/de\\\/\",\"logo\":{\"@type\":\"ImageObject\",\"inLanguage\":\"de-DE\",\"@id\":\"https:\\\/\\\/www.opex.com\\\/de\\\/#\\\/schema\\\/logo\\\/image\\\/\",\"url\":\"https:\\\/\\\/www.opex.com\\\/wp-content\\\/uploads\\\/2024\\\/01\\\/logo-opex-blue.svg\",\"contentUrl\":\"https:\\\/\\\/www.opex.com\\\/wp-content\\\/uploads\\\/2024\\\/01\\\/logo-opex-blue.svg\",\"caption\":\"OPEX Corporation\"},\"image\":{\"@id\":\"https:\\\/\\\/www.opex.com\\\/de\\\/#\\\/schema\\\/logo\\\/image\\\/\"},\"sameAs\":[\"https:\\\/\\\/www.facebook.com\\\/OPEXCorp\\\/\",\"https:\\\/\\\/x.com\\\/OPEXcorporation\",\"https:\\\/\\\/www.linkedin.com\\\/company\\\/opex-corporation\\\/\",\"https:\\\/\\\/www.instagram.com\\\/opexcorporation\\\/\"],\"email\":\"info@opex.com\",\"telephone\":\"+1-856-727-1100\",\"legalName\":\"OPEX Corporation\",\"numberOfEmployees\":{\"@type\":\"QuantitativeValue\",\"minValue\":\"1001\",\"maxValue\":\"5000\"}}]}<\/script>\n<!-- \/ Yoast SEO Premium plugin. -->","yoast_head_json":{"title":"Datenschutzerkl\u00e4rung f\u00fcr EU, Schweiz, UK - OPEX","description":"Diese Ressource beschreibt die Datenschutzrichtlinien der OPEX Corporation, die f\u00fcr Standorte in der EU, der Schweiz und Gro\u00dfbritannien gelten. Lesen Sie mehr.","robots":{"index":"index","follow":"follow","max-snippet":"max-snippet:-1","max-image-preview":"max-image-preview:large","max-video-preview":"max-video-preview:-1"},"canonical":"https:\/\/www.opex.com\/de\/rechtliches\/datenschutz\/","og_locale":"de_DE","og_type":"article","og_title":"Datenschutz","og_description":"Diese Ressource beschreibt die Datenschutzrichtlinien der OPEX Corporation, die f\u00fcr Standorte in der EU, der Schweiz und Gro\u00dfbritannien gelten. Lesen Sie mehr.","og_url":"https:\/\/www.opex.com\/de\/rechtliches\/datenschutz\/","og_site_name":"OPEX","article_publisher":"https:\/\/www.facebook.com\/OPEXCorp\/","article_modified_time":"2026-04-01T14:20:07+00:00","twitter_card":"summary_large_image","twitter_site":"@OPEXcorporation","twitter_misc":{"Gesch\u00e4tzte Lesezeit":"1 Minute"},"schema":{"@context":"https:\/\/schema.org","@graph":[{"@type":"WebPage","@id":"https:\/\/www.opex.com\/de\/rechtliches\/datenschutz\/","url":"https:\/\/www.opex.com\/de\/rechtliches\/datenschutz\/","name":"Datenschutzerkl\u00e4rung f\u00fcr EU, Schweiz, UK - OPEX","isPartOf":{"@id":"https:\/\/www.opex.com\/de\/#website"},"datePublished":"2024-12-27T16:37:07+00:00","dateModified":"2026-04-01T14:20:07+00:00","description":"Diese Ressource beschreibt die Datenschutzrichtlinien der OPEX Corporation, die f\u00fcr Standorte in der EU, der Schweiz und Gro\u00dfbritannien gelten. Lesen Sie mehr.","breadcrumb":{"@id":"https:\/\/www.opex.com\/de\/rechtliches\/datenschutz\/#breadcrumb"},"inLanguage":"de-DE","potentialAction":[{"@type":"ReadAction","target":["https:\/\/www.opex.com\/de\/rechtliches\/datenschutz\/"]}]},{"@type":"BreadcrumbList","@id":"https:\/\/www.opex.com\/de\/rechtliches\/datenschutz\/#breadcrumb","itemListElement":[{"@type":"ListItem","position":1,"name":"Home","item":"https:\/\/www.opex.com\/de\/"},{"@type":"ListItem","position":2,"name":"Rechtliches","item":"https:\/\/www.opex.com\/de\/rechtliches\/"},{"@type":"ListItem","position":3,"name":"Datenschutz"}]},{"@type":"WebSite","@id":"https:\/\/www.opex.com\/de\/#website","url":"https:\/\/www.opex.com\/de\/","name":"OPEX","description":"Next Generation Automation","publisher":{"@id":"https:\/\/www.opex.com\/de\/#organization"},"potentialAction":[{"@type":"SearchAction","target":{"@type":"EntryPoint","urlTemplate":"https:\/\/www.opex.com\/de\/?s={search_term_string}"},"query-input":{"@type":"PropertyValueSpecification","valueRequired":true,"valueName":"search_term_string"}}],"inLanguage":"de-DE"},{"@type":"Organization","@id":"https:\/\/www.opex.com\/de\/#organization","name":"OPEX Corporation","alternateName":"OPEX Corporation","url":"https:\/\/www.opex.com\/de\/","logo":{"@type":"ImageObject","inLanguage":"de-DE","@id":"https:\/\/www.opex.com\/de\/#\/schema\/logo\/image\/","url":"https:\/\/www.opex.com\/wp-content\/uploads\/2024\/01\/logo-opex-blue.svg","contentUrl":"https:\/\/www.opex.com\/wp-content\/uploads\/2024\/01\/logo-opex-blue.svg","caption":"OPEX Corporation"},"image":{"@id":"https:\/\/www.opex.com\/de\/#\/schema\/logo\/image\/"},"sameAs":["https:\/\/www.facebook.com\/OPEXCorp\/","https:\/\/x.com\/OPEXcorporation","https:\/\/www.linkedin.com\/company\/opex-corporation\/","https:\/\/www.instagram.com\/opexcorporation\/"],"email":"info@opex.com","telephone":"+1-856-727-1100","legalName":"OPEX Corporation","numberOfEmployees":{"@type":"QuantitativeValue","minValue":"1001","maxValue":"5000"}}]}},"publishpress_future_workflow_manual_trigger":{"enabledWorkflows":[]},"_links":{"self":[{"href":"https:\/\/www.opex.com\/de\/wp-json\/wp\/v2\/pages\/9004111222909907","targetHints":{"allow":["GET"]}}],"collection":[{"href":"https:\/\/www.opex.com\/de\/wp-json\/wp\/v2\/pages"}],"about":[{"href":"https:\/\/www.opex.com\/de\/wp-json\/wp\/v2\/types\/page"}],"author":[{"embeddable":true,"href":"https:\/\/www.opex.com\/de\/wp-json\/wp\/v2\/users\/6"}],"replies":[{"embeddable":true,"href":"https:\/\/www.opex.com\/de\/wp-json\/wp\/v2\/comments?post=9004111222909907"}],"version-history":[{"count":16,"href":"https:\/\/www.opex.com\/de\/wp-json\/wp\/v2\/pages\/9004111222909907\/revisions"}],"predecessor-version":[{"id":9004111222946118,"href":"https:\/\/www.opex.com\/de\/wp-json\/wp\/v2\/pages\/9004111222909907\/revisions\/9004111222946118"}],"up":[{"embeddable":true,"href":"https:\/\/www.opex.com\/de\/wp-json\/wp\/v2\/pages\/9004111222925416"}],"wp:attachment":[{"href":"https:\/\/www.opex.com\/de\/wp-json\/wp\/v2\/media?parent=9004111222909907"}],"curies":[{"name":"wp","href":"https:\/\/api.w.org\/{rel}","templated":true}]}}